{"id":998,"date":"2022-02-03T08:58:44","date_gmt":"2022-02-03T07:58:44","guid":{"rendered":"http:\/\/masgemerrv.sk\/?page_id=998"},"modified":"2025-07-04T09:08:50","modified_gmt":"2025-07-04T07:08:50","slug":"projekty-uzivatelov","status":"publish","type":"page","link":"https:\/\/masgemerrv.sk\/index.php\/projekty-uzivatelov\/","title":{"rendered":"Projekty u\u017e\u00edvate\u013eov"},"content":{"rendered":"\n<h2 class=\"wp-block-heading\"><a href=\"https:\/\/masgemerrv.sk\/index.php\/projekty-uzivatelov-2\/\" data-type=\"page\" data-id=\"2034\">Programov\u00e9 obdobie 2014 &#8211; 2022<\/a><\/h2>\n\n\n\n<figure class=\"wp-block-image size-large\"><img fetchpriority=\"high\" decoding=\"async\" width=\"724\" height=\"1024\" src=\"https:\/\/masgemerrv.sk\/wp-content\/uploads\/2025\/06\/mas-letak-web1-2-724x1024.jpg\" alt=\"\" class=\"wp-image-1934\" srcset=\"https:\/\/masgemerrv.sk\/wp-content\/uploads\/2025\/06\/mas-letak-web1-2-724x1024.jpg 724w, https:\/\/masgemerrv.sk\/wp-content\/uploads\/2025\/06\/mas-letak-web1-2-212x300.jpg 212w, https:\/\/masgemerrv.sk\/wp-content\/uploads\/2025\/06\/mas-letak-web1-2-768x1086.jpg 768w, https:\/\/masgemerrv.sk\/wp-content\/uploads\/2025\/06\/mas-letak-web1-2-1086x1536.jpg 1086w, https:\/\/masgemerrv.sk\/wp-content\/uploads\/2025\/06\/mas-letak-web1-2.jpg 1240w\" sizes=\"(max-width: 724px) 100vw, 724px\" \/><\/figure>\n\n\n\n<figure class=\"wp-block-image size-large\"><img decoding=\"async\" width=\"724\" height=\"1024\" src=\"https:\/\/masgemerrv.sk\/wp-content\/uploads\/2025\/06\/mas-letak-web2-2-724x1024.jpg\" alt=\"\" class=\"wp-image-1935\" srcset=\"https:\/\/masgemerrv.sk\/wp-content\/uploads\/2025\/06\/mas-letak-web2-2-724x1024.jpg 724w, https:\/\/masgemerrv.sk\/wp-content\/uploads\/2025\/06\/mas-letak-web2-2-212x300.jpg 212w, https:\/\/masgemerrv.sk\/wp-content\/uploads\/2025\/06\/mas-letak-web2-2-768x1086.jpg 768w, https:\/\/masgemerrv.sk\/wp-content\/uploads\/2025\/06\/mas-letak-web2-2-1086x1536.jpg 1086w, https:\/\/masgemerrv.sk\/wp-content\/uploads\/2025\/06\/mas-letak-web2-2.jpg 1240w\" sizes=\"(max-width: 724px) 100vw, 724px\" \/><\/figure>\n\n\n\n<p><\/p>\n","protected":false},"excerpt":{"rendered":"<p>Programov\u00e9 obdobie 2014 &#8211; 2022<\/p>\n","protected":false},"author":1,"featured_media":0,"parent":0,"menu_order":0,"comment_status":"closed","ping_status":"closed","template":"","meta":{"_eb_attr":"","footnotes":""},"class_list":["post-998","page","type-page","status-publish","hentry"],"_links":{"self":[{"href":"https:\/\/masgemerrv.sk\/index.php\/wp-json\/wp\/v2\/pages\/998","targetHints":{"allow":["GET"]}}],"collection":[{"href":"https:\/\/masgemerrv.sk\/index.php\/wp-json\/wp\/v2\/pages"}],"about":[{"href":"https:\/\/masgemerrv.sk\/index.php\/wp-json\/wp\/v2\/types\/page"}],"author":[{"embeddable":true,"href":"https:\/\/masgemerrv.sk\/index.php\/wp-json\/wp\/v2\/users\/1"}],"replies":[{"embeddable":true,"href":"https:\/\/masgemerrv.sk\/index.php\/wp-json\/wp\/v2\/comments?post=998"}],"version-history":[{"count":4,"href":"https:\/\/masgemerrv.sk\/index.php\/wp-json\/wp\/v2\/pages\/998\/revisions"}],"predecessor-version":[{"id":2037,"href":"https:\/\/masgemerrv.sk\/index.php\/wp-json\/wp\/v2\/pages\/998\/revisions\/2037"}],"wp:attachment":[{"href":"https:\/\/masgemerrv.sk\/index.php\/wp-json\/wp\/v2\/media?parent=998"}],"curies":[{"name":"wp","href":"https:\/\/api.w.org\/{rel}","templated":true}]}}