{"id":983,"date":"2021-12-31T11:09:31","date_gmt":"2021-12-31T10:09:31","guid":{"rendered":"http:\/\/masgemerrv.sk\/?page_id=983"},"modified":"2023-07-27T15:24:07","modified_gmt":"2023-07-27T13:24:07","slug":"vyberove-konanie-zamestnanci-mas","status":"publish","type":"page","link":"https:\/\/masgemerrv.sk\/index.php\/vyberove-konanie-zamestnanci-mas\/","title":{"rendered":"V\u00fdberov\u00e9 konanie &#8211; zamestnanci MAS"},"content":{"rendered":"\n<p><a href=\"http:\/\/masgemerrv.sk\/index.php\/vyberove-konanie-administrativny-pracovnik-mas-od-jan-2022\/\">V\u00fdberov\u00e9 konanie &#8211; Admin. pracovn\u00edk od jan. 2022<\/a> &#8211; ukon\u010den\u00e9 <\/p>\n\n\n\n<p><a href=\"http:\/\/masgemerrv.sk\/index.php\/vyberove-konanie-administrativny-pracovnik-mas-od-jan-2023\/\">V\u00fdberov\u00e9 konanie &#8211; Admin. pracovn\u00edk od jan. 2023<\/a> &#8211; <span class=\"has-inline-color has-black-color\">ukon\u010den\u00e9<\/span><\/p>\n\n\n\n<p><a href=\"http:\/\/masgemerrv.sk\/index.php\/vyberove-konanie-odborny-administrativny-asistent-mas-od-aprila-2023\/\" data-type=\"URL\" data-id=\"http:\/\/masgemerrv.sk\/index.php\/vyberove-konanie-odborny-administrativny-asistent-mas-od-aprila-2023\/\">V\u00fdberov\u00e9 konanie &#8211; Odborn\u00fd administrat\u00edvny asistent od apr\u00edla 2023<\/a> &#8211; ukon\u010den\u00e9<\/p>\n","protected":false},"excerpt":{"rendered":"<p>V\u00fdberov\u00e9 konanie &#8211; Admin. pracovn\u00edk od jan. 2022 &#8211; ukon\u010den\u00e9 V\u00fdberov\u00e9 konanie &#8211; Admin. pracovn\u00edk od jan. 2023 &#8211; ukon\u010den\u00e9 V\u00fdberov\u00e9 konanie &#8211; Odborn\u00fd administrat\u00edvny asistent od apr\u00edla 2023 &#8211; ukon\u010den\u00e9<\/p>\n","protected":false},"author":1,"featured_media":0,"parent":0,"menu_order":0,"comment_status":"closed","ping_status":"closed","template":"","meta":{"_eb_attr":"","footnotes":""},"class_list":["post-983","page","type-page","status-publish","hentry"],"_links":{"self":[{"href":"https:\/\/masgemerrv.sk\/index.php\/wp-json\/wp\/v2\/pages\/983","targetHints":{"allow":["GET"]}}],"collection":[{"href":"https:\/\/masgemerrv.sk\/index.php\/wp-json\/wp\/v2\/pages"}],"about":[{"href":"https:\/\/masgemerrv.sk\/index.php\/wp-json\/wp\/v2\/types\/page"}],"author":[{"embeddable":true,"href":"https:\/\/masgemerrv.sk\/index.php\/wp-json\/wp\/v2\/users\/1"}],"replies":[{"embeddable":true,"href":"https:\/\/masgemerrv.sk\/index.php\/wp-json\/wp\/v2\/comments?post=983"}],"version-history":[{"count":7,"href":"https:\/\/masgemerrv.sk\/index.php\/wp-json\/wp\/v2\/pages\/983\/revisions"}],"predecessor-version":[{"id":1351,"href":"https:\/\/masgemerrv.sk\/index.php\/wp-json\/wp\/v2\/pages\/983\/revisions\/1351"}],"wp:attachment":[{"href":"https:\/\/masgemerrv.sk\/index.php\/wp-json\/wp\/v2\/media?parent=983"}],"curies":[{"name":"wp","href":"https:\/\/api.w.org\/{rel}","templated":true}]}}