{"id":882,"date":"2021-04-06T12:35:47","date_gmt":"2021-04-06T10:35:47","guid":{"rendered":"http:\/\/masgemerrv.sk\/?page_id=882"},"modified":"2021-04-06T12:35:47","modified_gmt":"2021-04-06T10:35:47","slug":"podopatrenie-6-4-podpora-na-investicie-do-vytvarania-a-rozvoja-nepolnohospodarskych-cinnosti-mimo-bratislavsky-kraj-prilohy","status":"publish","type":"page","link":"https:\/\/masgemerrv.sk\/index.php\/podopatrenie-6-4-podpora-na-investicie-do-vytvarania-a-rozvoja-nepolnohospodarskych-cinnosti-mimo-bratislavsky-kraj-prilohy\/","title":{"rendered":"Podopatrenie 6.4 \u2013 \u2013 Podpora na invest\u00edcie do vytv\u00e1rania a rozvoja nepo\u013enohospod\u00e1rskych \u010dinnost\u00ed (mimo Bratislavsk\u00fd kraj). &#8211; pr\u00edlohy"},"content":{"rendered":"<p><a href=\"http:\/\/masgemerrv.sk\/wp-content\/uploads\/2021\/04\/V\u00fdzva-MAS-CLLD-MAS_0696.42_31.3.2021.pdf\">V\u00fdzva MAS &#8211; CLLD &#8211; MAS_0696.42_31.3.2021<\/a><\/p>\n<p><a href=\"http:\/\/masgemerrv.sk\/wp-content\/uploads\/2021\/04\/priloha_c_2b-projekt-realizcie_verzia-1.3.docx\">priloha_c_2b-projekt-realizcie_verzia-1.3<\/a><\/p>\n<p><a href=\"http:\/\/masgemerrv.sk\/wp-content\/uploads\/2021\/04\/priloha_c_4b_-vzor-ziadosti-o-nfp-verzia-1.3.pdf\">priloha_c_4b_-vzor-ziadosti-o-nfp-verzia-1.3<\/a><\/p>\n<p><a href=\"http:\/\/masgemerrv.sk\/wp-content\/uploads\/2021\/04\/priloha_c_5b-oznamenie-o-spatvzati-zonfp-verzia-1.3.doc\">priloha_c_5b-oznamenie-o-spatvzati-zonfp-verzia-1.3<\/a><\/p>\n<p><a href=\"http:\/\/masgemerrv.sk\/wp-content\/uploads\/2021\/04\/Priloha_c_6B-Podmienky-poskyt.-pr\u00edspevku-v\u00fdber.-a-hodnotiace-krit\u00e9ria_VERZIA-1.3_BSZ.docx\">Priloha_c_6B Podmienky poskyt. pr\u00edspevku v\u00fdber. a hodnotiace krit\u00e9ria_VERZIA 1.3_BSZ<\/a><\/p>\n<p><a href=\"http:\/\/masgemerrv.sk\/wp-content\/uploads\/2021\/04\/priloha_c_8a_stavebny_rozpocet-verzia-1.3.xlsx\">priloha_c_8a_stavebny_rozpocet-verzia-1.3<\/a><\/p>\n<p><a href=\"http:\/\/masgemerrv.sk\/wp-content\/uploads\/2021\/04\/priloha_c_11b-vyhlasenie-ziadatela-o-minimalnu-pomoc-verzia-1.3.docx\">priloha_c_11b-vyhlasenie-ziadatela-o-minimalnu-pomoc-verzia-1.3<\/a><\/p>\n<p><a href=\"http:\/\/masgemerrv.sk\/wp-content\/uploads\/2021\/04\/priloha_c_13a-cestne-vyhlasenie-k-vo-verzia-1.3.docx\">priloha_c_13a-cestne-vyhlasenie-k-vo-verzia-1.3<\/a><\/p>\n<p><a href=\"http:\/\/masgemerrv.sk\/wp-content\/uploads\/2021\/04\/priloha_c_13b_kez-jednoduche-uctovnictvo-verzia-1.3.xlsx\">priloha_c_13b_kez-jednoduche-uctovnictvo-verzia-1.3<\/a><\/p>\n<p><a href=\"http:\/\/masgemerrv.sk\/wp-content\/uploads\/2021\/04\/priloha_c_13b_kez-mikrouctovne-jednotky-verzia-1.3.xlsx\">priloha_c_13b_kez-mikrouctovne-jednotky-verzia-1.3<\/a><\/p>\n<p><a href=\"http:\/\/masgemerrv.sk\/wp-content\/uploads\/2021\/04\/priloha_c_13b_kez-podvojne-uctovnictvo-verzia-1.3.xlsx\">priloha_c_13b_kez-podvojne-uctovnictvo-verzia-1.3<\/a><\/p>\n<p><a href=\"http:\/\/masgemerrv.sk\/wp-content\/uploads\/2021\/04\/priloha_c_14b_DM-4-2018-19.2-v-zneni-dodatku-\u010d.1-1_od_17.12.2020.pdf\">priloha_c_14b_DM-4-2018 (19.2) v zneni dodatku \u010d.1-1_od_17.12.2020<\/a><\/p>\n<p><a href=\"http:\/\/masgemerrv.sk\/wp-content\/uploads\/2021\/04\/priloha_c_15a_dokumentacia_vo_ziadatel_verzia-verzia-1.3.docx\">priloha_c_15a_dokumentacia_vo_ziadatel_verzia-verzia-1.3<\/a><\/p>\n<p><a href=\"http:\/\/masgemerrv.sk\/wp-content\/uploads\/2021\/04\/priloha_c_16a-metodicky-pokyn-k-socialnenu-vo-verzia-1.3.docx\">priloha_c_16a-metodicky-pokyn-k-socialnenu-vo-verzia-1.3<\/a><\/p>\n<p><a href=\"http:\/\/masgemerrv.sk\/wp-content\/uploads\/2021\/04\/priloha_c_16b-vyhlasenie-o-velkosti-podniku-msp-verzia-1.3.docx\">priloha_c_16b-vyhlasenie-o-velkosti-podniku-msp-verzia-1.3<\/a><\/p>\n<p><a href=\"http:\/\/masgemerrv.sk\/wp-content\/uploads\/2021\/04\/priloha_c_17b_informacia-pre-ziadatelov-verzia-1.3.docx\">priloha_c_17b_informacia-pre-ziadatelov-verzia-1.3<\/a><\/p>\n<p><a href=\"http:\/\/masgemerrv.sk\/wp-content\/uploads\/2021\/04\/priloha_c_18b_-prirucka_msp-verzia-1.3.pdf\">priloha_c_18b_-prirucka_msp-verzia-1.3<\/a><\/p>\n<p><a href=\"http:\/\/masgemerrv.sk\/wp-content\/uploads\/2021\/04\/priloha_c_19b_metodicke-usmernenie-koordinatora-statnej-pomoci-verzia-1.3.pdf\">priloha_c_19b_metodicke-usmernenie-koordinatora-statnej-pomoci-verzia-1.3<\/a><\/p>\n<p><a href=\"http:\/\/masgemerrv.sk\/wp-content\/uploads\/2021\/04\/priloha_c_21b-cestne-vyhlasenie-ziadatela-ku-konfliktu-zaujmu-zonfp-verzia-1.3.docx\">priloha_c_21b-cestne-vyhlasenie-ziadatela-ku-konfliktu-zaujmu-zonfp-verzia-1.3<\/a><\/p>\n<p><a href=\"http:\/\/masgemerrv.sk\/wp-content\/uploads\/2021\/04\/priloha_c_22b_formulr-iadosti-o-vpis-z-registra-trestov-verzia-1.3.docx\">priloha_c_22b_formulr-iadosti-o-vpis-z-registra-trestov-verzia-1.3<\/a><\/p>\n<p><a href=\"http:\/\/masgemerrv.sk\/wp-content\/uploads\/2021\/04\/priloha_c_23_Vyberove_a_hodnotiace_bodovacie_kriteria_pre_vyber_projektov_6.4.docx\">priloha_c_23_Vyberove_a_hodnotiace_(bodovacie)_kriteria_pre_vyber_projektov_6.4<\/a><\/p>\n<p><a href=\"http:\/\/masgemerrv.sk\/wp-content\/uploads\/2021\/04\/Priloha_c_24B_Koordin\u00e1cia-synergick\u00fdch-\u00fa\u010dinkov-a-komplementar\u00edt-medzi-E\u0160IF-verzia-1.3_BSZ.pdf\">Priloha_c_24B_Koordin\u00e1cia synergick\u00fdch \u00fa\u010dinkov a komplementar\u00edt medzi E\u0160IF, verzia 1.3_BSZ<\/a><\/p>\n<p><a href=\"http:\/\/masgemerrv.sk\/wp-content\/uploads\/2021\/04\/priloha_c_27a_usmernenie-ppa-10_2017_aktualizacia-1.pdf\">priloha_c_27a_usmernenie-ppa&#8211;10_2017_aktualizacia&#8211;1<\/a><\/p>\n<p><a href=\"http:\/\/masgemerrv.sk\/wp-content\/uploads\/2021\/04\/prirucka_pre_prijimatela_nfp_leader_verzia-1-3_bsz.pdf\">prirucka_pre_prijimatela_nfp_leader_verzia-1-3_bsz<\/a><\/p>\n<p><a href=\"http:\/\/masgemerrv.sk\/wp-content\/uploads\/2021\/04\/usmernenie-ppa-pre-mas_covid-19.docx\">usmernenie-ppa-pre-mas_covid-19<\/a><\/p>\n","protected":false},"excerpt":{"rendered":"<p>V\u00fdzva MAS &#8211; CLLD &#8211; MAS_0696.42_31.3.2021 priloha_c_2b-projekt-realizcie_verzia-1.3 priloha_c_4b_-vzor-ziadosti-o-nfp-verzia-1.3 priloha_c_5b-oznamenie-o-spatvzati-zonfp-verzia-1.3 Priloha_c_6B Podmienky poskyt. pr\u00edspevku v\u00fdber. a hodnotiace krit\u00e9ria_VERZIA 1.3_BSZ priloha_c_8a_stavebny_rozpocet-verzia-1.3 priloha_c_11b-vyhlasenie-ziadatela-o-minimalnu-pomoc-verzia-1.3 priloha_c_13a-cestne-vyhlasenie-k-vo-verzia-1.3 priloha_c_13b_kez-jednoduche-uctovnictvo-verzia-1.3 priloha_c_13b_kez-mikrouctovne-jednotky-verzia-1.3 priloha_c_13b_kez-podvojne-uctovnictvo-verzia-1.3 priloha_c_14b_DM-4-2018 (19.2) v zneni dodatku \u010d.1-1_od_17.12.2020 priloha_c_15a_dokumentacia_vo_ziadatel_verzia-verzia-1.3 priloha_c_16a-metodicky-pokyn-k-socialnenu-vo-verzia-1.3 priloha_c_16b-vyhlasenie-o-velkosti-podniku-msp-verzia-1.3 priloha_c_17b_informacia-pre-ziadatelov-verzia-1.3 priloha_c_18b_-prirucka_msp-verzia-1.3 priloha_c_19b_metodicke-usmernenie-koordinatora-statnej-pomoci-verzia-1.3 priloha_c_21b-cestne-vyhlasenie-ziadatela-ku-konfliktu-zaujmu-zonfp-verzia-1.3 priloha_c_22b_formulr-iadosti-o-vpis-z-registra-trestov-verzia-1.3 priloha_c_23_Vyberove_a_hodnotiace_(bodovacie)_kriteria_pre_vyber_projektov_6.4 Priloha_c_24B_Koordin\u00e1cia synergick\u00fdch \u00fa\u010dinkov a komplementar\u00edt medzi E\u0160IF, verzia 1.3_BSZ priloha_c_27a_usmernenie-ppa&#8211;10_2017_aktualizacia&#8211;1 prirucka_pre_prijimatela_nfp_leader_verzia-1-3_bsz usmernenie-ppa-pre-mas_covid-19<\/p>\n","protected":false},"author":1,"featured_media":0,"parent":0,"menu_order":0,"comment_status":"closed","ping_status":"closed","template":"","meta":{"_eb_attr":"","footnotes":""},"class_list":["post-882","page","type-page","status-publish","hentry"],"_links":{"self":[{"href":"https:\/\/masgemerrv.sk\/index.php\/wp-json\/wp\/v2\/pages\/882","targetHints":{"allow":["GET"]}}],"collection":[{"href":"https:\/\/masgemerrv.sk\/index.php\/wp-json\/wp\/v2\/pages"}],"about":[{"href":"https:\/\/masgemerrv.sk\/index.php\/wp-json\/wp\/v2\/types\/page"}],"author":[{"embeddable":true,"href":"https:\/\/masgemerrv.sk\/index.php\/wp-json\/wp\/v2\/users\/1"}],"replies":[{"embeddable":true,"href":"https:\/\/masgemerrv.sk\/index.php\/wp-json\/wp\/v2\/comments?post=882"}],"version-history":[{"count":1,"href":"https:\/\/masgemerrv.sk\/index.php\/wp-json\/wp\/v2\/pages\/882\/revisions"}],"predecessor-version":[{"id":908,"href":"https:\/\/masgemerrv.sk\/index.php\/wp-json\/wp\/v2\/pages\/882\/revisions\/908"}],"wp:attachment":[{"href":"https:\/\/masgemerrv.sk\/index.php\/wp-json\/wp\/v2\/media?parent=882"}],"curies":[{"name":"wp","href":"https:\/\/api.w.org\/{rel}","templated":true}]}}