{"id":69,"date":"2018-09-18T09:00:17","date_gmt":"2018-09-18T07:00:17","guid":{"rendered":"http:\/\/masgemerrv.sk\/?page_id=69"},"modified":"2019-03-15T09:18:56","modified_gmt":"2019-03-15T08:18:56","slug":"opatrenia","status":"publish","type":"page","link":"https:\/\/masgemerrv.sk\/index.php\/opatrenia\/","title":{"rendered":"Opatrenia"},"content":{"rendered":"<p>Implement\u00e1cia strat\u00e9gie CLLD<\/p>\n<p>&nbsp;<\/p>\n<table>\n<tbody>\n<tr>\n<td width=\"151\">Podopatrenie<\/p>\n<p><strong>PRV 4.2<\/strong><\/td>\n<td width=\"453\">Podpora pre invest\u00edcie na spracovanie \/ uv\u00e1dzanie na trh a \/ alebo v\u00fdvoj po\u013enohospod\u00e1rskych v\u00fdrobkov<\/td>\n<\/tr>\n<tr>\n<td width=\"151\"><strong><em>Rozsah opr\u00e1vnen\u00fdch \u010dinnost\u00ed:<\/em><\/strong><\/td>\n<td width=\"453\">&#8211;\u00a0 Invest\u00edcie na spracovanie potravin\u00e1rskych zdrojov \u00fazemia na produkty s\u00a0vytvoren\u00edm minim\u00e1lne 1 region\u00e1lneho odbytov\u00e9ho\u00a0 miesta v\u00a0\u00fazem\u00ed MAS.<\/p>\n<p>&#8211;\u00a0 Invest\u00edcie na vybudovanie a\u00a0zariadenie vlastn\u00fdch podnikov\u00fdch predajn\u00ed.<\/p>\n<p>&#8211;\u00a0 Invest\u00edcie do zlep\u0161enia pracovn\u00e9ho prostredia pre zamestnancov.<\/td>\n<\/tr>\n<tr>\n<td width=\"151\"><strong><em>Opr\u00e1vnen\u00e9 v\u00fddavky:<\/em><\/strong><\/td>\n<td width=\"453\">&#8211;\u00a0 invest\u00edcie do dlhodob\u00e9ho hmotn\u00e9ho majetku vr\u00e1tane l\u00edzingu a invest\u00edci\u00ed na zlep\u0161enie kvalitat\u00edvnych vlastnost\u00ed nehnute\u013en\u00e9ho dlhodob\u00e9ho hmotn\u00e9ho majetku spojen\u00e9 s opisom \u010dinnost\u00ed;<\/p>\n<p>&#8211;\u00a0 invest\u00edcie do dlhodob\u00e9ho nehmotn\u00e9ho majetku (nadobudnutie alebo v\u00fdvoj po\u010d\u00edta\u010dov\u00e9ho softv\u00e9ru a nadobudnutie patentov\u00fdch pr\u00e1v, licenci\u00ed, autorsk\u00fdch pr\u00e1v a ochrann\u00fdch zn\u00e1mok v spojitosti so spracovan\u00edm po\u013enohospod\u00e1rskych produktov);<\/p>\n<p>&#8211;\u00a0 s\u00favisiace v\u0161eobecn\u00e9 n\u00e1klady definovan\u00e9 v kapitole 8.1.3 (v zmysle \u010d. 45 nariadenia 1305\/2013.).<\/p>\n<p>&#8211;\u00a0 ak vznikli a\u00a0boli zaplaten\u00e9 v\u00a0\u010dase od podania \u017doNFP, na z\u00e1klade v\u00fdzvy na predkladanie \u017doNFP, s\u00a0v\u00fdnimkou v\u0161eobecn\u00fdch n\u00e1kladov.<\/td>\n<\/tr>\n<tr>\n<td width=\"151\"><strong><em>Opr\u00e1vnen\u00ed prij\u00edmatelia:<\/em><\/strong><\/td>\n<td width=\"453\">&#8211;\u00a0\u00a0\u00a0\u00a0\u00a0 FO a PO\u00a0 podnikaj\u00face v oblasti spracovania produktov po\u013enohospod\u00e1rskej prvov\u00fdroby a\/alebo potravin\u00e1rskej v\u00fdroby (s v\u00fdnimkou ryb\u00edch produktov).<\/p>\n<p>&#8211;\u00a0\u00a0\u00a0\u00a0\u00a0 FO a PO podnikaj\u00face v oblasti po\u013enohospod\u00e1rskej prvov\u00fdroby, ako aj spracovatelia vlastnej produkcie. V tomto pr\u00edpade prij\u00edmate\u013e podpory bude m\u00f4c\u0165 pred\u00e1va\u0165 v\u00fdhradne v\u00fdrobky, na ktor\u00e9 sa vz\u0165ahuje pr\u00edloha I\u00a0ZFE\u00da.<\/td>\n<\/tr>\n<tr>\n<td width=\"151\"><strong><em>Intenzita pomoci:<\/em><\/strong><\/td>\n<td width=\"453\">Max. 90 % v\u00a0s\u00falade s\u00a0PRV (bli\u017e\u0161ie uveden\u00e9 vo v\u00fdzve)<\/td>\n<\/tr>\n<tr>\n<td width=\"151\"><strong><em>V\u00fd\u0161ka pr\u00edspevku:<\/em><\/strong><\/td>\n<td width=\"453\">min. 10.000, max. 100.000 EUR<\/td>\n<\/tr>\n<tr>\n<td width=\"151\"><strong><em>Pl\u00e1novan\u00e1 v\u00fdzva:<\/em><\/strong><\/td>\n<td width=\"453\">2019<\/td>\n<\/tr>\n<tr>\n<td width=\"151\">&nbsp;<\/p>\n<p>Podopatrenie<\/p>\n<p><strong>PRV 6.4<\/strong><\/td>\n<td width=\"453\">&nbsp;<\/p>\n<p>Podpora na invest\u00edcie do vytv\u00e1rania a\u00a0rozvoja nepo\u013enohospod\u00e1rskych \u010dinnost\u00ed<\/td>\n<\/tr>\n<tr>\n<td width=\"151\"><strong><em>Rozsah opr\u00e1vnen\u00fdch \u010dinnost\u00ed:<\/em><\/strong><\/td>\n<td width=\"453\">&#8211;\u00a0 \u010cinnosti spojen\u00e9 s\u00a0vidieckym cestovn\u00fdm ruchom a\u00a0agroturistikou.<\/p>\n<p>&#8211;\u00a0 \u010cinnosti spojen\u00e9 s\u00a0poskytovan\u00edm slu\u017eieb pre cie\u013eov\u00fa skupinu: deti, seniorov a\u00a0ob\u010danov so zn\u00ed\u017eenou schopnos\u0165ou pohybu.<\/p>\n<p>&#8211;\u00a0 \u010cinnosti spojen\u00e9 so spracovan\u00edm a\u00a0uv\u00e1dzan\u00edm na trh produktov region\u00e1lneho charakteru, ktor\u00fdch v\u00fdstup spracovania nespad\u00e1 do pr\u00edlohy I\u00a0ZFE\u00da.<\/td>\n<\/tr>\n<tr>\n<td width=\"151\"><strong><em>Opr\u00e1vnen\u00e9 v\u00fddavky:<\/em><\/strong><\/td>\n<td width=\"453\">V\u00fddavky na hmotn\u00e9 a\u00a0nehmotn\u00e9 akt\u00edva na po\u010diato\u010dn\u00fa invest\u00edciu, zameran\u00fa na zalo\u017eenie nov\u00e9ho podniku alebo roz\u0161\u00edrenie kapacity existuj\u00faceho podniku alebo diverzifik\u00e1ciu \u010dinnosti podniku na produkty alebo slu\u017eby, ktor\u00e9 predt\u00fdm neboli predmetom \u010dinnosti:<\/p>\n<p>&#8211;\u00a0 v\u00fddavky na v\u00fdstavbu, obstaranie (vr\u00e1tane leasingu) alebo roz\u0161\u00edrenie kapacity nehnute\u013en\u00e9ho majetku vr\u00e1tane pr\u00edpravy staveniska, ter\u00e9nnych \u00faprav a\u00a0\u00fapravy okolia a\u00a0vr\u00e1tane vn\u00fatorn\u00e9ho vybavenia,<\/p>\n<p>&#8211;\u00a0 obstaranie nehnute\u013en\u00e9ho majetku najviac za sumu nepresahuj\u00facu 30 % celkov\u00fdch opr\u00e1vnen\u00fdch v\u00fddavkov na pr\u00edslu\u0161n\u00fa oper\u00e1ciu zisten\u00fa znaleck\u00fdm posudkom,<\/p>\n<p>&#8211;\u00a0 obstaranie nov\u00fdch strojov a\u00a0zariaden\u00ed vr\u00e1tane l\u00edzingu do v\u00fd\u0161ky ich trhovej hodnoty,<\/p>\n<p>&#8211;\u00a0 nehmotn\u00e9 invest\u00edcie \u2013 len obstaranie alebo v\u00fdvoj po\u010d\u00edta\u010dov\u00e9ho softv\u00e9ru,<\/p>\n<p>&#8211;\u00a0 v\u00fddavky s\u00favisiace s\u00a0\u00fapravou okolia vr\u00e1tane zelenej infra\u0161trukt\u00fary do v\u00fd\u0161ky 5 % z\u00a0opr\u00e1vnen\u00fdch v\u00fddavkov projektu,<\/p>\n<p>&#8211;\u00a0 v\u00fddavky s\u00favisiace s\u00a0poskytovan\u00edm stravovac\u00edch a\u00a0re\u0161taura\u010dn\u00fdch slu\u017eieb,<\/p>\n<p>&#8211;\u00a0 ak vznikli a\u00a0boli zaplaten\u00e9 v\u00a0\u010dase od podania \u017doNFP, na z\u00e1klade v\u00fdzvy na predkladanie \u017doNFP, s\u00a0v\u00fdnimkou v\u0161eobecn\u00fdch n\u00e1kladov.<\/td>\n<\/tr>\n<tr>\n<td width=\"151\"><strong><em>Opr\u00e1vnen\u00ed prij\u00edmatelia:<\/em><\/strong><\/td>\n<td width=\"453\">&#8211;\u00a0\u00a0\u00a0\u00a0\u00a0\u00a0\u00a0 FO a PO podnikaj\u00face v oblasti po\u013enohospod\u00e1rskej prvov\u00fdroby.<\/p>\n<p>&#8211;\u00a0\u00a0\u00a0\u00a0\u00a0\u00a0\u00a0 Mikropodniky a mal\u00e9 podniky vo vidieckych oblastiach\u00a0 obhospodaruj\u00face lesy vo vlastn\u00edctve: s\u00fakromn\u00fdch vlastn\u00edkov a ich zdru\u017een\u00ed; obc\u00ed a ich zdru\u017een\u00ed; Cirkvi.<\/p>\n<p>&#8211;\u00a0\u00a0\u00a0\u00a0\u00a0\u00a0\u00a0 Mikropodniky a mal\u00e9 podniky vo vidieckych oblastiach podnikaj\u00face v oblasti hospod\u00e1rskeho chovu r\u00fdb (akvakult\u00fary).<\/p>\n<p>&#8211;\u00a0\u00a0\u00a0\u00a0\u00a0\u00a0\u00a0 Mikropodniky a\u00a0mal\u00e9 podniky v\u00a0zmysle odpor\u00fa\u010dania komisie 2003\/361\/ES vo vidieckych oblastiach.<\/td>\n<\/tr>\n<tr>\n<td width=\"151\"><strong><em>Intenzita pomoci:<\/em><\/strong><\/td>\n<td width=\"453\">Max. 70 % v\u00a0s\u00falade s\u00a0PRV<\/td>\n<\/tr>\n<tr>\n<td width=\"151\"><strong><em>V\u00fd\u0161ka pr\u00edspevku:<\/em><\/strong><\/td>\n<td width=\"453\">min. 10.000, max. 100.000 EUR<\/td>\n<\/tr>\n<tr>\n<td width=\"151\"><strong><em>Pl\u00e1novan\u00e1 v\u00fdzva:<\/em><\/strong><\/td>\n<td width=\"453\">2019<\/td>\n<\/tr>\n<tr>\n<td width=\"151\">&nbsp;<\/p>\n<p>Podopatrenie<\/p>\n<p><strong>PRV 7.5<\/strong><\/td>\n<td width=\"453\">&nbsp;<\/p>\n<p>Podpora na invest\u00edcie do rekrea\u010dnej infra\u0161trukt\u00fary, turistick\u00fdch inform\u00e1ci\u00ed a\u00a0do turistickej infra\u0161trukt\u00fary mal\u00fdch rozmerov na verejn\u00e9 vyu\u017eitie<\/td>\n<\/tr>\n<tr>\n<td width=\"151\"><strong><em>Rozsah opr\u00e1vnen\u00fdch \u010dinnost\u00ed:<\/em><\/strong><\/td>\n<td width=\"453\">&#8211; Invest\u00edcie, ktor\u00e9 s\u00favisia s vytvoren\u00edm, udr\u017eiavan\u00edm, obnovou a skvalit\u0148ovan\u00edm turisticky zauj\u00edmav\u00fdch objektov, bodov a miest vr\u00e1tane pr\u00edslu\u0161nej infra\u0161trukt\u00fary \u2013 miestne kult\u00farne, historick\u00e9, pr\u00edrodn\u00e9 a in\u00e9 objekty a zauj\u00edmavosti, zriadenie m\u00fazejn\u00fdch a galerijn\u00fdch zariaden\u00ed a pod.,<\/p>\n<p>&#8211; Invest\u00edcie do rekrea\u010dnej infra\u0161trukt\u00fary, turistick\u00fdch inform\u00e1ci\u00ed a informa\u010dn\u00fdch tab\u00fa\u013e v turistick\u00fdch lokalit\u00e1ch na verejn\u00e9 vyu\u017eitie, budovanie drobn\u00fdch obslu\u017en\u00fdch zariaden\u00ed pre turistov, informa\u010dn\u00e9 body, smerov\u00e9 tabule, kiosky a pod.,<\/p>\n<p>&#8211; Budovanie, rekon\u0161trukcia n\u00e1u\u010dn\u00fdch chodn\u00edkov, cykloturistick\u00fdch chodn\u00edkov, ich napojenie na n\u00e1u\u010dn\u00e9 chodn\u00edky, budovanie doplnkovej infra\u0161trukt\u00fary (odpo\u010dinkov\u00e9 miesta, pr\u00edstre\u0161ky), v\u00fdstavba vyhliadkov\u00fdch ve\u017e\u00ed.<\/td>\n<\/tr>\n<tr>\n<td width=\"151\"><strong><em>Opr\u00e1vnen\u00e9 v\u00fddavky:<\/em><\/strong><\/td>\n<td width=\"453\">&#8211; v\u00fddavky na hmotn\u00e9 a\u00a0nehmotn\u00e9 invest\u00edcie v\u00a0s\u00falade s\u00a0podporovan\u00fdmi aktivitami v r\u00e1mci tohto opatrenia, vr\u00e1tane v\u00fddavkov na za\u010dlenenie prvkov zelenej infra\u0161trukt\u00fary \u2013 n\u00e1klady na n\u00e1sledn\u00e9 \u201eozelenenie\u201c objektov a\u00a0ich za\u010dlenenie do zelenej infra\u0161trukt\u00fary obce,<\/p>\n<p>&#8211; ak vznikli a\u00a0boli zaplaten\u00e9 v\u00a0\u010dase od podania \u017doNFP, na z\u00e1klade v\u00fdzvy na predkladanie \u017doNFP, s\u00a0v\u00fdnimkou v\u0161eobecn\u00fdch n\u00e1kladov.<\/td>\n<\/tr>\n<tr>\n<td width=\"151\"><strong><em>Opr\u00e1vnen\u00ed prij\u00edmatelia:<\/em><\/strong><\/td>\n<td width=\"453\">&#8211;\u00a0\u00a0\u00a0\u00a0\u00a0 Obce vo vidieckych oblastiach s po\u010dtom obyvate\u013eov do 1 000 (vr\u00e1tane)<\/p>\n<p>&#8211;\u00a0\u00a0\u00a0\u00a0\u00a0 Zdru\u017eenia obc\u00ed s pr\u00e1vnou subjektivitou (s priemern\u00fdm po\u010dtom obyvate\u013eov do 1 000 (vr\u00e1tane))<\/td>\n<\/tr>\n<tr>\n<td width=\"151\"><strong><em>Intenzita pomoci:<\/em><\/strong><\/td>\n<td width=\"453\">Max. 100 % v\u00a0s\u00falade s\u00a0PRV<\/td>\n<\/tr>\n<tr>\n<td width=\"151\"><strong><em>V\u00fd\u0161ka pr\u00edspevku:<\/em><\/strong><\/td>\n<td width=\"453\">min. 10.000, max. 100.000 EUR<\/td>\n<\/tr>\n<tr>\n<td width=\"151\"><strong><em>Pl\u00e1novan\u00e1 v\u00fdzva:<\/em><\/strong><\/td>\n<td width=\"453\">2019<\/td>\n<\/tr>\n<tr>\n<td width=\"151\">&nbsp;<\/p>\n<p>Podopatrenie<\/p>\n<p><strong>PRV 8.5<\/strong><\/td>\n<td width=\"453\">&nbsp;<\/p>\n<p>Podpora na invest\u00edcie do zlep\u0161enia odolnosti a\u00a0environment\u00e1lnej hodnoty lesn\u00fdch ekosyst\u00e9mov (\u010dinnos\u0165 2)<\/td>\n<\/tr>\n<tr>\n<td width=\"151\"><strong><em>Rozsah opr\u00e1vnen\u00fdch \u010dinnost\u00ed:<\/em><\/strong><\/td>\n<td width=\"453\">&#8211;\u00a0 Budovanie a\u00a0obnova ob\u010dianskej a\u00a0pozn\u00e1vacej infra\u0161trukt\u00fary v\u00a0lesn\u00fdch ekosyst\u00e9moch (n\u00e1u\u010dn\u00e9 turistick\u00e9 chodn\u00edky, cyklotrasy, odpo\u010d\u00edvadl\u00e1 a\u00a0pod.)<\/td>\n<\/tr>\n<tr>\n<td width=\"151\"><strong><em>Opr\u00e1vnen\u00e9 v\u00fddavky:<\/em><\/strong><\/td>\n<td width=\"453\">&#8211;\u00a0 v\u00fddavky na hmotn\u00e9 a nehmotn\u00e9 invest\u00edcie, ktor\u00e9 s\u00fa v s\u00falade s podporovan\u00fdmi \u010dinnos\u0165ami v r\u00e1mci tohto podopatrenia,<\/p>\n<p>&#8211;\u00a0 v\u0161eobecn\u00e9 n\u00e1klady s\u00favisiace s v\u00fddavkami uveden\u00fdmi v bode 1, (v zmysle \u010dl\u00e1nku 45 ods.2 p\u00edsm. c) nariadenia EP a Rady (E\u00da) \u010d. 1305\/2013),<\/p>\n<p>&#8211;\u00a0 ak vznikli a\u00a0boli zaplaten\u00e9 v\u00a0\u010dase od podania \u017doNFP, na z\u00e1klade v\u00fdzvy na predkladanie \u017doNFP, s\u00a0v\u00fdnimkou v\u0161eobecn\u00fdch n\u00e1kladov.<\/td>\n<\/tr>\n<tr>\n<td width=\"151\"><strong><em>Opr\u00e1vnen\u00ed prij\u00edmatelia:<\/em><\/strong><\/td>\n<td width=\"453\">&#8211;\u00a0\u00a0\u00a0\u00a0\u00a0 Fyzick\u00e9 a pr\u00e1vnick\u00e9 osoby obhospodaruj\u00face lesy vo vlastn\u00edctve: s\u00fakromn\u00fdch vlastn\u00edkov a ich zdru\u017een\u00ed; obc\u00ed a ich zdru\u017een\u00ed; cirkvi; \u0161t\u00e1tu;<\/p>\n<p>&#8211;\u00a0\u00a0\u00a0\u00a0\u00a0 Ob\u010dianske zdru\u017eenie v zmysle z\u00e1kona \u010d. 83\/1990 Z.z. o zdru\u017eovan\u00ed ob\u010danov len so s\u00fahlasom obhospodarovate\u013ea lesa dan\u00e9ho \u00fazemia;<\/td>\n<\/tr>\n<tr>\n<td width=\"151\"><strong><em>Intenzita pomoci:<\/em><\/strong><\/td>\n<td width=\"453\">Max. 100 %<\/td>\n<\/tr>\n<tr>\n<td width=\"151\"><strong><em>V\u00fd\u0161ka pr\u00edspevku:<\/em><\/strong><\/td>\n<td width=\"453\">min. 10.000, max. 100.000 EUR<\/td>\n<\/tr>\n<tr>\n<td width=\"151\"><strong><em>Pl\u00e1novan\u00e1 v\u00fdzva:<\/em><\/strong><\/td>\n<td width=\"453\">2019<\/td>\n<\/tr>\n<tr>\n<td width=\"151\">&nbsp;<\/p>\n<p>Podopatrenie<\/p>\n<p><strong>PRV 16.3<\/strong><\/td>\n<td width=\"453\">&nbsp;<\/p>\n<p>(In\u00e1) spolupr\u00e1ca medzi mal\u00fdmi hospod\u00e1rskymi subjektmi pri organiz\u00e1cii spolo\u010dn\u00fdch pracovn\u00fdch procesov a\u00a0spolo\u010dnom vyu\u017e\u00edvan\u00ed zariaden\u00ed a\u00a0zdrojov a\u00a0pri rozvoji slu\u017eieb v\u00a0oblasti cestovn\u00e9ho ruchu \/ ich uv\u00e1dzania na trh)<\/td>\n<\/tr>\n<tr>\n<td width=\"151\"><strong><em>Rozsah opr\u00e1vnen\u00fdch \u010dinnost\u00ed:<\/em><\/strong><\/td>\n<td width=\"453\">&#8211;\u00a0 Podporen\u00e1 bude spolupr\u00e1ca medzi mal\u00fdmi hospod\u00e1rskymi subjektmi (mikropodnikmi) v\u00a0odvetv\u00ed po\u013enohospod\u00e1rstva, potravinovom re\u0165azci, sektore lesn\u00e9ho hospod\u00e1rstva a\u00a0v\u00a0sektore cestovn\u00e9ho ruchu pri organizovan\u00ed spolo\u010dn\u00fdch pracovn\u00fdch procesov, spolo\u010dnom vyu\u017e\u00edvan\u00ed zariaden\u00ed a\u00a0zdrojov a\u00a0pri rozvoji slu\u017eieb a\u00a0marketingu v\u00a0oblasti cestovn\u00e9ho ruchu. Cie\u013eom je prostredn\u00edctvom spolupr\u00e1ce zv\u00fd\u0161i\u0165 efektivitu vykon\u00e1van\u00fdch \u010dinnost\u00ed.<\/td>\n<\/tr>\n<tr>\n<td width=\"151\"><strong><em>Opr\u00e1vnen\u00e9 v\u00fddavky:<\/em><\/strong><\/td>\n<td width=\"453\">&#8211;\u00a0 n\u00e1klady na \u0161t\u00fadie o pr\u00edslu\u0161nej oblasti, realiza\u010dn\u00e9 \u0161t\u00fadie a vypracovanie podnikate\u013esk\u00e9ho pl\u00e1nu, pl\u00e1nu obhospodarovania lesov alebo rovnocenn\u00e9ho n\u00e1stroja\u00a0 alebo inej strat\u00e9gie miestneho rozvoja,<\/p>\n<p>&#8211;\u00a0 n\u00e1klady na o\u017eivenie pr\u00edslu\u0161nej oblasti s cie\u013eom zabezpe\u010di\u0165 uskuto\u010dnite\u013enos\u0165 kolekt\u00edvneho \u00fazemn\u00e9ho projektu,<\/p>\n<p>&#8211;\u00a0 prev\u00e1dzkov\u00e9 n\u00e1klady na spolupr\u00e1cu,<\/p>\n<p>&#8211;\u00a0 priame n\u00e1klady na konkr\u00e9tne projekty spojen\u00e9 s vykon\u00e1van\u00edm podnikate\u013esk\u00e9ho pl\u00e1nu, pl\u00e1nu v oblasti \u017eivotn\u00e9ho prostredia, pl\u00e1nu obhospodarovania lesov, alebo rovnocenn\u00e9ho n\u00e1stroja a inej strat\u00e9gie miestneho rozvoja, alebo na in\u00e9 \u010dinnosti zameran\u00e9 na inov\u00e1cie, vr\u00e1tane testovania, resp. nevyhnutn\u00fdch investi\u010dn\u00fdch n\u00e1kladov,<\/p>\n<p>&#8211;\u00a0 ak vznikli a\u00a0boli zaplaten\u00e9 v\u00a0\u010dase od podania \u017doNFP, na z\u00e1klade v\u00fdzvy na predkladanie \u017doNFP, s\u00a0v\u00fdnimkou v\u0161eobecn\u00fdch n\u00e1kladov.<\/td>\n<\/tr>\n<tr>\n<td width=\"151\"><strong><em>Opr\u00e1vnen\u00ed prij\u00edmatelia:<\/em><\/strong><\/td>\n<td width=\"453\">&#8211;\u00a0\u00a0\u00a0\u00a0\u00a0\u00a0 Najmenej 5 subjektov, ktor\u00fdch spolupr\u00e1ca je medzi r\u00f4znymi akt\u00e9rmi v po\u013enohospod\u00e1rstve, potravinovom re\u0165azci, v lesnom hospod\u00e1rstve, alebo v sektore cestovn\u00e9ho ruchu a rozvoji vidieka na \u00fazem\u00ed E\u00da a medzi in\u00fdmi akt\u00e9rmi, ktor\u00ed prispievaj\u00fa k splneniu cie\u013eov a prior\u00edt politiky rozvoja vidieka vr\u00e1tane medziodvetvov\u00fdch organiz\u00e1ci\u00ed, mimovl\u00e1dnych neziskov\u00fdch organiz\u00e1ci\u00ed a v\u00fdskumn\u00fdch organiz\u00e1ci\u00ed.<\/td>\n<\/tr>\n<tr>\n<td width=\"151\"><strong><em>Intenzita pomoci:<\/em><\/strong><\/td>\n<td width=\"453\">Max. 100 % v\u00a0s\u00falade s\u00a0PRV<\/td>\n<\/tr>\n<tr>\n<td width=\"151\"><strong><em>V\u00fd\u0161ka pr\u00edspevku:<\/em><\/strong><\/td>\n<td width=\"453\">min. 30.000, max. 100.000 EUR na subjekt a podopatrenie<\/td>\n<\/tr>\n<tr>\n<td width=\"151\"><strong><em>Pl\u00e1novan\u00e1 v\u00fdzva:<\/em><\/strong><\/td>\n<td width=\"453\">2019<\/td>\n<\/tr>\n<tr>\n<td width=\"151\">&nbsp;<\/p>\n<p>\u0160pecifick\u00fd cie\u013e <strong>IROP\u00a0 5.1.1<\/strong><\/td>\n<td width=\"453\">&nbsp;<\/p>\n<p>Zv\u00fd\u0161enie zamestnanosti na miestnej \u00farovni podporou podnikania a\u00a0inov\u00e1ci\u00ed<\/td>\n<\/tr>\n<tr>\n<td width=\"151\"><strong><em>Rozsah opr\u00e1vnen\u00fdch \u010dinnost\u00ed:<\/em><\/strong><\/td>\n<td width=\"453\">&#8211;\u00a0 A1 Podpora podnikania a inov\u00e1ci\u00ed<\/td>\n<\/tr>\n<tr>\n<td width=\"151\"><strong><em>Opr\u00e1vnen\u00e9 v\u00fddavky:<\/em><\/strong><\/td>\n<td width=\"453\">&#8211;\u00a0 obstaranie hmotn\u00e9ho majetku pre \u00fa\u010dely tvorby pracovn\u00fdch miest,<\/p>\n<p>&#8211;\u00a0 nutn\u00e9 stavebnotechnick\u00e9 \u00fapravy budov spojen\u00e9 s\u00a0umiestnen\u00edm obstaranej technol\u00f3gie a\/alebo s\u00a0poskytovan\u00edm nov\u00fdch slu\u017eieb,<\/p>\n<p>&#8211;\u00a0 podpora marketingov\u00fdch aktiv\u00edt,<\/p>\n<p>&#8211;\u00a0 podpora miestnych produk\u010dno-spotrebite\u013esk\u00fdch re\u0165azcov, sie\u0165ovanie na \u00farovni miestnej ekonomiky a\u00a0v\u00fdmena sk\u00fasenosti.(nie je rozp\u00edsan\u00e9 v\u00a0strat\u00e9gii).<\/p>\n<p>&#8211;\u00a0 \u017diadate\u013e nesmie za\u010da\u0165 pr\u00e1ce na projekte (za\u010datie stavebn\u00fdch pr\u00e1c alebo prv\u00fd pr\u00e1vny z\u00e1v\u00e4zok objedna\u0165 tovar alebo slu\u017ebu) pred nadobudnut\u00edm \u00fa\u010dinnosti zmluvy o\u00a0pr\u00edspevku, s\u00a0v\u00fdnimkou v\u0161eobecn\u00fdch pr\u00edpravn\u00fdch pr\u00e1c (vypracovanie projektovej dokument\u00e1cie, \u00fakony s\u00favisiace so z\u00edskavan\u00edm povolen\u00ed\u00a0 a\u00a0realiz\u00e1cia VO).<\/td>\n<\/tr>\n<tr>\n<td width=\"151\"><strong><em>Opr\u00e1vnen\u00ed prij\u00edmatelia:<\/em><\/strong><\/td>\n<td width=\"453\">&#8211;\u00a0\u00a0\u00a0\u00a0\u00a0 samostatne z\u00e1robkovo \u010dinn\u00e9 osoby, okrem t\u00fdch, ktor\u00e9 s\u00fa opr\u00e1vnen\u00fdmi prij\u00edmate\u013emi z PRV v opatren\u00ed LEADER a opr\u00e1vnen\u00fdmi prij\u00edmate\u013emi z OP RH,<\/p>\n<p>&#8211;\u00a0\u00a0\u00a0\u00a0\u00a0 mikro a mal\u00e9 podniky s po\u010dtom do 49 zamestnancov, okrem t\u00fdch, ktor\u00e9 s\u00fa opr\u00e1vnen\u00fdmi prij\u00edmate\u013emi z PRV v opatren\u00ed LEADER a opr\u00e1vnen\u00fdmi prij\u00edmate\u013emi z OP RH.<\/td>\n<\/tr>\n<tr>\n<td width=\"151\"><strong><em>Intenzita pomoci:<\/em><\/strong><\/td>\n<td width=\"453\">Max 55 % v\u00a0s\u00falade s IROP<\/td>\n<\/tr>\n<tr>\n<td width=\"151\"><strong><em>V\u00fd\u0161ka pr\u00edspevku:<\/em><\/strong><\/td>\n<td width=\"453\">min. 10.000, max. 100.000 EUR<\/td>\n<\/tr>\n<tr>\n<td width=\"151\"><strong><em>Pl\u00e1novan\u00e1 v\u00fdzva:<\/em><\/strong><\/td>\n<td width=\"453\">2019 (otvoren\u00e1 v\u00fdzva)<\/td>\n<\/tr>\n<tr>\n<td width=\"151\">\u0160pecifick\u00fd cie\u013e<\/p>\n<p>&nbsp;<\/p>\n<p><strong>IROP\u00a0 5.1.2<\/strong><\/td>\n<td width=\"453\">Zlep\u0161enie udr\u017eate\u013en\u00fdch vz\u0165ahov medzi vidieckymi rozvojov\u00fdmi centrami a ich z\u00e1zem\u00edm vo verejn\u00fdch slu\u017eb\u00e1ch a vo verejn\u00fdch infra\u0161trukt\u00farach<\/td>\n<\/tr>\n<tr>\n<td width=\"151\"><strong><em>Rozsah opr\u00e1vnen\u00fdch \u010dinnost\u00ed:<\/em><\/strong><\/td>\n<td width=\"453\">&#8211;\u00a0 B2 Zvy\u0161ovanie bezpe\u010dnosti a\u00a0dostupnosti s\u00eddiel<\/td>\n<\/tr>\n<tr>\n<td width=\"151\"><strong><em>Opr\u00e1vnen\u00e9 v\u00fddavky:<\/em><\/strong><\/td>\n<td width=\"453\">&#8211;\u00a0 V\u00fdstavba, moderniz\u00e1cia, rekon\u0161trukcia zast\u00e1vok, stan\u00edc, parkov\u00edsk, na link\u00e1ch prep\u00e1jaj\u00facich obec s\u00a0mestom s\u00fa\u010das\u0165ou m\u00f4\u017eu by\u0165:<\/p>\n<p>&#8211;\u00a0\u00a0\u00a0\u00a0\u00a0\u00a0\u00a0\u00a0\u00a0 vn\u00fatorn\u00e9 a\/alebo vonkaj\u0161ie informa\u010dn\u00e9 tabule,<\/p>\n<p>&#8211;\u00a0\u00a0\u00a0\u00a0\u00a0\u00a0\u00a0\u00a0\u00a0 stacion\u00e1rne informa\u010dn\u00e9 syst\u00e9my.<\/p>\n<p>&#8211;\u00a0 \u017diadate\u013e nesmie za\u010da\u0165 pr\u00e1ce na projekte (za\u010datie stavebn\u00fdch pr\u00e1c alebo prv\u00fd pr\u00e1vny z\u00e1v\u00e4zok objedna\u0165 tovar alebo slu\u017ebu) pred nadobudnut\u00edm \u00fa\u010dinnosti zmluvy o\u00a0pr\u00edspevku, s\u00a0v\u00fdnimkou v\u0161eobecn\u00fdch pr\u00edpravn\u00fdch pr\u00e1c (vypracovanie projektovej dokument\u00e1cie, \u00fakony s\u00favisiace so z\u00edskavan\u00edm povolen\u00ed\u00a0 a\u00a0realiz\u00e1cia VO).<\/td>\n<\/tr>\n<tr>\n<td width=\"151\"><strong><em>Opr\u00e1vnen\u00ed prij\u00edmatelia:<\/em><\/strong><\/td>\n<td width=\"453\">&#8211;\u00a0\u00a0\u00a0\u00a0\u00a0 mest\u00e1\/samostatn\u00e9 mestsk\u00e9 \u010dasti a\u00a0obce,<\/p>\n<p>&#8211;\u00a0\u00a0\u00a0\u00a0\u00a0 zdru\u017eenia miest a\u00a0obc\u00ed.<\/td>\n<\/tr>\n<tr>\n<td width=\"151\"><strong><em>Intenzita pomoci:<\/em><\/strong><\/td>\n<td width=\"453\">Max 95 % v\u00a0s\u00falade s IROP<\/td>\n<\/tr>\n<tr>\n<td width=\"151\"><strong><em>V\u00fd\u0161ka pr\u00edspevku:<\/em><\/strong><\/td>\n<td width=\"453\">min. 10.000, max. 100.000 EUR<\/td>\n<\/tr>\n<tr>\n<td width=\"151\"><strong><em>Pl\u00e1novan\u00e1 v\u00fdzva:<\/em><\/strong><\/td>\n<td width=\"453\">2019 (otvoren\u00e1 v\u00fdzva)<\/td>\n<\/tr>\n<\/tbody>\n<\/table>\n<p>&nbsp;<\/p>\n<p>&nbsp;<\/p>\n<p>&nbsp;<\/p>\n","protected":false},"excerpt":{"rendered":"<p>Implement\u00e1cia strat\u00e9gie CLLD &nbsp; Podopatrenie PRV 4.2 Podpora pre invest\u00edcie na spracovanie \/ uv\u00e1dzanie na trh a \/ alebo v\u00fdvoj po\u013enohospod\u00e1rskych v\u00fdrobkov Rozsah opr\u00e1vnen\u00fdch \u010dinnost\u00ed: &#8211;\u00a0 Invest\u00edcie na spracovanie potravin\u00e1rskych zdrojov \u00fazemia na produkty s\u00a0vytvoren\u00edm minim\u00e1lne 1 region\u00e1lneho odbytov\u00e9ho\u00a0 miesta v\u00a0\u00fazem\u00ed MAS. &#8211;\u00a0 Invest\u00edcie na vybudovanie a\u00a0zariadenie vlastn\u00fdch podnikov\u00fdch predajn\u00ed. &#8211;\u00a0 Invest\u00edcie do zlep\u0161enia pracovn\u00e9ho <a class=\"read-more\" href=\"https:\/\/masgemerrv.sk\/index.php\/opatrenia\/\">\u010c\u00edta\u0165 viac&#8230;<\/a><\/p>\n","protected":false},"author":1,"featured_media":0,"parent":0,"menu_order":0,"comment_status":"closed","ping_status":"closed","template":"","meta":{"_eb_attr":"","footnotes":""},"class_list":["post-69","page","type-page","status-publish","hentry"],"_links":{"self":[{"href":"https:\/\/masgemerrv.sk\/index.php\/wp-json\/wp\/v2\/pages\/69","targetHints":{"allow":["GET"]}}],"collection":[{"href":"https:\/\/masgemerrv.sk\/index.php\/wp-json\/wp\/v2\/pages"}],"about":[{"href":"https:\/\/masgemerrv.sk\/index.php\/wp-json\/wp\/v2\/types\/page"}],"author":[{"embeddable":true,"href":"https:\/\/masgemerrv.sk\/index.php\/wp-json\/wp\/v2\/users\/1"}],"replies":[{"embeddable":true,"href":"https:\/\/masgemerrv.sk\/index.php\/wp-json\/wp\/v2\/comments?post=69"}],"version-history":[{"count":7,"href":"https:\/\/masgemerrv.sk\/index.php\/wp-json\/wp\/v2\/pages\/69\/revisions"}],"predecessor-version":[{"id":386,"href":"https:\/\/masgemerrv.sk\/index.php\/wp-json\/wp\/v2\/pages\/69\/revisions\/386"}],"wp:attachment":[{"href":"https:\/\/masgemerrv.sk\/index.php\/wp-json\/wp\/v2\/media?parent=69"}],"curies":[{"name":"wp","href":"https:\/\/api.w.org\/{rel}","templated":true}]}}