{"id":66,"date":"2018-09-18T09:00:17","date_gmt":"2018-09-18T07:00:17","guid":{"rendered":"http:\/\/masgemerrv.sk\/?page_id=66"},"modified":"2022-03-07T10:45:53","modified_gmt":"2022-03-07T09:45:53","slug":"povinne-zverejnovanie","status":"publish","type":"page","link":"https:\/\/masgemerrv.sk\/index.php\/povinne-zverejnovanie\/","title":{"rendered":"Povinn\u00e9 zverej\u0148ovanie"},"content":{"rendered":"<h3>Zmluvy<\/h3>\n<table frame=\"border\">\n<tbody>\n<tr>\n<td><b>D\u00e1tum<\/b><\/td>\n<td><strong>\u00a0\u00a0N\u00e1zov<\/strong><\/td>\n<td><strong>Dokument<\/strong><\/td>\n<\/tr>\n<tr>\n<td>23.7.2020<\/td>\n<td>Zmluva o poskytnut\u00ed NFP \u010d. IROP-Z-302051Y534-511-51 (Financovanie MAS Gemer-Ro\u017e\u0148ava II)<\/td>\n<td><a href=\"http:\/\/masgemerrv.sk\/wp-content\/uploads\/2021\/01\/Zmluva-o-poskytnut\u00ed-NFP-\u010d\u00edslo_-IROP-Z-302051Y534-511-51-text.pdf\">Stiahnu\u0165<\/a><\/td>\n<\/tr>\n<tr>\n<td>14.6.2019<\/td>\n<td>Zmluva o poskytnut\u00ed NFP \u010d. IROP-Z-302051P944-511\/512-28 (MAS Gemer-Ro\u017e\u0148ava &#8211; Zakladanie nov\u00fdch a podpora existuj\u00facich podnikov a SZ\u010cO a Rozvoj z\u00e1kladnej infra\u0161trukt\u00fary)<\/td>\n<td><a href=\"http:\/\/masgemerrv.sk\/wp-content\/uploads\/2019\/06\/Zmluva_o_poskytnuti_NFP_IROP_5_1_1_a_5_1_2.pdf\">Stiahnu\u0165<\/a><\/td>\n<\/tr>\n<tr>\n<td>16.2.2019<\/td>\n<td>\u00a0\u00a0Dodatok \u010d. 1 K ZMLUVE O POSKYTNUT\u00cd NEN\u00c1VRATN\u00c9HO FINAN\u010cN\u00c9HO PR\u00cdSPEVKU \u010c. NFP309190N892.<\/td>\n<td><a href=\"http:\/\/masgemerrv.sk\/wp-content\/uploads\/2019\/02\/Zmluva_dodatok-ku-zmluve-na-animacie-19.4_web.pdf\">Stiahnu\u0165<\/a><\/td>\n<\/tr>\n<tr>\n<td>9.11.2018<\/td>\n<td>\u00a0\u00a0ZMLUVA O POSKYTNUT\u00cd NEN\u00c1VRATN\u00c9HO FINAN\u010cN\u00c9HO PR\u00cdSPEVKU \u010c. NFP309190N892 (Financovanie anima\u010dn\u00fdch aktiv\u00edt MAS Gemer-Ro\u017e\u0148ava)<\/td>\n<td><a href=\"http:\/\/masgemerrv.sk\/wp-content\/uploads\/2019\/02\/Zmluva_NFP309190N892-scan-1.pdf\">Stiahnu\u0165<\/a><\/td>\n<\/tr>\n<tr>\n<td>16.5.2018<\/td>\n<td>\u00a0\u00a0Zmluva o poskytnut\u00ed NFP \u010d. IROP-Z-302051N233-511-23 (Financovanie MAS Gemer-Ro\u017e\u0148ava)<\/td>\n<td><a href=\"http:\/\/masgemerrv.sk\/wp-content\/uploads\/2019\/02\/Zmluva-o-poskytnuty-NFP\u008d.-IROP-Z-302051N233-511-23-.pdf\">Stiahnu\u0165<\/a><\/td>\n<\/tr>\n<tr>\n<td>5.1.2017<\/td>\n<td>\u00a0\u00a0Rozhodnutie o schv\u00e1len\u00ed strat\u00e9gie miestneho rozvoja veden\u00e9ho komunitou a o udelen\u00ed \u0161tat\u00fatu miestnej ak\u010dnej skupiny<\/td>\n<td><a href=\"http:\/\/masgemerrv.sk\/wp-content\/uploads\/2019\/02\/Priloha_c_1_N892-scan.pdf\">Stiahnu\u0165<\/a><\/td>\n<\/tr>\n<\/tbody>\n<\/table>\n<p>\u00a0<\/p>\n<h3>Publicita<\/h3>\n<table frame=\"border\">\n<tbody>\n<tr>\n<td><b>D\u00e1tum<\/b><\/td>\n<td><b>N\u00e1zov<\/b><\/td>\n<td><b>Dokument<\/b><\/td>\n<\/tr>\n<tr>\n<td>23.07.2020<\/td>\n<td>Financovanie MAS Gemer-Ro\u017e\u0148ava II<\/td>\n<td><a href=\"http:\/\/masgemerrv.sk\/wp-content\/uploads\/2021\/01\/plagat_Chod_MAS_II_A3.doc\">Stiahnu\u0165<\/a><\/td>\n<\/tr>\n<tr>\n<td>14.06.2019<\/td>\n<td>MAS Gemer-Ro\u017e\u0148ava &#8211; Zakladanie nov\u00fdch a podpora existuj\u00facich podnikov a SZ\u010cO a Rozvoj z\u00e1kladnej infra\u0161trukt\u00fary<\/td>\n<td><a href=\"http:\/\/masgemerrv.sk\/wp-content\/uploads\/2021\/01\/priloha_c_3_-_vzor_plagatu_a3_1_2_FIX.docx\">Stiahnu\u0165<\/a><\/td>\n<\/tr>\n<tr>\n<td>9.11.2018<\/td>\n<td>Financovanie anima\u010dn\u00fdch aktiv\u00edt MAS Gemer-Ro\u017e\u0148ava<\/td>\n<td><a href=\"http:\/\/masgemerrv.sk\/wp-content\/uploads\/2019\/03\/web-popis-projektu-19.4-_Animacie.docx\">Stiahnu\u0165<\/a><\/td>\n<\/tr>\n<tr>\n<td>16.5.2018<\/td>\n<td>Financovanie MAS Gemer-Ro\u017e\u0148ava<\/td>\n<td><a href=\"http:\/\/masgemerrv.sk\/wp-content\/uploads\/2018\/09\/plagat_Chod_MAS_a3.doc\">Stiahnu\u0165<\/a><\/td>\n<\/tr>\n<\/tbody>\n<\/table>\n<p>\u00a0<\/p>\n<h3>Stanovy<\/h3>\n<table style=\"height: 108px;\" width=\"510\" frame=\"border\">\n<tbody>\n<tr>\n<td><b>D\u00e1tum<\/b><\/td>\n<td><b>N\u00e1zov<\/b><\/td>\n<td><b>Dokument<\/b><\/td>\n<\/tr>\n<tr>\n<td>25.1.2022<\/td>\n<td>Stanovy (zmena adresy s\u00eddla MAS)<\/td>\n<td><a href=\"http:\/\/masgemerrv.sk\/wp-content\/uploads\/2022\/03\/stanovy_25.1.2022_schvalene.pdf\">Stiahnu\u0165<\/a><\/td>\n<\/tr>\n<tr>\n<td>21.12.2018<\/td>\n<td>Stanovy<\/td>\n<td><a href=\"http:\/\/masgemerrv.sk\/wp-content\/uploads\/2019\/05\/Stanovy_MAS.pdf\">Stiahnu\u0165<\/a><\/td>\n<\/tr>\n<\/tbody>\n<\/table>\n<p>\u00a0<\/p>\n<h3>Verejn\u00e9 obstar\u00e1vanie<\/h3>\n\n\n<p><\/p>\n","protected":false},"excerpt":{"rendered":"<p>Zmluvy D\u00e1tum \u00a0\u00a0N\u00e1zov Dokument 23.7.2020 Zmluva o poskytnut\u00ed NFP \u010d. IROP-Z-302051Y534-511-51 (Financovanie MAS Gemer-Ro\u017e\u0148ava II) Stiahnu\u0165 14.6.2019 Zmluva o poskytnut\u00ed NFP \u010d. IROP-Z-302051P944-511\/512-28 (MAS Gemer-Ro\u017e\u0148ava &#8211; Zakladanie nov\u00fdch a podpora existuj\u00facich podnikov a SZ\u010cO a Rozvoj z\u00e1kladnej infra\u0161trukt\u00fary) Stiahnu\u0165 16.2.2019 \u00a0\u00a0Dodatok \u010d. 1 K ZMLUVE O POSKYTNUT\u00cd NEN\u00c1VRATN\u00c9HO FINAN\u010cN\u00c9HO PR\u00cdSPEVKU \u010c. NFP309190N892. Stiahnu\u0165 9.11.2018 \u00a0\u00a0ZMLUVA <a class=\"read-more\" href=\"https:\/\/masgemerrv.sk\/index.php\/povinne-zverejnovanie\/\">\u010c\u00edta\u0165 viac&#8230;<\/a><\/p>\n","protected":false},"author":1,"featured_media":0,"parent":0,"menu_order":0,"comment_status":"closed","ping_status":"closed","template":"","meta":{"_eb_attr":"","footnotes":""},"class_list":["post-66","page","type-page","status-publish","hentry"],"_links":{"self":[{"href":"https:\/\/masgemerrv.sk\/index.php\/wp-json\/wp\/v2\/pages\/66","targetHints":{"allow":["GET"]}}],"collection":[{"href":"https:\/\/masgemerrv.sk\/index.php\/wp-json\/wp\/v2\/pages"}],"about":[{"href":"https:\/\/masgemerrv.sk\/index.php\/wp-json\/wp\/v2\/types\/page"}],"author":[{"embeddable":true,"href":"https:\/\/masgemerrv.sk\/index.php\/wp-json\/wp\/v2\/users\/1"}],"replies":[{"embeddable":true,"href":"https:\/\/masgemerrv.sk\/index.php\/wp-json\/wp\/v2\/comments?post=66"}],"version-history":[{"count":58,"href":"https:\/\/masgemerrv.sk\/index.php\/wp-json\/wp\/v2\/pages\/66\/revisions"}],"predecessor-version":[{"id":1020,"href":"https:\/\/masgemerrv.sk\/index.php\/wp-json\/wp\/v2\/pages\/66\/revisions\/1020"}],"wp:attachment":[{"href":"https:\/\/masgemerrv.sk\/index.php\/wp-json\/wp\/v2\/media?parent=66"}],"curies":[{"name":"wp","href":"https:\/\/api.w.org\/{rel}","templated":true}]}}