{"id":410,"date":"2019-04-16T07:53:57","date_gmt":"2019-04-16T05:53:57","guid":{"rendered":"http:\/\/masgemerrv.sk\/?page_id=410"},"modified":"2023-05-15T09:54:11","modified_gmt":"2023-05-15T07:54:11","slug":"irop-3","status":"publish","type":"page","link":"https:\/\/masgemerrv.sk\/index.php\/archiv-vyziev\/irop-3\/","title":{"rendered":"Arch\u00edv v\u00fdziev IROP"},"content":{"rendered":"\t\t<div data-elementor-type=\"wp-page\" data-elementor-id=\"410\" class=\"elementor elementor-410\">\n\t\t\t\t\t\t<section class=\"elementor-section elementor-top-section elementor-element elementor-element-7998bf8 elementor-section-boxed elementor-section-height-default elementor-section-height-default\" data-id=\"7998bf8\" data-element_type=\"section\" data-e-type=\"section\">\n\t\t\t\t\t\t<div class=\"elementor-container elementor-column-gap-default\">\n\t\t\t\t\t<div class=\"elementor-column elementor-col-100 elementor-top-column elementor-element elementor-element-4a89cae\" data-id=\"4a89cae\" data-element_type=\"column\" data-e-type=\"column\">\n\t\t\t<div class=\"elementor-widget-wrap elementor-element-populated\">\n\t\t\t\t\t\t<div class=\"elementor-element elementor-element-fd6d9c7 elementor-grid-eael-col-1 elementor-grid-tablet-eael-col-2 elementor-grid-mobile-eael-col-1 elementor-widget elementor-widget-eael-post-grid\" data-id=\"fd6d9c7\" data-element_type=\"widget\" data-e-type=\"widget\" data-settings=\"{&quot;eael_post_grid_columns&quot;:&quot;eael-col-1&quot;,&quot;eael_post_grid_columns_tablet&quot;:&quot;eael-col-2&quot;,&quot;eael_post_grid_columns_mobile&quot;:&quot;eael-col-1&quot;}\" data-widget_type=\"eael-post-grid.default\">\n\t\t\t\t<div class=\"elementor-widget-container\">\n\t\t\t\t\t<div id=\"eael-post-grid-fd6d9c7\" class=\"eael-post-grid-container\">\n            <div class=\"eael-post-grid eael-post-appender eael-post-appender-fd6d9c7 eael-post-grid-style-three\" data-layout-mode=\"grid\"><article class=\"eael-grid-post  eael-post-grid-column eael-pg-post-1532 category-archiv-vyziev-vyzvy-irop-archiv\" data-id=\"1532\">\n        <div class=\"eael-grid-post-holder\">\n            <div class=\"eael-grid-post-holder-inner\"><div class=\"eael-entry-wrapper\"><header class=\"eael-entry-header\"><h2 class=\"eael-entry-title\"><a class=\"eael-grid-post-link\" href=\"https:\/\/masgemerrv.sk\/index.php\/2023\/12\/13\/predcasne-uzavretie-vyzvy-irop-clld-p944-511-002-aktivita-a1-podpora-podnikania-a-inovacii-k-a-vyzvy-irop-clld-p944-512-001-aktivita-b2-zvysovanie-bezpecno\/\" title=\"Pred\u010dasn\u00e9 uzavretie v\u00fdzvy IROP-CLLD-P944-511-002, aktivita\u00a0 &#8211; A1 \u2013 Podpora podnikania a\u00a0inov\u00e1ci\u00ed k\u00a0a\u00a0v\u00fdzvy IROP-CLLD-P944-512-001, aktivita B2 \u2013 Zvy\u0161ovanie bezpe\u010dnosti a\u00a0dostupnosti s\u00eddiel ku d\u0148u 31.12.2023.\">Pred\u010dasn\u00e9 uzavretie v\u00fdzvy IROP-CLLD-P944-511-002, aktivita\u00a0 &#8211; A1 \u2013 Podpora podnikania a\u00a0inov\u00e1ci\u00ed k\u00a0a\u00a0v\u00fdzvy IROP-CLLD-P944-512-001, aktivita B2 \u2013 Zvy\u0161ovanie bezpe\u010dnosti a\u00a0dostupnosti s\u00eddiel ku d\u0148u 31.12.2023.<\/a><\/h2><\/header><div class=\"eael-entry-content\">\n                        <div class=\"eael-grid-post-excerpt\"><p>Miestna ak\u010dn\u00e1 skupina Gemer-Ro\u017e\u0148ava oznamuje \u017eiadate\u013eom, \u017ee v&nbsp;zmysle Implementa\u010dn\u00e9ho modelu, verzia 2.1 z&nbsp;d\u00f4vodu pr\u00e1vnej nemo\u017enosti realiz\u00e1cie projektov po hrani\u010dnom d\u00e1tume ukon\u010denia realiz\u00e1cie projektu uvedenom vo v\u00fdzve, pl\u00e1nuje...<\/p><a href=\"https:\/\/masgemerrv.sk\/index.php\/2023\/12\/13\/predcasne-uzavretie-vyzvy-irop-clld-p944-511-002-aktivita-a1-podpora-podnikania-a-inovacii-k-a-vyzvy-irop-clld-p944-512-001-aktivita-b2-zvysovanie-bezpecno\/\" class=\"eael-post-elements-readmore-btn\">\u010c\u00edta\u0165 viac...<\/a><\/div>\n                    <\/div><\/div><\/div>\n        <\/div>\n    <\/article><article class=\"eael-grid-post  eael-post-grid-column eael-pg-post-1150 category-archiv-vyziev-vyzvy-irop-archiv\" data-id=\"1150\">\n        <div class=\"eael-grid-post-holder\">\n            <div class=\"eael-grid-post-holder-inner\"><div class=\"eael-entry-wrapper\"><header class=\"eael-entry-header\"><h2 class=\"eael-entry-title\"><a class=\"eael-grid-post-link\" href=\"https:\/\/masgemerrv.sk\/index.php\/2023\/05\/16\/5-1-1-zvysenie-zamestnanosti-na-miestnej-urovni-podporou-podnikania-a-inovacii\/\" title=\"5.1.1 Zv\u00fd\u0161enie zamestnanosti na miestnej \u00farovni podporou podnikania a inov\u00e1ci\u00ed\">5.1.1 Zv\u00fd\u0161enie zamestnanosti na miestnej \u00farovni podporou podnikania a inov\u00e1ci\u00ed<\/a><\/h2><\/header><div class=\"eael-entry-content\">\n                        <div class=\"eael-grid-post-excerpt\"><p>V\u00fdzva na predkladanie \u017diadost\u00ed o poskytnutie nen\u00e1vratn\u00e9ho finan\u010dn\u00e9ho pr\u00edspevku v r\u00e1mci implement\u00e1cie strat\u00e9gie miestneho rozvoja veden\u00e9ho komunitou z Integrovan\u00e9ho region\u00e1lneho opera\u010dn\u00e9ho programu. Ob\u010dianske zdru\u017eenie MAS Gemer-Ro\u017e\u0148ava vyhlasuje...<\/p><a href=\"https:\/\/masgemerrv.sk\/index.php\/2023\/05\/16\/5-1-1-zvysenie-zamestnanosti-na-miestnej-urovni-podporou-podnikania-a-inovacii\/\" class=\"eael-post-elements-readmore-btn\">\u010c\u00edta\u0165 viac...<\/a><\/div>\n                    <\/div><\/div><\/div>\n        <\/div>\n    <\/article><article class=\"eael-grid-post  eael-post-grid-column eael-pg-post-1176 category-archiv-vyziev-vyzvy-irop-archiv\" data-id=\"1176\">\n        <div class=\"eael-grid-post-holder\">\n            <div class=\"eael-grid-post-holder-inner\"><div class=\"eael-entry-wrapper\"><header class=\"eael-entry-header\"><h2 class=\"eael-entry-title\"><a class=\"eael-grid-post-link\" href=\"https:\/\/masgemerrv.sk\/index.php\/2023\/05\/16\/5-1-2-zlepsenie-udrzatelnych-vztahov-medzi-vidieckymi-rozvojovymi-centrami-a-ich-zazemim-vo-verejnych-sluzbach-a-vo-verejnych-infrastrukturach\/\" title=\"5.1.2 Zlep\u0161enie udr\u017eate\u013en\u00fdch vz\u0165ahov medzi vidieckymi rozvojov\u00fdmi centrami a\u00a0ich z\u00e1zem\u00edm vo verejn\u00fdch slu\u017eb\u00e1ch a\u00a0vo verejn\u00fdch infra\u0161trukt\u00farach\">5.1.2 Zlep\u0161enie udr\u017eate\u013en\u00fdch vz\u0165ahov medzi vidieckymi rozvojov\u00fdmi centrami a\u00a0ich z\u00e1zem\u00edm vo verejn\u00fdch slu\u017eb\u00e1ch a\u00a0vo verejn\u00fdch infra\u0161trukt\u00farach<\/a><\/h2><\/header><div class=\"eael-entry-content\">\n                        <div class=\"eael-grid-post-excerpt\"><p>V\u00fdzva na predkladanie \u017diadost\u00ed o\u00a0poskytnutie nen\u00e1vratn\u00e9ho finan\u010dn\u00e9ho pr\u00edspevku v\u00a0r\u00e1mci implement\u00e1cie strat\u00e9gie miestneho rozvoja veden\u00e9ho komunitou z\u00a0Integrovan\u00e9ho region\u00e1lneho opera\u010dn\u00e9ho programu. Ob\u010dianske zdru\u017eenie MAS Gemer-Ro\u017e\u0148ava vyhlasuje v\u00fdzvu na predkladanie...<\/p><a href=\"https:\/\/masgemerrv.sk\/index.php\/2023\/05\/16\/5-1-2-zlepsenie-udrzatelnych-vztahov-medzi-vidieckymi-rozvojovymi-centrami-a-ich-zazemim-vo-verejnych-sluzbach-a-vo-verejnych-infrastrukturach\/\" class=\"eael-post-elements-readmore-btn\">\u010c\u00edta\u0165 viac...<\/a><\/div>\n                    <\/div><\/div><\/div>\n        <\/div>\n    <\/article><\/div>\n            <div class=\"clearfix\"><\/div>\n        <\/div>\t\t\t\t<\/div>\n\t\t\t\t<\/div>\n\t\t\t\t\t<\/div>\n\t\t<\/div>\n\t\t\t\t\t<\/div>\n\t\t<\/section>\n\t\t\t\t<\/div>\n\t\t","protected":false},"excerpt":{"rendered":"<p>5.1.1 Zv\u00fd\u0161enie zamestnanosti na miestnej \u00farovni podporou podnikania a inov\u00e1ci\u00ed V\u00fdzva na predkladanie \u017diadost\u00ed o poskytnutie nen\u00e1vratn\u00e9ho finan\u010dn\u00e9ho pr\u00edspevku v r\u00e1mci implement\u00e1cie strat\u00e9gie miestneho rozvoja veden\u00e9ho komunitou z Integrovan\u00e9ho region\u00e1lneho opera\u010dn\u00e9ho programu. Ob\u010dianske zdru\u017eenie MAS Gemer-Ro\u017e\u0148ava vyhlasuje&#8230; \u010c\u00edta\u0165 viac&#8230;<\/p>\n","protected":false},"author":1,"featured_media":0,"parent":265,"menu_order":0,"comment_status":"closed","ping_status":"closed","template":"","meta":{"_eb_attr":"","footnotes":""},"class_list":["post-410","page","type-page","status-publish","hentry"],"_links":{"self":[{"href":"https:\/\/masgemerrv.sk\/index.php\/wp-json\/wp\/v2\/pages\/410","targetHints":{"allow":["GET"]}}],"collection":[{"href":"https:\/\/masgemerrv.sk\/index.php\/wp-json\/wp\/v2\/pages"}],"about":[{"href":"https:\/\/masgemerrv.sk\/index.php\/wp-json\/wp\/v2\/types\/page"}],"author":[{"embeddable":true,"href":"https:\/\/masgemerrv.sk\/index.php\/wp-json\/wp\/v2\/users\/1"}],"replies":[{"embeddable":true,"href":"https:\/\/masgemerrv.sk\/index.php\/wp-json\/wp\/v2\/comments?post=410"}],"version-history":[{"count":10,"href":"https:\/\/masgemerrv.sk\/index.php\/wp-json\/wp\/v2\/pages\/410\/revisions"}],"predecessor-version":[{"id":1175,"href":"https:\/\/masgemerrv.sk\/index.php\/wp-json\/wp\/v2\/pages\/410\/revisions\/1175"}],"up":[{"embeddable":true,"href":"https:\/\/masgemerrv.sk\/index.php\/wp-json\/wp\/v2\/pages\/265"}],"wp:attachment":[{"href":"https:\/\/masgemerrv.sk\/index.php\/wp-json\/wp\/v2\/media?parent=410"}],"curies":[{"name":"wp","href":"https:\/\/api.w.org\/{rel}","templated":true}]}}