{"id":407,"date":"2019-04-16T07:53:57","date_gmt":"2019-04-16T05:53:57","guid":{"rendered":"http:\/\/masgemerrv.sk\/?page_id=407"},"modified":"2025-04-04T10:44:21","modified_gmt":"2025-04-04T08:44:21","slug":"prv-2","status":"publish","type":"page","link":"https:\/\/masgemerrv.sk\/index.php\/prv-2\/","title":{"rendered":"Aktu\u00e1lne v\u00fdzvy &#8211; PRV"},"content":{"rendered":"\t\t<div data-elementor-type=\"wp-page\" data-elementor-id=\"407\" class=\"elementor elementor-407\">\n\t\t\t\t\t\t<section class=\"elementor-section elementor-top-section elementor-element elementor-element-bdb4bb4 elementor-section-boxed elementor-section-height-default elementor-section-height-default\" data-id=\"bdb4bb4\" data-element_type=\"section\" data-e-type=\"section\">\n\t\t\t\t\t\t<div class=\"elementor-container elementor-column-gap-default\">\n\t\t\t\t\t<div class=\"elementor-column elementor-col-100 elementor-top-column elementor-element elementor-element-a98bdb9\" data-id=\"a98bdb9\" data-element_type=\"column\" data-e-type=\"column\">\n\t\t\t<div class=\"elementor-widget-wrap elementor-element-populated\">\n\t\t\t\t\t\t<div class=\"elementor-element elementor-element-144494d elementor-grid-eael-col-1 elementor-grid-tablet-eael-col-2 elementor-grid-mobile-eael-col-1 elementor-widget elementor-widget-eael-post-grid\" data-id=\"144494d\" data-element_type=\"widget\" data-e-type=\"widget\" data-settings=\"{&quot;eael_post_grid_columns&quot;:&quot;eael-col-1&quot;,&quot;eael_post_grid_columns_tablet&quot;:&quot;eael-col-2&quot;,&quot;eael_post_grid_columns_mobile&quot;:&quot;eael-col-1&quot;}\" data-widget_type=\"eael-post-grid.default\">\n\t\t\t\t<div class=\"elementor-widget-container\">\n\t\t\t\t\t<div id=\"eael-post-grid-144494d\" class=\"eael-post-grid-container\">\n            <div class=\"eael-post-grid eael-post-appender eael-post-appender-144494d eael-post-grid-style-three\" data-layout-mode=\"grid\"><p class=\"no-posts-found\">No posts found!<\/p><\/div>\n            <div class=\"clearfix\"><\/div>\n        <\/div>\t\t\t\t<\/div>\n\t\t\t\t<\/div>\n\t\t\t\t\t<\/div>\n\t\t<\/div>\n\t\t\t\t\t<\/div>\n\t\t<\/section>\n\t\t\t\t<\/div>\n\t\t","protected":false},"excerpt":{"rendered":"<p>MAS_069\/7.5\/4 \u2013 Podopatrenie 7.5 MAS Gemer-Ro\u017e\u0148ava oznamuje \u017eiadate\u013eom podpory z Programu rozvoja vidieka SR 2014-2020 v r\u00e1mci implement\u00e1cie strat\u00e9gie CLLD, \u017ee zverejnila v\u00fdzvu: MAS_069\/7.5\/4 \u2013&nbsp;Podopatrenie 7.5 \u2013 Podpora na invest\u00edcie do&#8230; \u010c\u00edta\u0165 viac&#8230; MAS_069\/7.2\/1 \u2013 Podopatrenie 7.2 MAS_069\/7.2\/1 \u2013 Podopatrenie 7.2 MAS Gemer-Ro\u017e\u0148ava oznamuje \u017eiadate\u013eom podpory z Programu rozvoja vidieka SR 2014-2020 v r\u00e1mci implement\u00e1cie <a class=\"read-more\" href=\"https:\/\/masgemerrv.sk\/index.php\/prv-2\/\">\u010c\u00edta\u0165 viac&#8230;<\/a><\/p>\n","protected":false},"author":1,"featured_media":0,"parent":0,"menu_order":0,"comment_status":"closed","ping_status":"closed","template":"","meta":{"_eb_attr":"","footnotes":""},"class_list":["post-407","page","type-page","status-publish","hentry"],"_links":{"self":[{"href":"https:\/\/masgemerrv.sk\/index.php\/wp-json\/wp\/v2\/pages\/407","targetHints":{"allow":["GET"]}}],"collection":[{"href":"https:\/\/masgemerrv.sk\/index.php\/wp-json\/wp\/v2\/pages"}],"about":[{"href":"https:\/\/masgemerrv.sk\/index.php\/wp-json\/wp\/v2\/types\/page"}],"author":[{"embeddable":true,"href":"https:\/\/masgemerrv.sk\/index.php\/wp-json\/wp\/v2\/users\/1"}],"replies":[{"embeddable":true,"href":"https:\/\/masgemerrv.sk\/index.php\/wp-json\/wp\/v2\/comments?post=407"}],"version-history":[{"count":72,"href":"https:\/\/masgemerrv.sk\/index.php\/wp-json\/wp\/v2\/pages\/407\/revisions"}],"predecessor-version":[{"id":1897,"href":"https:\/\/masgemerrv.sk\/index.php\/wp-json\/wp\/v2\/pages\/407\/revisions\/1897"}],"wp:attachment":[{"href":"https:\/\/masgemerrv.sk\/index.php\/wp-json\/wp\/v2\/media?parent=407"}],"curies":[{"name":"wp","href":"https:\/\/api.w.org\/{rel}","templated":true}]}}