{"id":264,"date":"2019-02-04T14:53:51","date_gmt":"2019-02-04T13:53:51","guid":{"rendered":"http:\/\/masgemerrv.sk\/?page_id=264"},"modified":"2020-09-07T07:58:58","modified_gmt":"2020-09-07T05:58:58","slug":"aktualne-vyzvy","status":"publish","type":"page","link":"https:\/\/masgemerrv.sk\/index.php\/aktualne-vyzvy\/","title":{"rendered":"Aktu\u00e1lne v\u00fdzvy"},"content":{"rendered":"<h1><a href=\"http:\/\/masgemerrv.sk\/index.php\/prv-2\/\"><strong>PRV<\/strong><\/a><\/h1>\n<h1><a href=\"http:\/\/masgemerrv.sk\/index.php\/irop-2\/\"><strong>IROP<\/strong><\/a><\/h1>\n<h1><a href=\"http:\/\/masgemerrv.sk\/index.php\/vyzvy-na-odb-hodnotitelov\/\"><strong>V\u00fdzvy na odborn\u00fdch hodnotite\u013eov<\/strong><\/a><\/h1>\n<p>(vyberte si mo\u017enos\u0165)<\/p>\n","protected":false},"excerpt":{"rendered":"<p>PRV IROP V\u00fdzvy na odborn\u00fdch hodnotite\u013eov (vyberte si mo\u017enos\u0165)<\/p>\n","protected":false},"author":1,"featured_media":0,"parent":0,"menu_order":0,"comment_status":"closed","ping_status":"closed","template":"","meta":{"_eb_attr":"","footnotes":""},"class_list":["post-264","page","type-page","status-publish","hentry"],"_links":{"self":[{"href":"https:\/\/masgemerrv.sk\/index.php\/wp-json\/wp\/v2\/pages\/264","targetHints":{"allow":["GET"]}}],"collection":[{"href":"https:\/\/masgemerrv.sk\/index.php\/wp-json\/wp\/v2\/pages"}],"about":[{"href":"https:\/\/masgemerrv.sk\/index.php\/wp-json\/wp\/v2\/types\/page"}],"author":[{"embeddable":true,"href":"https:\/\/masgemerrv.sk\/index.php\/wp-json\/wp\/v2\/users\/1"}],"replies":[{"embeddable":true,"href":"https:\/\/masgemerrv.sk\/index.php\/wp-json\/wp\/v2\/comments?post=264"}],"version-history":[{"count":5,"href":"https:\/\/masgemerrv.sk\/index.php\/wp-json\/wp\/v2\/pages\/264\/revisions"}],"predecessor-version":[{"id":773,"href":"https:\/\/masgemerrv.sk\/index.php\/wp-json\/wp\/v2\/pages\/264\/revisions\/773"}],"wp:attachment":[{"href":"https:\/\/masgemerrv.sk\/index.php\/wp-json\/wp\/v2\/media?parent=264"}],"curies":[{"name":"wp","href":"https:\/\/api.w.org\/{rel}","templated":true}]}}