{"id":261,"date":"2019-02-04T14:53:51","date_gmt":"2019-02-04T13:53:51","guid":{"rendered":"http:\/\/masgemerrv.sk\/?page_id=261"},"modified":"2020-04-22T15:35:50","modified_gmt":"2020-04-22T13:35:50","slug":"usmernenia-a-metodicke-pokyny","status":"publish","type":"page","link":"https:\/\/masgemerrv.sk\/index.php\/usmernenia-a-metodicke-pokyny\/","title":{"rendered":"Usmernenia a metodick\u00e9 pokyny"},"content":{"rendered":"<p>D\u0148a 14.04.2020 PPA zverejnila nov\u00e9 <a href=\"https:\/\/www.apa.sk\/aktuality\/usmernenie-podohospodarskej-platobnej-agentury-pre-miestne-akcne-skupiny-v-suvislosti-s-mimoriadnou-situaciou-sposobenou-pandemiou-covid-19\/9840\"><i><b>Usmernenie P\u00f4dohospod\u00e1rskej platobnej agent\u00fary pre MAS v s\u00favislosti s mimoriadnou situ\u00e1ciou sp\u00f4sobenou pand\u00e9miou COVID-19<\/b><\/i><\/a><\/p>\n<p><a href=\"http:\/\/masgemerrv.sk\/wp-content\/uploads\/2019\/03\/usmernenie-ppa-c-1-2015-k-opravnenosti-vydavkov-na-dph-v-ramci-prv-sr-2014-2020.pdf\">Usmernenie PPA \u010d. 1\/2015 k opr\u00e1vnenosti v\u00fddavkov na DPH v r\u00e1mci PRV SR 2014-2020<\/a><\/p>\n<p><a href=\"http:\/\/masgemerrv.sk\/wp-content\/uploads\/2019\/03\/metodicky-pokyn-k-socialnenu-vo-pre-prv-2014-2020.docx\">Metodick\u00fd pokyn &#8211; Uplat\u0148ovanie soci\u00e1lneho aspektu pri verejnom obstar\u00e1van\u00ed pre PRV SR 2014-2020<\/a><\/p>\n","protected":false},"excerpt":{"rendered":"<p>D\u0148a 14.04.2020 PPA zverejnila nov\u00e9 Usmernenie P\u00f4dohospod\u00e1rskej platobnej agent\u00fary pre MAS v s\u00favislosti s mimoriadnou situ\u00e1ciou sp\u00f4sobenou pand\u00e9miou COVID-19 Usmernenie PPA \u010d. 1\/2015 k opr\u00e1vnenosti v\u00fddavkov na DPH v r\u00e1mci PRV SR 2014-2020 Metodick\u00fd pokyn &#8211; Uplat\u0148ovanie soci\u00e1lneho aspektu pri verejnom obstar\u00e1van\u00ed pre PRV SR 2014-2020<\/p>\n","protected":false},"author":1,"featured_media":0,"parent":0,"menu_order":0,"comment_status":"closed","ping_status":"closed","template":"","meta":{"_eb_attr":"","footnotes":""},"class_list":["post-261","page","type-page","status-publish","hentry"],"_links":{"self":[{"href":"https:\/\/masgemerrv.sk\/index.php\/wp-json\/wp\/v2\/pages\/261","targetHints":{"allow":["GET"]}}],"collection":[{"href":"https:\/\/masgemerrv.sk\/index.php\/wp-json\/wp\/v2\/pages"}],"about":[{"href":"https:\/\/masgemerrv.sk\/index.php\/wp-json\/wp\/v2\/types\/page"}],"author":[{"embeddable":true,"href":"https:\/\/masgemerrv.sk\/index.php\/wp-json\/wp\/v2\/users\/1"}],"replies":[{"embeddable":true,"href":"https:\/\/masgemerrv.sk\/index.php\/wp-json\/wp\/v2\/comments?post=261"}],"version-history":[{"count":6,"href":"https:\/\/masgemerrv.sk\/index.php\/wp-json\/wp\/v2\/pages\/261\/revisions"}],"predecessor-version":[{"id":693,"href":"https:\/\/masgemerrv.sk\/index.php\/wp-json\/wp\/v2\/pages\/261\/revisions\/693"}],"wp:attachment":[{"href":"https:\/\/masgemerrv.sk\/index.php\/wp-json\/wp\/v2\/media?parent=261"}],"curies":[{"name":"wp","href":"https:\/\/api.w.org\/{rel}","templated":true}]}}