{"id":260,"date":"2019-02-04T14:53:51","date_gmt":"2019-02-04T13:53:51","guid":{"rendered":"http:\/\/masgemerrv.sk\/?page_id=260"},"modified":"2020-09-07T08:06:04","modified_gmt":"2020-09-07T06:06:04","slug":"dokumenty","status":"publish","type":"page","link":"https:\/\/masgemerrv.sk\/index.php\/dokumenty\/","title":{"rendered":"Dokumenty"},"content":{"rendered":"<h1><a href=\"http:\/\/masgemerrv.sk\/index.php\/povinne-zverejnovanie\/\"><strong>Povinn\u00e9 zverej\u0148ovanie<\/strong><\/a><\/h1>\n<h1><a href=\"http:\/\/masgemerrv.sk\/index.php\/usmernenia-a-metodicke-pokyny\/\"><strong>Usmernenia a metodick\u00e9 pokyny<\/strong><\/a><\/h1>\n<h1><a href=\"http:\/\/masgemerrv.sk\/index.php\/uzitocne-odkazy\/\"><strong>U\u017eito\u010dn\u00e9 odkazy<\/strong><\/a><\/h1>\n<p>(vyberte si mo\u017enos\u0165)<\/p>\n","protected":false},"excerpt":{"rendered":"<p>Povinn\u00e9 zverej\u0148ovanie Usmernenia a metodick\u00e9 pokyny U\u017eito\u010dn\u00e9 odkazy (vyberte si mo\u017enos\u0165)<\/p>\n","protected":false},"author":1,"featured_media":0,"parent":0,"menu_order":0,"comment_status":"closed","ping_status":"closed","template":"","meta":{"_eb_attr":"","footnotes":""},"class_list":["post-260","page","type-page","status-publish","hentry"],"_links":{"self":[{"href":"https:\/\/masgemerrv.sk\/index.php\/wp-json\/wp\/v2\/pages\/260","targetHints":{"allow":["GET"]}}],"collection":[{"href":"https:\/\/masgemerrv.sk\/index.php\/wp-json\/wp\/v2\/pages"}],"about":[{"href":"https:\/\/masgemerrv.sk\/index.php\/wp-json\/wp\/v2\/types\/page"}],"author":[{"embeddable":true,"href":"https:\/\/masgemerrv.sk\/index.php\/wp-json\/wp\/v2\/users\/1"}],"replies":[{"embeddable":true,"href":"https:\/\/masgemerrv.sk\/index.php\/wp-json\/wp\/v2\/comments?post=260"}],"version-history":[{"count":3,"href":"https:\/\/masgemerrv.sk\/index.php\/wp-json\/wp\/v2\/pages\/260\/revisions"}],"predecessor-version":[{"id":2027,"href":"https:\/\/masgemerrv.sk\/index.php\/wp-json\/wp\/v2\/pages\/260\/revisions\/2027"}],"wp:attachment":[{"href":"https:\/\/masgemerrv.sk\/index.php\/wp-json\/wp\/v2\/media?parent=260"}],"curies":[{"name":"wp","href":"https:\/\/api.w.org\/{rel}","templated":true}]}}