{"id":259,"date":"2019-02-04T14:53:51","date_gmt":"2019-02-04T13:53:51","guid":{"rendered":"http:\/\/masgemerrv.sk\/?page_id=259"},"modified":"2025-04-04T10:36:47","modified_gmt":"2025-04-04T08:36:47","slug":"clld-vyzvy","status":"publish","type":"page","link":"https:\/\/masgemerrv.sk\/index.php\/clld-vyzvy\/","title":{"rendered":"CLLD\/V\u00fdzvy"},"content":{"rendered":"\t\t<div data-elementor-type=\"wp-page\" data-elementor-id=\"259\" class=\"elementor elementor-259\">\n\t\t\t\t\t\t<section class=\"elementor-section elementor-top-section elementor-element elementor-element-6d53ff1 elementor-section-boxed elementor-section-height-default elementor-section-height-default\" data-id=\"6d53ff1\" data-element_type=\"section\" data-e-type=\"section\">\n\t\t\t\t\t\t<div class=\"elementor-container elementor-column-gap-default\">\n\t\t\t\t\t<div class=\"elementor-column elementor-col-100 elementor-top-column elementor-element elementor-element-78fb2b\" data-id=\"78fb2b\" data-element_type=\"column\" data-e-type=\"column\">\n\t\t\t<div class=\"elementor-widget-wrap elementor-element-populated\">\n\t\t\t\t\t\t<div class=\"elementor-element elementor-element-4c1b2bec elementor-widget elementor-widget-text-editor\" data-id=\"4c1b2bec\" data-element_type=\"widget\" data-e-type=\"widget\" data-widget_type=\"text-editor.default\">\n\t\t\t\t<div class=\"elementor-widget-container\">\n\t\t\t\t\t\t\t\t\t<h1><a href=\"http:\/\/masgemerrv.sk\/index.php\/strategie-clld\/\"><strong>Strat\u00e9gie CLLD<\/strong><\/a><\/h1><h1><a href=\"http:\/\/masgemerrv.sk\/index.php\/opatrenia\/\"><strong>Opatrenia<\/strong><\/a><\/h1><h1><a href=\"http:\/\/masgemerrv.sk\/index.php\/aktualne-vyzvy\/\"><strong>Aktu\u00e1lne v\u00fdzvy<\/strong><\/a><\/h1><h1><a href=\"http:\/\/masgemerrv.sk\/index.php\/archiv-vyziev\/\"><strong>Arch\u00edv v\u00fdziev<\/strong><\/a><\/h1><h1><a href=\"http:\/\/masgemerrv.sk\/index.php\/harmonogram-vyziev\/\"><strong>Harmonogram v\u00fdziev<\/strong><\/a><\/h1><h1><a href=\"https:\/\/masgemerrv.sk\/index.php\/harmonogram-vyziev\/\"><strong>\u017diados\u0165 o platbu<\/strong><\/a><\/h1><p>(vyberte si mo\u017enos\u0165)<\/p>\t\t\t\t\t\t\t\t<\/div>\n\t\t\t\t<\/div>\n\t\t\t\t\t<\/div>\n\t\t<\/div>\n\t\t\t\t\t<\/div>\n\t\t<\/section>\n\t\t\t\t<\/div>\n\t\t","protected":false},"excerpt":{"rendered":"<p>Strat\u00e9gie CLLD Opatrenia Aktu\u00e1lne v\u00fdzvy Arch\u00edv v\u00fdziev Harmonogram v\u00fdziev \u017diados\u0165 o platbu (vyberte si mo\u017enos\u0165)<\/p>\n","protected":false},"author":1,"featured_media":0,"parent":0,"menu_order":0,"comment_status":"closed","ping_status":"closed","template":"","meta":{"_eb_attr":"","footnotes":""},"class_list":["post-259","page","type-page","status-publish","hentry"],"_links":{"self":[{"href":"https:\/\/masgemerrv.sk\/index.php\/wp-json\/wp\/v2\/pages\/259","targetHints":{"allow":["GET"]}}],"collection":[{"href":"https:\/\/masgemerrv.sk\/index.php\/wp-json\/wp\/v2\/pages"}],"about":[{"href":"https:\/\/masgemerrv.sk\/index.php\/wp-json\/wp\/v2\/types\/page"}],"author":[{"embeddable":true,"href":"https:\/\/masgemerrv.sk\/index.php\/wp-json\/wp\/v2\/users\/1"}],"replies":[{"embeddable":true,"href":"https:\/\/masgemerrv.sk\/index.php\/wp-json\/wp\/v2\/comments?post=259"}],"version-history":[{"count":6,"href":"https:\/\/masgemerrv.sk\/index.php\/wp-json\/wp\/v2\/pages\/259\/revisions"}],"predecessor-version":[{"id":1898,"href":"https:\/\/masgemerrv.sk\/index.php\/wp-json\/wp\/v2\/pages\/259\/revisions\/1898"}],"wp:attachment":[{"href":"https:\/\/masgemerrv.sk\/index.php\/wp-json\/wp\/v2\/media?parent=259"}],"curies":[{"name":"wp","href":"https:\/\/api.w.org\/{rel}","templated":true}]}}