{"id":258,"date":"2019-02-04T14:53:51","date_gmt":"2019-02-04T13:53:51","guid":{"rendered":"http:\/\/masgemerrv.sk\/?page_id=258"},"modified":"2025-06-26T14:12:45","modified_gmt":"2025-06-26T12:12:45","slug":"projekty","status":"publish","type":"page","link":"https:\/\/masgemerrv.sk\/index.php\/projekty\/","title":{"rendered":"Projekty"},"content":{"rendered":"\n<h1 class=\"wp-block-heading\"><a href=\"http:\/\/masgemerrv.sk\/index.php\/projekty-uzivatelov\/\"><strong>Projekty pou\u017e\u00edvate\u013eov<\/strong><\/a><\/h1>\n\n\n\n<h1 class=\"wp-block-heading\"><a href=\"http:\/\/masgemerrv.sk\/index.php\/povinne-zverejnovanie-2\/\"><strong>Povinn\u00e9 zverej\u0148ovanie<\/strong><\/a><\/h1>\n\n\n\n<figure class=\"wp-block-image size-large\"><img fetchpriority=\"high\" decoding=\"async\" width=\"724\" height=\"1024\" src=\"https:\/\/masgemerrv.sk\/wp-content\/uploads\/2025\/06\/mas-letak-web1-724x1024.jpg\" alt=\"\" class=\"wp-image-1922\" srcset=\"https:\/\/masgemerrv.sk\/wp-content\/uploads\/2025\/06\/mas-letak-web1-724x1024.jpg 724w, https:\/\/masgemerrv.sk\/wp-content\/uploads\/2025\/06\/mas-letak-web1-212x300.jpg 212w, https:\/\/masgemerrv.sk\/wp-content\/uploads\/2025\/06\/mas-letak-web1-768x1086.jpg 768w, https:\/\/masgemerrv.sk\/wp-content\/uploads\/2025\/06\/mas-letak-web1-1086x1536.jpg 1086w, https:\/\/masgemerrv.sk\/wp-content\/uploads\/2025\/06\/mas-letak-web1.jpg 1240w\" sizes=\"(max-width: 724px) 100vw, 724px\" \/><\/figure>\n\n\n\n\n\n<figure class=\"wp-block-image size-large\"><img decoding=\"async\" width=\"724\" height=\"1024\" src=\"https:\/\/masgemerrv.sk\/wp-content\/uploads\/2025\/06\/mas-letak-web2-724x1024.jpg\" alt=\"\" class=\"wp-image-1923\" srcset=\"https:\/\/masgemerrv.sk\/wp-content\/uploads\/2025\/06\/mas-letak-web2-724x1024.jpg 724w, https:\/\/masgemerrv.sk\/wp-content\/uploads\/2025\/06\/mas-letak-web2-212x300.jpg 212w, https:\/\/masgemerrv.sk\/wp-content\/uploads\/2025\/06\/mas-letak-web2-768x1086.jpg 768w, https:\/\/masgemerrv.sk\/wp-content\/uploads\/2025\/06\/mas-letak-web2-1086x1536.jpg 1086w, https:\/\/masgemerrv.sk\/wp-content\/uploads\/2025\/06\/mas-letak-web2.jpg 1240w\" sizes=\"(max-width: 724px) 100vw, 724px\" \/><\/figure>\n","protected":false},"excerpt":{"rendered":"<p>Projekty pou\u017e\u00edvate\u013eov Povinn\u00e9 zverej\u0148ovanie<\/p>\n","protected":false},"author":1,"featured_media":0,"parent":0,"menu_order":0,"comment_status":"closed","ping_status":"closed","template":"","meta":{"_eb_attr":"","footnotes":""},"class_list":["post-258","page","type-page","status-publish","hentry"],"_links":{"self":[{"href":"https:\/\/masgemerrv.sk\/index.php\/wp-json\/wp\/v2\/pages\/258","targetHints":{"allow":["GET"]}}],"collection":[{"href":"https:\/\/masgemerrv.sk\/index.php\/wp-json\/wp\/v2\/pages"}],"about":[{"href":"https:\/\/masgemerrv.sk\/index.php\/wp-json\/wp\/v2\/types\/page"}],"author":[{"embeddable":true,"href":"https:\/\/masgemerrv.sk\/index.php\/wp-json\/wp\/v2\/users\/1"}],"replies":[{"embeddable":true,"href":"https:\/\/masgemerrv.sk\/index.php\/wp-json\/wp\/v2\/comments?post=258"}],"version-history":[{"count":6,"href":"https:\/\/masgemerrv.sk\/index.php\/wp-json\/wp\/v2\/pages\/258\/revisions"}],"predecessor-version":[{"id":1925,"href":"https:\/\/masgemerrv.sk\/index.php\/wp-json\/wp\/v2\/pages\/258\/revisions\/1925"}],"wp:attachment":[{"href":"https:\/\/masgemerrv.sk\/index.php\/wp-json\/wp\/v2\/media?parent=258"}],"curies":[{"name":"wp","href":"https:\/\/api.w.org\/{rel}","templated":true}]}}