{"id":252,"date":"2019-02-04T14:53:51","date_gmt":"2019-02-04T13:53:51","guid":{"rendered":"http:\/\/masgemerrv.sk\/?page_id=252"},"modified":"2025-07-01T10:24:13","modified_gmt":"2025-07-01T08:24:13","slug":"obce-mas-2","status":"publish","type":"page","link":"https:\/\/masgemerrv.sk\/index.php\/obce-mas-2\/","title":{"rendered":"Obce MAS"},"content":{"rendered":"\n<p><\/p>\n\n\n\n<h2 class=\"wp-block-heading\"><a href=\"https:\/\/www.roznava.sk\/\">Mesto Ro\u017e\u0148ava<\/a><\/h2>\n\n\n\n<h2 class=\"wp-block-heading\"><a href=\"https:\/\/www.obeccucma.sk\/\">Obec \u010cu\u010dma<\/a><\/h2>\n\n\n\n<h2 class=\"wp-block-heading\"><a href=\"https:\/\/www.obecbrzotin.sk\/\">Obec Brzot\u00edn<\/a><\/h2>\n\n\n\n<h2 class=\"wp-block-heading\"><a href=\"https:\/\/www.kruzna.sk\/\">Obec Kru\u017en\u00e1<\/a><\/h2>\n\n\n\n<h2 class=\"wp-block-heading\"><a href=\"https:\/\/www.obecjovice.sk\/\">Obec Jovice<\/a><\/h2>\n\n\n\n<h2 class=\"wp-block-heading\"><a href=\"https:\/\/krhdlhaluka.sk\/\">Obec Kr\u00e1snohorsk\u00e1 Dlh\u00e1 L\u00faka<\/a><\/h2>\n\n\n\n<h2 class=\"wp-block-heading\"><a href=\"https:\/\/www.obeclipovnik.sk\/\">Obec Lipovn\u00edk<\/a><\/h2>\n\n\n\n<h2 class=\"wp-block-heading\"><a href=\"https:\/\/www.obeckovacova.sk\/\">Obec Kov\u00e1\u010dov\u00e1<\/a><\/h2>\n\n\n\n<h2 class=\"wp-block-heading\"><a href=\"https:\/\/www.obecdrnava.sk\/\">Obec Drnava<\/a><\/h2>\n\n\n\n<h2 class=\"wp-block-heading\"><a href=\"https:\/\/www.lucka-rv.sk\/\">Obec L\u00fa\u010dka<\/a><\/h2>\n\n\n\n<h2 class=\"wp-block-heading\"><a href=\"https:\/\/www.obecborka.sk\/\">Obec B\u00f4rka<\/a><\/h2>\n\n\n\n<h2 class=\"wp-block-heading\"><a href=\"https:\/\/www.obeckrasnohorskepodhradie.sk\/\">Obec Kr\u00e1snohorsk\u00e9 Podhradie<\/a><\/h2>\n\n\n\n<h2 class=\"wp-block-heading\"><a href=\"https:\/\/www.paca.sk\/\">Obec Pa\u010da<\/a><\/h2>\n\n\n\n<h2 class=\"wp-block-heading\"><a href=\"https:\/\/www.obecbetliar.sk\/\">Obec Betliar<\/a><\/h2>\n\n\n\n<p><\/p>\n","protected":false},"excerpt":{"rendered":"<p>Mesto Ro\u017e\u0148ava Obec \u010cu\u010dma Obec Brzot\u00edn Obec Kru\u017en\u00e1 Obec Jovice Obec Kr\u00e1snohorsk\u00e1 Dlh\u00e1 L\u00faka Obec Lipovn\u00edk Obec Kov\u00e1\u010dov\u00e1 Obec Drnava Obec L\u00fa\u010dka Obec B\u00f4rka Obec Kr\u00e1snohorsk\u00e9 Podhradie Obec Pa\u010da Obec Betliar<\/p>\n","protected":false},"author":1,"featured_media":0,"parent":0,"menu_order":0,"comment_status":"closed","ping_status":"closed","template":"","meta":{"_eb_attr":"","footnotes":""},"class_list":["post-252","page","type-page","status-publish","hentry"],"_links":{"self":[{"href":"https:\/\/masgemerrv.sk\/index.php\/wp-json\/wp\/v2\/pages\/252","targetHints":{"allow":["GET"]}}],"collection":[{"href":"https:\/\/masgemerrv.sk\/index.php\/wp-json\/wp\/v2\/pages"}],"about":[{"href":"https:\/\/masgemerrv.sk\/index.php\/wp-json\/wp\/v2\/types\/page"}],"author":[{"embeddable":true,"href":"https:\/\/masgemerrv.sk\/index.php\/wp-json\/wp\/v2\/users\/1"}],"replies":[{"embeddable":true,"href":"https:\/\/masgemerrv.sk\/index.php\/wp-json\/wp\/v2\/comments?post=252"}],"version-history":[{"count":4,"href":"https:\/\/masgemerrv.sk\/index.php\/wp-json\/wp\/v2\/pages\/252\/revisions"}],"predecessor-version":[{"id":2030,"href":"https:\/\/masgemerrv.sk\/index.php\/wp-json\/wp\/v2\/pages\/252\/revisions\/2030"}],"wp:attachment":[{"href":"https:\/\/masgemerrv.sk\/index.php\/wp-json\/wp\/v2\/media?parent=252"}],"curies":[{"name":"wp","href":"https:\/\/api.w.org\/{rel}","templated":true}]}}