{"id":251,"date":"2019-02-04T14:53:51","date_gmt":"2019-02-04T13:53:51","guid":{"rendered":"http:\/\/masgemerrv.sk\/?page_id=251"},"modified":"2025-06-26T14:07:40","modified_gmt":"2025-06-26T12:07:40","slug":"clenovia-mas","status":"publish","type":"page","link":"https:\/\/masgemerrv.sk\/index.php\/clenovia-mas\/","title":{"rendered":"\u010clenovia MAS"},"content":{"rendered":"<p><strong>Podnikate\u013esk\u00fd sektor:<\/strong><\/p>\n<p>AGREX s.r.o.<br \/>ENVILAW s.r.o.<br \/>PRO-FOREST Ro\u017e\u0148ava s.r.o.<br \/>SzTEL s.r.o<br \/>KESKO MOBILE s.r.o.<br \/>WEXIM TRUCK s.r.o.<br \/>Margita Legn\u00e1rov\u00e1<br \/>Zuzana N\u00e9meth<br \/>MVDR Eva Csernokov\u00e1<br \/>BUZG\u00d3, s. r. o.<\/p>\n<p><strong>Ob\u010diansky sektor:<\/strong><\/p>\n<p>Ob\u010dianske zdru\u017eenie FARMFOODS<br \/>Tri Ru\u017ee<br \/>Zdru\u017eenie gemersk\u00fdch remeseln\u00edkov-G\u00f6m\u00f6ri K\u00e9zm\u00fcvesek T\u00e1rsul\u00e1sa<br \/>Tom\u00e1\u0161 N\u00e9meth, Ing.<br \/>Katar\u00edna Rus\u0148\u00e1kov\u00e1, Ing.<br \/>Viktor Anna, Ing.<br \/>Janka Kesziov\u00e1<br \/>Gemersk\u00e9 region\u00e1lne zdru\u017eenie vlastn\u00edkov ne\u0161t\u00e1tnych lesov<br \/>Ob\u010dianske zdru\u017eenie spev\u00e1cky zbor &#8222;BERK\u00d6&#8220;<br \/>Folkl\u00f3rny s\u00fabor Borosty\u00e1n<\/p>\n<p><strong>Verejn\u00fd sektor:<\/strong><\/p>\n<p>Mesto Ro\u017e\u0148ava<br \/>Obec \u010cu\u010dma<br \/>Obec Brzot\u00edn<br \/>Obec Kru\u017en\u00e1<br \/>Obec Jovice<br \/>Obec Kr\u00e1snohorsk\u00e1 Dlh\u00e1 L\u00faka<br \/>Obec Lipovn\u00edk<br \/>Obec Kov\u00e1\u010dov\u00e1<br \/>Obec Drnava<br \/>Obec L\u00fa\u010dka<br \/>Obec B\u00f4rka<br \/>Obec Kr\u00e1snohorsk\u00e9 Podhradie<br \/>Obec Pa\u010da<br \/>Obec Betliar<\/p>\n\n\n<p><\/p>\n","protected":false},"excerpt":{"rendered":"<p>Podnikate\u013esk\u00fd sektor: AGREX s.r.o.ENVILAW s.r.o.PRO-FOREST Ro\u017e\u0148ava s.r.o.SzTEL s.r.oKESKO MOBILE s.r.o.WEXIM TRUCK s.r.o.Margita Legn\u00e1rov\u00e1Zuzana N\u00e9methMVDR Eva Csernokov\u00e1BUZG\u00d3, s. r. o. Ob\u010diansky sektor: Ob\u010dianske zdru\u017eenie FARMFOODSTri Ru\u017eeZdru\u017eenie gemersk\u00fdch remeseln\u00edkov-G\u00f6m\u00f6ri K\u00e9zm\u00fcvesek T\u00e1rsul\u00e1saTom\u00e1\u0161 N\u00e9meth, Ing.Katar\u00edna Rus\u0148\u00e1kov\u00e1, Ing.Viktor Anna, Ing.Janka Kesziov\u00e1Gemersk\u00e9 region\u00e1lne zdru\u017eenie vlastn\u00edkov ne\u0161t\u00e1tnych lesovOb\u010dianske zdru\u017eenie spev\u00e1cky zbor &#8222;BERK\u00d6&#8220;Folkl\u00f3rny s\u00fabor Borosty\u00e1n Verejn\u00fd sektor: Mesto Ro\u017e\u0148avaObec \u010cu\u010dmaObec Brzot\u00ednObec Kru\u017en\u00e1Obec JoviceObec <a class=\"read-more\" href=\"https:\/\/masgemerrv.sk\/index.php\/clenovia-mas\/\">\u010c\u00edta\u0165 viac&#8230;<\/a><\/p>\n","protected":false},"author":1,"featured_media":0,"parent":0,"menu_order":0,"comment_status":"closed","ping_status":"closed","template":"","meta":{"_eb_attr":"","footnotes":""},"class_list":["post-251","page","type-page","status-publish","hentry"],"_links":{"self":[{"href":"https:\/\/masgemerrv.sk\/index.php\/wp-json\/wp\/v2\/pages\/251","targetHints":{"allow":["GET"]}}],"collection":[{"href":"https:\/\/masgemerrv.sk\/index.php\/wp-json\/wp\/v2\/pages"}],"about":[{"href":"https:\/\/masgemerrv.sk\/index.php\/wp-json\/wp\/v2\/types\/page"}],"author":[{"embeddable":true,"href":"https:\/\/masgemerrv.sk\/index.php\/wp-json\/wp\/v2\/users\/1"}],"replies":[{"embeddable":true,"href":"https:\/\/masgemerrv.sk\/index.php\/wp-json\/wp\/v2\/comments?post=251"}],"version-history":[{"count":6,"href":"https:\/\/masgemerrv.sk\/index.php\/wp-json\/wp\/v2\/pages\/251\/revisions"}],"predecessor-version":[{"id":1920,"href":"https:\/\/masgemerrv.sk\/index.php\/wp-json\/wp\/v2\/pages\/251\/revisions\/1920"}],"wp:attachment":[{"href":"https:\/\/masgemerrv.sk\/index.php\/wp-json\/wp\/v2\/media?parent=251"}],"curies":[{"name":"wp","href":"https:\/\/api.w.org\/{rel}","templated":true}]}}