{"id":2135,"date":"2025-07-04T12:31:07","date_gmt":"2025-07-04T10:31:07","guid":{"rendered":"https:\/\/masgemerrv.sk\/?page_id=2135"},"modified":"2025-11-07T08:39:05","modified_gmt":"2025-11-07T07:39:05","slug":"obec-jovice-volnocasove-zariadenie-pre-rodiny-s-detmi","status":"publish","type":"page","link":"https:\/\/masgemerrv.sk\/index.php\/obec-jovice-volnocasove-zariadenie-pre-rodiny-s-detmi\/","title":{"rendered":"Obec Jovice &#8211; Vo\u013eno\u010dasov\u00e9 zariadenie pre rodiny s de\u0165mi"},"content":{"rendered":"\n<figure class=\"wp-block-image size-full\"><img fetchpriority=\"high\" decoding=\"async\" width=\"1000\" height=\"595\" src=\"https:\/\/masgemerrv.sk\/wp-content\/uploads\/2025\/11\/jovice-upr.jpg\" alt=\"\" class=\"wp-image-2182\" srcset=\"https:\/\/masgemerrv.sk\/wp-content\/uploads\/2025\/11\/jovice-upr.jpg 1000w, https:\/\/masgemerrv.sk\/wp-content\/uploads\/2025\/11\/jovice-upr-300x179.jpg 300w, https:\/\/masgemerrv.sk\/wp-content\/uploads\/2025\/11\/jovice-upr-768x457.jpg 768w\" sizes=\"(max-width: 1000px) 100vw, 1000px\" \/><\/figure>\n\n\n\n<p><\/p>\n","protected":false},"excerpt":{"rendered":"","protected":false},"author":1,"featured_media":0,"parent":0,"menu_order":0,"comment_status":"closed","ping_status":"closed","template":"","meta":{"_eb_attr":"","footnotes":""},"class_list":["post-2135","page","type-page","status-publish","hentry"],"_links":{"self":[{"href":"https:\/\/masgemerrv.sk\/index.php\/wp-json\/wp\/v2\/pages\/2135","targetHints":{"allow":["GET"]}}],"collection":[{"href":"https:\/\/masgemerrv.sk\/index.php\/wp-json\/wp\/v2\/pages"}],"about":[{"href":"https:\/\/masgemerrv.sk\/index.php\/wp-json\/wp\/v2\/types\/page"}],"author":[{"embeddable":true,"href":"https:\/\/masgemerrv.sk\/index.php\/wp-json\/wp\/v2\/users\/1"}],"replies":[{"embeddable":true,"href":"https:\/\/masgemerrv.sk\/index.php\/wp-json\/wp\/v2\/comments?post=2135"}],"version-history":[{"count":2,"href":"https:\/\/masgemerrv.sk\/index.php\/wp-json\/wp\/v2\/pages\/2135\/revisions"}],"predecessor-version":[{"id":2183,"href":"https:\/\/masgemerrv.sk\/index.php\/wp-json\/wp\/v2\/pages\/2135\/revisions\/2183"}],"wp:attachment":[{"href":"https:\/\/masgemerrv.sk\/index.php\/wp-json\/wp\/v2\/media?parent=2135"}],"curies":[{"name":"wp","href":"https:\/\/api.w.org\/{rel}","templated":true}]}}