{"id":2131,"date":"2025-07-04T12:28:22","date_gmt":"2025-07-04T10:28:22","guid":{"rendered":"https:\/\/masgemerrv.sk\/?page_id=2131"},"modified":"2025-11-07T08:40:16","modified_gmt":"2025-11-07T07:40:16","slug":"mesto-roznava-obnova-povrchu-miestnej-komunikacie-krasnohorska-ul-roznava","status":"publish","type":"page","link":"https:\/\/masgemerrv.sk\/index.php\/mesto-roznava-obnova-povrchu-miestnej-komunikacie-krasnohorska-ul-roznava\/","title":{"rendered":"Mesto Ro\u017e\u0148ava &#8211; Obnova povrchu miestnej komunik\u00e1cie, Kr\u00e1snohorsk\u00e1 ul. Ro\u017e\u0148ava"},"content":{"rendered":"\n<figure class=\"wp-block-image size-full\"><img fetchpriority=\"high\" decoding=\"async\" width=\"1000\" height=\"589\" src=\"https:\/\/masgemerrv.sk\/wp-content\/uploads\/2025\/11\/RV-upr.jpg\" alt=\"\" class=\"wp-image-2184\" srcset=\"https:\/\/masgemerrv.sk\/wp-content\/uploads\/2025\/11\/RV-upr.jpg 1000w, https:\/\/masgemerrv.sk\/wp-content\/uploads\/2025\/11\/RV-upr-300x177.jpg 300w, https:\/\/masgemerrv.sk\/wp-content\/uploads\/2025\/11\/RV-upr-768x452.jpg 768w\" sizes=\"(max-width: 1000px) 100vw, 1000px\" \/><\/figure>\n\n\n\n<p><\/p>\n","protected":false},"excerpt":{"rendered":"","protected":false},"author":1,"featured_media":0,"parent":0,"menu_order":0,"comment_status":"closed","ping_status":"closed","template":"","meta":{"_eb_attr":"","footnotes":""},"class_list":["post-2131","page","type-page","status-publish","hentry"],"_links":{"self":[{"href":"https:\/\/masgemerrv.sk\/index.php\/wp-json\/wp\/v2\/pages\/2131","targetHints":{"allow":["GET"]}}],"collection":[{"href":"https:\/\/masgemerrv.sk\/index.php\/wp-json\/wp\/v2\/pages"}],"about":[{"href":"https:\/\/masgemerrv.sk\/index.php\/wp-json\/wp\/v2\/types\/page"}],"author":[{"embeddable":true,"href":"https:\/\/masgemerrv.sk\/index.php\/wp-json\/wp\/v2\/users\/1"}],"replies":[{"embeddable":true,"href":"https:\/\/masgemerrv.sk\/index.php\/wp-json\/wp\/v2\/comments?post=2131"}],"version-history":[{"count":2,"href":"https:\/\/masgemerrv.sk\/index.php\/wp-json\/wp\/v2\/pages\/2131\/revisions"}],"predecessor-version":[{"id":2185,"href":"https:\/\/masgemerrv.sk\/index.php\/wp-json\/wp\/v2\/pages\/2131\/revisions\/2185"}],"wp:attachment":[{"href":"https:\/\/masgemerrv.sk\/index.php\/wp-json\/wp\/v2\/media?parent=2131"}],"curies":[{"name":"wp","href":"https:\/\/api.w.org\/{rel}","templated":true}]}}