{"id":2126,"date":"2025-07-04T12:25:21","date_gmt":"2025-07-04T10:25:21","guid":{"rendered":"https:\/\/masgemerrv.sk\/?page_id=2126"},"modified":"2025-11-07T08:40:42","modified_gmt":"2025-11-07T07:40:42","slug":"mikrovak-s-r-o-nakup-uzitkoveho-vozidla-a-privesu-na-prepravu-a-skladovanie-hotovych-jedal-v-spolocnosti-mikrovak","status":"publish","type":"page","link":"https:\/\/masgemerrv.sk\/index.php\/mikrovak-s-r-o-nakup-uzitkoveho-vozidla-a-privesu-na-prepravu-a-skladovanie-hotovych-jedal-v-spolocnosti-mikrovak\/","title":{"rendered":"Mikrovak s.r.o. &#8211; N\u00e1kup \u00fa\u017eitkov\u00e9ho vozidla a pr\u00edvesu na prepravu a skladovanie hotov\u00fdch jed\u00e1l v spolo\u010dnosti Mikrovak"},"content":{"rendered":"\n<figure class=\"wp-block-image size-full\"><img fetchpriority=\"high\" decoding=\"async\" width=\"1000\" height=\"586\" src=\"https:\/\/masgemerrv.sk\/wp-content\/uploads\/2025\/11\/mikrovak-upr.jpg\" alt=\"\" class=\"wp-image-2186\" srcset=\"https:\/\/masgemerrv.sk\/wp-content\/uploads\/2025\/11\/mikrovak-upr.jpg 1000w, https:\/\/masgemerrv.sk\/wp-content\/uploads\/2025\/11\/mikrovak-upr-300x176.jpg 300w, https:\/\/masgemerrv.sk\/wp-content\/uploads\/2025\/11\/mikrovak-upr-768x450.jpg 768w\" sizes=\"(max-width: 1000px) 100vw, 1000px\" \/><\/figure>\n\n\n\n<p><\/p>\n","protected":false},"excerpt":{"rendered":"","protected":false},"author":1,"featured_media":0,"parent":0,"menu_order":0,"comment_status":"closed","ping_status":"closed","template":"","meta":{"_eb_attr":"","footnotes":""},"class_list":["post-2126","page","type-page","status-publish","hentry"],"_links":{"self":[{"href":"https:\/\/masgemerrv.sk\/index.php\/wp-json\/wp\/v2\/pages\/2126","targetHints":{"allow":["GET"]}}],"collection":[{"href":"https:\/\/masgemerrv.sk\/index.php\/wp-json\/wp\/v2\/pages"}],"about":[{"href":"https:\/\/masgemerrv.sk\/index.php\/wp-json\/wp\/v2\/types\/page"}],"author":[{"embeddable":true,"href":"https:\/\/masgemerrv.sk\/index.php\/wp-json\/wp\/v2\/users\/1"}],"replies":[{"embeddable":true,"href":"https:\/\/masgemerrv.sk\/index.php\/wp-json\/wp\/v2\/comments?post=2126"}],"version-history":[{"count":2,"href":"https:\/\/masgemerrv.sk\/index.php\/wp-json\/wp\/v2\/pages\/2126\/revisions"}],"predecessor-version":[{"id":2187,"href":"https:\/\/masgemerrv.sk\/index.php\/wp-json\/wp\/v2\/pages\/2126\/revisions\/2187"}],"wp:attachment":[{"href":"https:\/\/masgemerrv.sk\/index.php\/wp-json\/wp\/v2\/media?parent=2126"}],"curies":[{"name":"wp","href":"https:\/\/api.w.org\/{rel}","templated":true}]}}