{"id":2122,"date":"2025-07-04T12:22:30","date_gmt":"2025-07-04T10:22:30","guid":{"rendered":"https:\/\/masgemerrv.sk\/?page_id=2122"},"modified":"2025-07-04T12:22:30","modified_gmt":"2025-07-04T10:22:30","slug":"margita-legnarova-rozvoj-relaxacnych-cinnosti-v-ubytovacom-zariadeni-tri-ruze-exterierovy-saunovy-dom-s-odpocivadlom-a-zastresenou-virivkou","status":"publish","type":"page","link":"https:\/\/masgemerrv.sk\/index.php\/margita-legnarova-rozvoj-relaxacnych-cinnosti-v-ubytovacom-zariadeni-tri-ruze-exterierovy-saunovy-dom-s-odpocivadlom-a-zastresenou-virivkou\/","title":{"rendered":"Margita Legn\u00e1rov\u00e1 &#8211; Rozvoj relaxa\u010dn\u00fdch \u010dinnost\u00ed v ubytovacom zariaden\u00ed Tri Ru\u017ee &#8211; Exteri\u00e9rov\u00fd saunov\u00fd dom s odpo\u010d\u00edvadlom a zastre\u0161enou v\u00edrivkou"},"content":{"rendered":"\n<figure class=\"wp-block-image size-large\"><img fetchpriority=\"high\" decoding=\"async\" width=\"1024\" height=\"576\" src=\"https:\/\/masgemerrv.sk\/wp-content\/uploads\/2025\/07\/margita-legnarova-1024x576.jpg\" alt=\"\" class=\"wp-image-2123\" srcset=\"https:\/\/masgemerrv.sk\/wp-content\/uploads\/2025\/07\/margita-legnarova-1024x576.jpg 1024w, https:\/\/masgemerrv.sk\/wp-content\/uploads\/2025\/07\/margita-legnarova-300x169.jpg 300w, https:\/\/masgemerrv.sk\/wp-content\/uploads\/2025\/07\/margita-legnarova-768x432.jpg 768w, https:\/\/masgemerrv.sk\/wp-content\/uploads\/2025\/07\/margita-legnarova-1536x864.jpg 1536w, https:\/\/masgemerrv.sk\/wp-content\/uploads\/2025\/07\/margita-legnarova-2048x1152.jpg 2048w\" sizes=\"(max-width: 1024px) 100vw, 1024px\" \/><\/figure>\n\n\n\n<p><\/p>\n","protected":false},"excerpt":{"rendered":"","protected":false},"author":1,"featured_media":0,"parent":0,"menu_order":0,"comment_status":"closed","ping_status":"closed","template":"","meta":{"_eb_attr":"","footnotes":""},"class_list":["post-2122","page","type-page","status-publish","hentry"],"_links":{"self":[{"href":"https:\/\/masgemerrv.sk\/index.php\/wp-json\/wp\/v2\/pages\/2122","targetHints":{"allow":["GET"]}}],"collection":[{"href":"https:\/\/masgemerrv.sk\/index.php\/wp-json\/wp\/v2\/pages"}],"about":[{"href":"https:\/\/masgemerrv.sk\/index.php\/wp-json\/wp\/v2\/types\/page"}],"author":[{"embeddable":true,"href":"https:\/\/masgemerrv.sk\/index.php\/wp-json\/wp\/v2\/users\/1"}],"replies":[{"embeddable":true,"href":"https:\/\/masgemerrv.sk\/index.php\/wp-json\/wp\/v2\/comments?post=2122"}],"version-history":[{"count":1,"href":"https:\/\/masgemerrv.sk\/index.php\/wp-json\/wp\/v2\/pages\/2122\/revisions"}],"predecessor-version":[{"id":2124,"href":"https:\/\/masgemerrv.sk\/index.php\/wp-json\/wp\/v2\/pages\/2122\/revisions\/2124"}],"wp:attachment":[{"href":"https:\/\/masgemerrv.sk\/index.php\/wp-json\/wp\/v2\/media?parent=2122"}],"curies":[{"name":"wp","href":"https:\/\/api.w.org\/{rel}","templated":true}]}}