{"id":2106,"date":"2025-07-04T12:08:19","date_gmt":"2025-07-04T10:08:19","guid":{"rendered":"https:\/\/masgemerrv.sk\/?page_id=2106"},"modified":"2025-11-07T08:42:47","modified_gmt":"2025-11-07T07:42:47","slug":"obec-betliar-objav-betliar-novymi-prvkami-turistickej-informacnej-infrastruktury","status":"publish","type":"page","link":"https:\/\/masgemerrv.sk\/index.php\/obec-betliar-objav-betliar-novymi-prvkami-turistickej-informacnej-infrastruktury\/","title":{"rendered":"Obec Betliar &#8211; Objav Betliar nov\u00fdmi prvkami turistickej informa\u010dnej infra\u0161trukt\u00fary"},"content":{"rendered":"\n<figure class=\"wp-block-image size-full\"><img fetchpriority=\"high\" decoding=\"async\" width=\"1000\" height=\"585\" src=\"https:\/\/masgemerrv.sk\/wp-content\/uploads\/2025\/11\/betliar-upr.jpg\" alt=\"\" class=\"wp-image-2190\" srcset=\"https:\/\/masgemerrv.sk\/wp-content\/uploads\/2025\/11\/betliar-upr.jpg 1000w, https:\/\/masgemerrv.sk\/wp-content\/uploads\/2025\/11\/betliar-upr-300x176.jpg 300w, https:\/\/masgemerrv.sk\/wp-content\/uploads\/2025\/11\/betliar-upr-768x449.jpg 768w\" sizes=\"(max-width: 1000px) 100vw, 1000px\" \/><\/figure>\n\n\n\n<p><\/p>\n","protected":false},"excerpt":{"rendered":"","protected":false},"author":1,"featured_media":0,"parent":0,"menu_order":0,"comment_status":"closed","ping_status":"closed","template":"","meta":{"_eb_attr":"","footnotes":""},"class_list":["post-2106","page","type-page","status-publish","hentry"],"_links":{"self":[{"href":"https:\/\/masgemerrv.sk\/index.php\/wp-json\/wp\/v2\/pages\/2106","targetHints":{"allow":["GET"]}}],"collection":[{"href":"https:\/\/masgemerrv.sk\/index.php\/wp-json\/wp\/v2\/pages"}],"about":[{"href":"https:\/\/masgemerrv.sk\/index.php\/wp-json\/wp\/v2\/types\/page"}],"author":[{"embeddable":true,"href":"https:\/\/masgemerrv.sk\/index.php\/wp-json\/wp\/v2\/users\/1"}],"replies":[{"embeddable":true,"href":"https:\/\/masgemerrv.sk\/index.php\/wp-json\/wp\/v2\/comments?post=2106"}],"version-history":[{"count":2,"href":"https:\/\/masgemerrv.sk\/index.php\/wp-json\/wp\/v2\/pages\/2106\/revisions"}],"predecessor-version":[{"id":2191,"href":"https:\/\/masgemerrv.sk\/index.php\/wp-json\/wp\/v2\/pages\/2106\/revisions\/2191"}],"wp:attachment":[{"href":"https:\/\/masgemerrv.sk\/index.php\/wp-json\/wp\/v2\/media?parent=2106"}],"curies":[{"name":"wp","href":"https:\/\/api.w.org\/{rel}","templated":true}]}}