{"id":2102,"date":"2025-07-04T12:05:18","date_gmt":"2025-07-04T10:05:18","guid":{"rendered":"https:\/\/masgemerrv.sk\/?page_id=2102"},"modified":"2025-11-07T08:43:19","modified_gmt":"2025-11-07T07:43:19","slug":"obec-paca-obnova-ludoveho-domu-a-okolia","status":"publish","type":"page","link":"https:\/\/masgemerrv.sk\/index.php\/obec-paca-obnova-ludoveho-domu-a-okolia\/","title":{"rendered":"Obec Pa\u010da &#8211; Obnova \u013eudov\u00e9ho domu a okolia"},"content":{"rendered":"\n<figure class=\"wp-block-image size-full\"><img fetchpriority=\"high\" decoding=\"async\" width=\"1000\" height=\"593\" src=\"https:\/\/masgemerrv.sk\/wp-content\/uploads\/2025\/11\/paca-upr.jpg\" alt=\"\" class=\"wp-image-2192\" srcset=\"https:\/\/masgemerrv.sk\/wp-content\/uploads\/2025\/11\/paca-upr.jpg 1000w, https:\/\/masgemerrv.sk\/wp-content\/uploads\/2025\/11\/paca-upr-300x178.jpg 300w, https:\/\/masgemerrv.sk\/wp-content\/uploads\/2025\/11\/paca-upr-768x455.jpg 768w\" sizes=\"(max-width: 1000px) 100vw, 1000px\" \/><\/figure>\n\n\n\n<p><\/p>\n","protected":false},"excerpt":{"rendered":"","protected":false},"author":1,"featured_media":0,"parent":0,"menu_order":0,"comment_status":"closed","ping_status":"closed","template":"","meta":{"_eb_attr":"","footnotes":""},"class_list":["post-2102","page","type-page","status-publish","hentry"],"_links":{"self":[{"href":"https:\/\/masgemerrv.sk\/index.php\/wp-json\/wp\/v2\/pages\/2102","targetHints":{"allow":["GET"]}}],"collection":[{"href":"https:\/\/masgemerrv.sk\/index.php\/wp-json\/wp\/v2\/pages"}],"about":[{"href":"https:\/\/masgemerrv.sk\/index.php\/wp-json\/wp\/v2\/types\/page"}],"author":[{"embeddable":true,"href":"https:\/\/masgemerrv.sk\/index.php\/wp-json\/wp\/v2\/users\/1"}],"replies":[{"embeddable":true,"href":"https:\/\/masgemerrv.sk\/index.php\/wp-json\/wp\/v2\/comments?post=2102"}],"version-history":[{"count":2,"href":"https:\/\/masgemerrv.sk\/index.php\/wp-json\/wp\/v2\/pages\/2102\/revisions"}],"predecessor-version":[{"id":2193,"href":"https:\/\/masgemerrv.sk\/index.php\/wp-json\/wp\/v2\/pages\/2102\/revisions\/2193"}],"wp:attachment":[{"href":"https:\/\/masgemerrv.sk\/index.php\/wp-json\/wp\/v2\/media?parent=2102"}],"curies":[{"name":"wp","href":"https:\/\/api.w.org\/{rel}","templated":true}]}}