{"id":2098,"date":"2025-07-04T12:02:14","date_gmt":"2025-07-04T10:02:14","guid":{"rendered":"https:\/\/masgemerrv.sk\/?page_id=2098"},"modified":"2025-07-04T12:02:14","modified_gmt":"2025-07-04T10:02:14","slug":"gemgal-s-r-o-roznava-r-s-p-rozvoj-relaxacnych-a-rekreacnych-cinnosti-v-penzione-u-bieleho-kona","status":"publish","type":"page","link":"https:\/\/masgemerrv.sk\/index.php\/gemgal-s-r-o-roznava-r-s-p-rozvoj-relaxacnych-a-rekreacnych-cinnosti-v-penzione-u-bieleho-kona\/","title":{"rendered":"GEMGAL s.r.o. Ro\u017e\u0148ava r.s.p. &#8211; Rozvoj relaxa\u010dn\u00fdch a rekrea\u010dn\u00fdch \u010dinnost\u00ed v Penzi\u00f3ne U bieleho ko\u0148a"},"content":{"rendered":"\n<figure class=\"wp-block-image size-large\"><img fetchpriority=\"high\" decoding=\"async\" width=\"1024\" height=\"576\" src=\"https:\/\/masgemerrv.sk\/wp-content\/uploads\/2025\/07\/gemgal-1024x576.jpg\" alt=\"\" class=\"wp-image-2099\" srcset=\"https:\/\/masgemerrv.sk\/wp-content\/uploads\/2025\/07\/gemgal-1024x576.jpg 1024w, https:\/\/masgemerrv.sk\/wp-content\/uploads\/2025\/07\/gemgal-300x169.jpg 300w, https:\/\/masgemerrv.sk\/wp-content\/uploads\/2025\/07\/gemgal-768x432.jpg 768w, https:\/\/masgemerrv.sk\/wp-content\/uploads\/2025\/07\/gemgal-1536x864.jpg 1536w, https:\/\/masgemerrv.sk\/wp-content\/uploads\/2025\/07\/gemgal-2048x1152.jpg 2048w\" sizes=\"(max-width: 1024px) 100vw, 1024px\" \/><\/figure>\n\n\n\n<p><\/p>\n","protected":false},"excerpt":{"rendered":"","protected":false},"author":1,"featured_media":0,"parent":0,"menu_order":0,"comment_status":"closed","ping_status":"closed","template":"","meta":{"_eb_attr":"","footnotes":""},"class_list":["post-2098","page","type-page","status-publish","hentry"],"_links":{"self":[{"href":"https:\/\/masgemerrv.sk\/index.php\/wp-json\/wp\/v2\/pages\/2098","targetHints":{"allow":["GET"]}}],"collection":[{"href":"https:\/\/masgemerrv.sk\/index.php\/wp-json\/wp\/v2\/pages"}],"about":[{"href":"https:\/\/masgemerrv.sk\/index.php\/wp-json\/wp\/v2\/types\/page"}],"author":[{"embeddable":true,"href":"https:\/\/masgemerrv.sk\/index.php\/wp-json\/wp\/v2\/users\/1"}],"replies":[{"embeddable":true,"href":"https:\/\/masgemerrv.sk\/index.php\/wp-json\/wp\/v2\/comments?post=2098"}],"version-history":[{"count":1,"href":"https:\/\/masgemerrv.sk\/index.php\/wp-json\/wp\/v2\/pages\/2098\/revisions"}],"predecessor-version":[{"id":2100,"href":"https:\/\/masgemerrv.sk\/index.php\/wp-json\/wp\/v2\/pages\/2098\/revisions\/2100"}],"wp:attachment":[{"href":"https:\/\/masgemerrv.sk\/index.php\/wp-json\/wp\/v2\/media?parent=2098"}],"curies":[{"name":"wp","href":"https:\/\/api.w.org\/{rel}","templated":true}]}}