{"id":2069,"date":"2025-07-04T11:13:21","date_gmt":"2025-07-04T09:13:21","guid":{"rendered":"https:\/\/masgemerrv.sk\/?page_id=2069"},"modified":"2025-07-04T11:13:21","modified_gmt":"2025-07-04T09:13:21","slug":"monika-repassyova-polovnicky-a-vyhliadkovy-posed-s-moznostou-prespania-a-oddychu","status":"publish","type":"page","link":"https:\/\/masgemerrv.sk\/index.php\/monika-repassyova-polovnicky-a-vyhliadkovy-posed-s-moznostou-prespania-a-oddychu\/","title":{"rendered":"Monika R\u00e9passyov\u00e1 &#8211; Po\u013eovn\u00edcky a vyhliadkov\u00fd posed s mo\u017enos\u0165ou prespania a oddychu"},"content":{"rendered":"\n<figure class=\"wp-block-image size-large\"><img fetchpriority=\"high\" decoding=\"async\" width=\"1024\" height=\"576\" src=\"https:\/\/masgemerrv.sk\/wp-content\/uploads\/2025\/07\/monika-repassyova-1024x576.jpg\" alt=\"\" class=\"wp-image-2070\" srcset=\"https:\/\/masgemerrv.sk\/wp-content\/uploads\/2025\/07\/monika-repassyova-1024x576.jpg 1024w, https:\/\/masgemerrv.sk\/wp-content\/uploads\/2025\/07\/monika-repassyova-300x169.jpg 300w, https:\/\/masgemerrv.sk\/wp-content\/uploads\/2025\/07\/monika-repassyova-768x432.jpg 768w, https:\/\/masgemerrv.sk\/wp-content\/uploads\/2025\/07\/monika-repassyova-1536x864.jpg 1536w, https:\/\/masgemerrv.sk\/wp-content\/uploads\/2025\/07\/monika-repassyova-2048x1152.jpg 2048w\" sizes=\"(max-width: 1024px) 100vw, 1024px\" \/><\/figure>\n\n\n\n<p><\/p>\n","protected":false},"excerpt":{"rendered":"","protected":false},"author":1,"featured_media":0,"parent":0,"menu_order":0,"comment_status":"closed","ping_status":"closed","template":"","meta":{"_eb_attr":"","footnotes":""},"class_list":["post-2069","page","type-page","status-publish","hentry"],"_links":{"self":[{"href":"https:\/\/masgemerrv.sk\/index.php\/wp-json\/wp\/v2\/pages\/2069","targetHints":{"allow":["GET"]}}],"collection":[{"href":"https:\/\/masgemerrv.sk\/index.php\/wp-json\/wp\/v2\/pages"}],"about":[{"href":"https:\/\/masgemerrv.sk\/index.php\/wp-json\/wp\/v2\/types\/page"}],"author":[{"embeddable":true,"href":"https:\/\/masgemerrv.sk\/index.php\/wp-json\/wp\/v2\/users\/1"}],"replies":[{"embeddable":true,"href":"https:\/\/masgemerrv.sk\/index.php\/wp-json\/wp\/v2\/comments?post=2069"}],"version-history":[{"count":1,"href":"https:\/\/masgemerrv.sk\/index.php\/wp-json\/wp\/v2\/pages\/2069\/revisions"}],"predecessor-version":[{"id":2071,"href":"https:\/\/masgemerrv.sk\/index.php\/wp-json\/wp\/v2\/pages\/2069\/revisions\/2071"}],"wp:attachment":[{"href":"https:\/\/masgemerrv.sk\/index.php\/wp-json\/wp\/v2\/media?parent=2069"}],"curies":[{"name":"wp","href":"https:\/\/api.w.org\/{rel}","templated":true}]}}