{"id":2065,"date":"2025-07-04T11:09:50","date_gmt":"2025-07-04T09:09:50","guid":{"rendered":"https:\/\/masgemerrv.sk\/?page_id=2065"},"modified":"2025-07-04T11:09:50","modified_gmt":"2025-07-04T09:09:50","slug":"buzgo-s-r-o-vyrobky-z-dreva-prutia-a-supolia-buzgo-infopoint","status":"publish","type":"page","link":"https:\/\/masgemerrv.sk\/index.php\/buzgo-s-r-o-vyrobky-z-dreva-prutia-a-supolia-buzgo-infopoint\/","title":{"rendered":"Buzg\u00f3, s.r.o. &#8211; V\u00fdrobky z dreva, pr\u00fatia a \u0161\u00fapolia &#8211; BUZG\u00d3 infopoint"},"content":{"rendered":"\n<figure class=\"wp-block-image size-large\"><img fetchpriority=\"high\" decoding=\"async\" width=\"1024\" height=\"576\" src=\"https:\/\/masgemerrv.sk\/wp-content\/uploads\/2025\/07\/buzgo-1024x576.jpg\" alt=\"\" class=\"wp-image-2066\" srcset=\"https:\/\/masgemerrv.sk\/wp-content\/uploads\/2025\/07\/buzgo-1024x576.jpg 1024w, https:\/\/masgemerrv.sk\/wp-content\/uploads\/2025\/07\/buzgo-300x169.jpg 300w, https:\/\/masgemerrv.sk\/wp-content\/uploads\/2025\/07\/buzgo-768x432.jpg 768w, https:\/\/masgemerrv.sk\/wp-content\/uploads\/2025\/07\/buzgo-1536x864.jpg 1536w, https:\/\/masgemerrv.sk\/wp-content\/uploads\/2025\/07\/buzgo-2048x1152.jpg 2048w\" sizes=\"(max-width: 1024px) 100vw, 1024px\" \/><\/figure>\n\n\n\n<p><\/p>\n","protected":false},"excerpt":{"rendered":"","protected":false},"author":1,"featured_media":0,"parent":0,"menu_order":0,"comment_status":"closed","ping_status":"closed","template":"","meta":{"_eb_attr":"","footnotes":""},"class_list":["post-2065","page","type-page","status-publish","hentry"],"_links":{"self":[{"href":"https:\/\/masgemerrv.sk\/index.php\/wp-json\/wp\/v2\/pages\/2065","targetHints":{"allow":["GET"]}}],"collection":[{"href":"https:\/\/masgemerrv.sk\/index.php\/wp-json\/wp\/v2\/pages"}],"about":[{"href":"https:\/\/masgemerrv.sk\/index.php\/wp-json\/wp\/v2\/types\/page"}],"author":[{"embeddable":true,"href":"https:\/\/masgemerrv.sk\/index.php\/wp-json\/wp\/v2\/users\/1"}],"replies":[{"embeddable":true,"href":"https:\/\/masgemerrv.sk\/index.php\/wp-json\/wp\/v2\/comments?post=2065"}],"version-history":[{"count":1,"href":"https:\/\/masgemerrv.sk\/index.php\/wp-json\/wp\/v2\/pages\/2065\/revisions"}],"predecessor-version":[{"id":2067,"href":"https:\/\/masgemerrv.sk\/index.php\/wp-json\/wp\/v2\/pages\/2065\/revisions\/2067"}],"wp:attachment":[{"href":"https:\/\/masgemerrv.sk\/index.php\/wp-json\/wp\/v2\/media?parent=2065"}],"curies":[{"name":"wp","href":"https:\/\/api.w.org\/{rel}","templated":true}]}}