{"id":2044,"date":"2025-07-04T09:37:56","date_gmt":"2025-07-04T07:37:56","guid":{"rendered":"https:\/\/masgemerrv.sk\/?page_id=2044"},"modified":"2025-07-04T09:44:27","modified_gmt":"2025-07-04T07:44:27","slug":"2044-2","status":"publish","type":"page","link":"https:\/\/masgemerrv.sk\/index.php\/2044-2\/","title":{"rendered":"Obec Brzot\u00edn &#8211; V\u00fdstavba parkoviska pri autobusovej zast\u00e1vke v obci Brzot\u00edn"},"content":{"rendered":"\n<figure class=\"wp-block-image size-large\"><img fetchpriority=\"high\" decoding=\"async\" width=\"1024\" height=\"576\" src=\"https:\/\/masgemerrv.sk\/wp-content\/uploads\/2025\/07\/brzotin-parkovisko-1024x576.jpg\" alt=\"\" class=\"wp-image-2045\" srcset=\"https:\/\/masgemerrv.sk\/wp-content\/uploads\/2025\/07\/brzotin-parkovisko-1024x576.jpg 1024w, https:\/\/masgemerrv.sk\/wp-content\/uploads\/2025\/07\/brzotin-parkovisko-300x169.jpg 300w, https:\/\/masgemerrv.sk\/wp-content\/uploads\/2025\/07\/brzotin-parkovisko-768x432.jpg 768w, https:\/\/masgemerrv.sk\/wp-content\/uploads\/2025\/07\/brzotin-parkovisko-1536x864.jpg 1536w, https:\/\/masgemerrv.sk\/wp-content\/uploads\/2025\/07\/brzotin-parkovisko-2048x1152.jpg 2048w\" sizes=\"(max-width: 1024px) 100vw, 1024px\" \/><\/figure>\n\n\n\n<p><\/p>\n","protected":false},"excerpt":{"rendered":"","protected":false},"author":1,"featured_media":0,"parent":0,"menu_order":0,"comment_status":"closed","ping_status":"closed","template":"","meta":{"_eb_attr":"","footnotes":""},"class_list":["post-2044","page","type-page","status-publish","hentry"],"_links":{"self":[{"href":"https:\/\/masgemerrv.sk\/index.php\/wp-json\/wp\/v2\/pages\/2044","targetHints":{"allow":["GET"]}}],"collection":[{"href":"https:\/\/masgemerrv.sk\/index.php\/wp-json\/wp\/v2\/pages"}],"about":[{"href":"https:\/\/masgemerrv.sk\/index.php\/wp-json\/wp\/v2\/types\/page"}],"author":[{"embeddable":true,"href":"https:\/\/masgemerrv.sk\/index.php\/wp-json\/wp\/v2\/users\/1"}],"replies":[{"embeddable":true,"href":"https:\/\/masgemerrv.sk\/index.php\/wp-json\/wp\/v2\/comments?post=2044"}],"version-history":[{"count":2,"href":"https:\/\/masgemerrv.sk\/index.php\/wp-json\/wp\/v2\/pages\/2044\/revisions"}],"predecessor-version":[{"id":2049,"href":"https:\/\/masgemerrv.sk\/index.php\/wp-json\/wp\/v2\/pages\/2044\/revisions\/2049"}],"wp:attachment":[{"href":"https:\/\/masgemerrv.sk\/index.php\/wp-json\/wp\/v2\/media?parent=2044"}],"curies":[{"name":"wp","href":"https:\/\/api.w.org\/{rel}","templated":true}]}}