{"id":2034,"date":"2025-07-04T09:07:10","date_gmt":"2025-07-04T07:07:10","guid":{"rendered":"https:\/\/masgemerrv.sk\/?page_id=2034"},"modified":"2025-07-04T12:38:11","modified_gmt":"2025-07-04T10:38:11","slug":"projekty-uzivatelov-2","status":"publish","type":"page","link":"https:\/\/masgemerrv.sk\/index.php\/projekty-uzivatelov-2\/","title":{"rendered":"Projekty u\u017e\u00edvate\u013eov &#8211; programov\u00e9 obdobie 2014 &#8211; 2022"},"content":{"rendered":"\n<p><\/p>\n\n\n\n<h4 class=\"wp-block-heading\"><a href=\"https:\/\/masgemerrv.sk\/index.php\/2044-2\/\" data-type=\"page\" data-id=\"2044\"><strong>Obec Brzot\u00edn &#8211;<\/strong> <strong>V\u00fdstavba parkoviska pri autobusovej zast\u00e1vke v obci Brzot\u00edn<\/strong><\/a><\/h4>\n\n\n\n<h4 class=\"wp-block-heading\"><a href=\"https:\/\/masgemerrv.sk\/index.php\/mesto-roznava-modernizacia-a-rekonstrukcia-autobusovych-zastavok-v-meste-roznava\/\" data-type=\"page\" data-id=\"2048\"><strong>Mesto Ro\u017e\u0148ava &#8211; Moderniz\u00e1cia a rekon\u0161trukcia autobusov\u00fdch zast\u00e1vok v meste Ro\u017e\u0148ava<\/strong><\/a><\/h4>\n\n\n\n<h4 class=\"wp-block-heading\"><a href=\"https:\/\/masgemerrv.sk\/index.php\/mesto-roznava-vystavba-a-rekonstrukcia-parkovisk-v-meste-roznava\/\" data-type=\"page\" data-id=\"2055\"><strong>Mesto Ro\u017e\u0148ava &#8211; V\u00fdstavba a rekon\u0161trukcia parkov\u00edsk<\/strong><\/a><\/h4>\n\n\n\n<h4 class=\"wp-block-heading\"><a href=\"https:\/\/masgemerrv.sk\/index.php\/wexim-plus-s-r-o-vybavenie-autoservisu\/\" data-type=\"page\" data-id=\"2060\"><strong>Wexim plus s.r.o. &#8211; Vybavenie autoservisu<\/strong><\/a><\/h4>\n\n\n\n<h4 class=\"wp-block-heading\"><a href=\"https:\/\/masgemerrv.sk\/index.php\/buzgo-s-r-o-vyrobky-z-dreva-prutia-a-supolia-buzgo-infopoint\/\" data-type=\"page\" data-id=\"2065\"><strong>Buzg\u00f3 &#8211; V\u00fdrobky z dreva, pr\u00fatia a \u0161\u00fapolia &#8211; BUZG\u00d3 infopoint<\/strong><\/a><\/h4>\n\n\n\n<h4 class=\"wp-block-heading\"><a href=\"https:\/\/masgemerrv.sk\/index.php\/monika-repassyova-polovnicky-a-vyhliadkovy-posed-s-moznostou-prespania-a-oddychu\/\" data-type=\"page\" data-id=\"2069\"><strong>Monika R\u00e9passyov\u00e1 &#8211; Po\u013eovn\u00edcky a vyhliadkov\u00fd posed s mo\u017enos\u0165ou prespania a oddychu<\/strong><\/a><\/h4>\n\n\n\n<h4 class=\"wp-block-heading\"><a href=\"https:\/\/masgemerrv.sk\/index.php\/mesto-roznava-stage-roznava\/\" data-type=\"page\" data-id=\"2073\"><strong>Mesto Ro\u017e\u0148ava &#8211; Stage Ro\u017e\u0148ava<\/strong><\/a><\/h4>\n\n\n\n<h4 class=\"wp-block-heading\"><a href=\"https:\/\/masgemerrv.sk\/index.php\/obec-brzotin-multifunkcne-ihrisko-v-obci-brzotin\/\" data-type=\"page\" data-id=\"2077\"><strong>Obec Brzot\u00edn -Multifunk\u010dn\u00e9 ihrisko v obci Brzot\u00edn<\/strong><\/a><\/h4>\n\n\n\n<h4 class=\"wp-block-heading\"><a href=\"https:\/\/masgemerrv.sk\/index.php\/obec-kruzna-budovanie-doplnkovej-infrastruktury-altanok-v-obci-kruzna\/\" data-type=\"page\" data-id=\"2082\"><strong>Obec Kru\u017en\u00e1 &#8211; Budovanie doplnkovej infra\u0161trukt\u00fary &#8211; Alt\u00e1nok v obci Kru\u017en\u00e1<\/strong><\/a><\/h4>\n\n\n\n<h4 class=\"wp-block-heading\"><a href=\"https:\/\/masgemerrv.sk\/index.php\/mrkg-s-r-o-relaxacny-apartman-baronka\/\" data-type=\"page\" data-id=\"2086\"><strong>MRKG, s.r.o. &#8211; Relaxa\u010dn\u00fd apartm\u00e1n BAR\u00d3NKA<\/strong><\/a><\/h4>\n\n\n\n<h4 class=\"wp-block-heading\"><a href=\"https:\/\/masgemerrv.sk\/index.php\/mesto-roznava-zatraktivnenie-oddychovej-zony-v-prirodnej-lokalite-gulyapalag\/\" data-type=\"page\" data-id=\"2090\"><strong>Mesto Ro\u017e\u0148ava &#8211; Zatrakt\u00edvnenie oddychovej z\u00f3ny v pr\u00edrodnej lokalite Gulyapalag<\/strong><\/a><\/h4>\n\n\n\n<h4 class=\"wp-block-heading\"><a href=\"https:\/\/masgemerrv.sk\/index.php\/mrkg-s-r-o-relaxacny-apartman-kontesa\/\" data-type=\"page\" data-id=\"2094\"><strong>MRKG, s.r.o. &#8211; Relaxa\u010dn\u00fd apartm\u00e1n KONTESA<\/strong><\/a><\/h4>\n\n\n\n<h4 class=\"wp-block-heading\"><a href=\"https:\/\/masgemerrv.sk\/index.php\/gemgal-s-r-o-roznava-r-s-p-rozvoj-relaxacnych-a-rekreacnych-cinnosti-v-penzione-u-bieleho-kona\/\" data-type=\"page\" data-id=\"2098\"><strong>GEMGAL s.r.o. Ro\u017e\u0148ava r.s.p. &#8211; Rozvoj relaxa\u010dn\u00fdch a rekrea\u010dn\u00fdch \u010dinnost\u00ed v Penzi\u00f3ne U bieleho ko\u0148a<\/strong><\/a><\/h4>\n\n\n\n<h4 class=\"wp-block-heading\"><a href=\"https:\/\/masgemerrv.sk\/index.php\/obec-paca-obnova-ludoveho-domu-a-okolia\/\" data-type=\"page\" data-id=\"2102\"><strong>Obec Pa\u010da &#8211; Obnova \u013dudov\u00e9ho domu a okolia<\/strong><\/a><\/h4>\n\n\n\n<h4 class=\"wp-block-heading\"><a href=\"https:\/\/masgemerrv.sk\/index.php\/obec-betliar-objav-betliar-novymi-prvkami-turistickej-informacnej-infrastruktury\/\" data-type=\"page\" data-id=\"2106\"><strong>Obec Betliar &#8211; Objav Betliar nov\u00fdmi prvkami turistickej informa\u010dnej infra\u0161trukt\u00fary<\/strong><\/a><\/h4>\n\n\n\n<h4 class=\"wp-block-heading\"><a href=\"https:\/\/masgemerrv.sk\/index.php\/avanturin-betliar-s-r-o-ubytovanie-avanturin-v-betliari\/\" data-type=\"page\" data-id=\"2110\"><strong>Avantur\u00edn Betliar s.r.o. &#8211; Ubytovanie Avantur\u00edn v Betliari<\/strong><\/a><\/h4>\n\n\n\n<h4 class=\"wp-block-heading\"><a href=\"https:\/\/masgemerrv.sk\/index.php\/studio-2006-s-r-o-relaxacny-apartman-grofka\/\" data-type=\"page\" data-id=\"2114\"><strong>Studio 2006, s.r.o. &#8211; Relaxa\u010dn\u00fd apartm\u00e1n GR\u00d3FKA<\/strong><\/a><\/h4>\n\n\n\n<h4 class=\"wp-block-heading\"><a href=\"https:\/\/masgemerrv.sk\/index.php\/tomi-advice-s-r-o-relaxacny-apartman-markiza\/\" data-type=\"page\" data-id=\"2118\"><strong>Tomi Advice s.r.o. &#8211; Relaxa\u010dn\u00fd apartm\u00e1n MARK\u00cdZA<\/strong><\/a><\/h4>\n\n\n\n<h4 class=\"wp-block-heading\"><a href=\"https:\/\/masgemerrv.sk\/index.php\/margita-legnarova-rozvoj-relaxacnych-cinnosti-v-ubytovacom-zariadeni-tri-ruze-exterierovy-saunovy-dom-s-odpocivadlom-a-zastresenou-virivkou\/\" data-type=\"page\" data-id=\"2122\"><strong>Margita Legn\u00e1rov\u00e1 &#8211; Rozvoj relaxa\u010dn\u00fdch \u010dinnost\u00ed v ubytovacom zariaden\u00ed Tri Ru\u017ee &#8211; Exteri\u00e9rov\u00fd saunov\u00fd dom s odpo\u010d\u00edvadlom a zastre\u0161enou v\u00edrivkou<\/strong><\/a><\/h4>\n\n\n\n<h4 class=\"wp-block-heading\"><a href=\"https:\/\/masgemerrv.sk\/index.php\/mikrovak-s-r-o-nakup-uzitkoveho-vozidla-a-privesu-na-prepravu-a-skladovanie-hotovych-jedal-v-spolocnosti-mikrovak\/\" data-type=\"page\" data-id=\"2126\"><strong>Mikrovak s.r.o. &#8211; N\u00e1kup \u00fa\u017eitkov\u00e9ho vozidla a pr\u00edvesu na prepravu a skladovanie hotov\u00fdch jed\u00e1l v spolo\u010dnosti Mikrovak<\/strong><\/a><\/h4>\n\n\n\n<h4 class=\"wp-block-heading\"><a href=\"https:\/\/masgemerrv.sk\/index.php\/mesto-roznava-obnova-povrchu-miestnej-komunikacie-krasnohorska-ul-roznava\/\" data-type=\"page\" data-id=\"2131\"><strong>Mesto Ro\u017e\u0148ava &#8211; Obnova povrchu miestnej komunik\u00e1cie, Kr\u00e1snohorsk\u00e1 ul. Ro\u017e\u0148ava<\/strong><\/a><\/h4>\n\n\n\n<h4 class=\"wp-block-heading\"><a href=\"https:\/\/masgemerrv.sk\/index.php\/obec-jovice-volnocasove-zariadenie-pre-rodiny-s-detmi\/\" data-type=\"page\" data-id=\"2135\"><strong>Obec Jovice &#8211; Vo\u013eno\u010dasov\u00e9 zariadenie pre rodiny s de\u0165mi<\/strong><\/a><\/h4>\n\n\n\n<h4 class=\"wp-block-heading\"><a href=\"https:\/\/masgemerrv.sk\/index.php\/obec-krasnohorska-dlha-luka-komunitne-centrum-grofa-dionyza-andrassyho-v-obci-krasnohorska-dlha-luka\/\" data-type=\"page\" data-id=\"2139\"><strong>Obec Kr\u00e1snohorsk\u00e1 Dlh\u00e1 L\u00faka &#8211; Komunitn\u00e9 centrum gr\u00f3fa Dion\u00fdza Andr\u00e1ssyho v obci Krasnohorsk\u00e1 Dlh\u00e1 L\u00faka<\/strong><\/a><\/h4>\n\n\n\n<h4 class=\"wp-block-heading\"><a href=\"https:\/\/masgemerrv.sk\/index.php\/obec-drnava-obnova-miestnych-komunikacii-v-obci-drnava\/\" data-type=\"page\" data-id=\"2143\"><strong>Obec Drnava &#8211; Obnova miestnych komunik\u00e1ci\u00ed v obci Drnava<\/strong><\/a><\/h4>\n\n\n\n<p><\/p>\n","protected":false},"excerpt":{"rendered":"<p>Obec Brzot\u00edn &#8211; V\u00fdstavba parkoviska pri autobusovej zast\u00e1vke v obci Brzot\u00edn Mesto Ro\u017e\u0148ava &#8211; Moderniz\u00e1cia a rekon\u0161trukcia autobusov\u00fdch zast\u00e1vok v meste Ro\u017e\u0148ava Mesto Ro\u017e\u0148ava &#8211; V\u00fdstavba a rekon\u0161trukcia parkov\u00edsk Wexim plus s.r.o. &#8211; Vybavenie autoservisu Buzg\u00f3 &#8211; V\u00fdrobky z dreva, pr\u00fatia a \u0161\u00fapolia &#8211; BUZG\u00d3 infopoint Monika R\u00e9passyov\u00e1 &#8211; Po\u013eovn\u00edcky a vyhliadkov\u00fd posed s mo\u017enos\u0165ou <a class=\"read-more\" href=\"https:\/\/masgemerrv.sk\/index.php\/projekty-uzivatelov-2\/\">\u010c\u00edta\u0165 viac&#8230;<\/a><\/p>\n","protected":false},"author":1,"featured_media":0,"parent":0,"menu_order":0,"comment_status":"closed","ping_status":"closed","template":"","meta":{"_eb_attr":"","footnotes":""},"class_list":["post-2034","page","type-page","status-publish","hentry"],"_links":{"self":[{"href":"https:\/\/masgemerrv.sk\/index.php\/wp-json\/wp\/v2\/pages\/2034","targetHints":{"allow":["GET"]}}],"collection":[{"href":"https:\/\/masgemerrv.sk\/index.php\/wp-json\/wp\/v2\/pages"}],"about":[{"href":"https:\/\/masgemerrv.sk\/index.php\/wp-json\/wp\/v2\/types\/page"}],"author":[{"embeddable":true,"href":"https:\/\/masgemerrv.sk\/index.php\/wp-json\/wp\/v2\/users\/1"}],"replies":[{"embeddable":true,"href":"https:\/\/masgemerrv.sk\/index.php\/wp-json\/wp\/v2\/comments?post=2034"}],"version-history":[{"count":36,"href":"https:\/\/masgemerrv.sk\/index.php\/wp-json\/wp\/v2\/pages\/2034\/revisions"}],"predecessor-version":[{"id":2146,"href":"https:\/\/masgemerrv.sk\/index.php\/wp-json\/wp\/v2\/pages\/2034\/revisions\/2146"}],"wp:attachment":[{"href":"https:\/\/masgemerrv.sk\/index.php\/wp-json\/wp\/v2\/media?parent=2034"}],"curies":[{"name":"wp","href":"https:\/\/api.w.org\/{rel}","templated":true}]}}