{"id":16,"date":"2018-09-18T08:39:20","date_gmt":"2018-09-18T06:39:20","guid":{"rendered":"http:\/\/masgemerrv.sk\/?page_id=16"},"modified":"2023-06-05T07:30:24","modified_gmt":"2023-06-05T05:30:24","slug":"kontakt","status":"publish","type":"page","link":"https:\/\/masgemerrv.sk\/index.php\/kontakt\/","title":{"rendered":"Kontakt"},"content":{"rendered":"<p>Gy\u00f6rgy Nagy, predseda spr\u00e1vnej rady, \u0161tatut\u00e1r &#8211; info@masgemerrv.sk<br \/>\nIng. J\u00e1n Rus\u0148\u00e1k, projektov\u00fd mana\u017e\u00e9r &#8211; info@masgemerrv.sk<br \/>\nIng. Karin Cseh, ekonomick\u00fd mana\u017e\u00e9r &#8211; k.cseh@agrotradegroup.sk<br \/>\nIng. Lenka Halajov\u00e1, administrat\u00edvny pracovn\u00edk &#8211; l.halajova@masgemerrv.sk<\/p>\n<h4><\/h4>\n<h4><strong>Adresa:<\/strong><\/h4>\n<p>MAS Gemer-Ro\u017e\u0148ava<br \/>\nKr\u00e1snohorsk\u00e1 Dlh\u00e1 L\u00faka 2<br \/>\n049 45 Kr\u00e1snohorsk\u00e1 Dlh\u00e1 L\u00faka<\/p>\n<h4><strong>Mobil:<\/strong><\/h4>\n<p>0907 464 075, 0905 497 042<\/p>\n","protected":false},"excerpt":{"rendered":"<p>Gy\u00f6rgy Nagy, predseda spr\u00e1vnej rady, \u0161tatut\u00e1r &#8211; info@masgemerrv.sk Ing. J\u00e1n Rus\u0148\u00e1k, projektov\u00fd mana\u017e\u00e9r &#8211; info@masgemerrv.sk Ing. Karin Cseh, ekonomick\u00fd mana\u017e\u00e9r &#8211; k.cseh@agrotradegroup.sk Ing. Lenka Halajov\u00e1, administrat\u00edvny pracovn\u00edk &#8211; l.halajova@masgemerrv.sk Adresa: MAS Gemer-Ro\u017e\u0148ava Kr\u00e1snohorsk\u00e1 Dlh\u00e1 L\u00faka 2 049 45 Kr\u00e1snohorsk\u00e1 Dlh\u00e1 L\u00faka Mobil: 0907 464 075, 0905 497 042<\/p>\n","protected":false},"author":1,"featured_media":0,"parent":0,"menu_order":0,"comment_status":"closed","ping_status":"closed","template":"","meta":{"_eb_attr":"","footnotes":""},"class_list":["post-16","page","type-page","status-publish","hentry"],"_links":{"self":[{"href":"https:\/\/masgemerrv.sk\/index.php\/wp-json\/wp\/v2\/pages\/16","targetHints":{"allow":["GET"]}}],"collection":[{"href":"https:\/\/masgemerrv.sk\/index.php\/wp-json\/wp\/v2\/pages"}],"about":[{"href":"https:\/\/masgemerrv.sk\/index.php\/wp-json\/wp\/v2\/types\/page"}],"author":[{"embeddable":true,"href":"https:\/\/masgemerrv.sk\/index.php\/wp-json\/wp\/v2\/users\/1"}],"replies":[{"embeddable":true,"href":"https:\/\/masgemerrv.sk\/index.php\/wp-json\/wp\/v2\/comments?post=16"}],"version-history":[{"count":12,"href":"https:\/\/masgemerrv.sk\/index.php\/wp-json\/wp\/v2\/pages\/16\/revisions"}],"predecessor-version":[{"id":1254,"href":"https:\/\/masgemerrv.sk\/index.php\/wp-json\/wp\/v2\/pages\/16\/revisions\/1254"}],"wp:attachment":[{"href":"https:\/\/masgemerrv.sk\/index.php\/wp-json\/wp\/v2\/media?parent=16"}],"curies":[{"name":"wp","href":"https:\/\/api.w.org\/{rel}","templated":true}]}}