{"id":134,"date":"2018-09-18T10:32:37","date_gmt":"2018-09-18T08:32:37","guid":{"rendered":"http:\/\/masgemerrv.sk\/?page_id=134"},"modified":"2025-06-26T14:17:46","modified_gmt":"2025-06-26T12:17:46","slug":"o-nas","status":"publish","type":"page","link":"https:\/\/masgemerrv.sk\/index.php\/o-nas\/","title":{"rendered":"O n\u00e1s"},"content":{"rendered":"<h3>Zoznam \u010dlenov<\/h3>\n<p><strong>Podnikate\u013esk\u00fd sektor:<\/strong><br \/>\nAGREX s.r.o.<br \/>\nENVILAW s.r.o.<br \/>\nPRO-FOREST\u00a0Ro\u017e\u0148ava s.r.o.<br \/>\nSzTEL s.r.o.<br \/>\nKESKO\u00a0MOBIL s.r.o.<br \/>\nWEXIM\u00a0TRUCK s.r.o.<br \/>\nMargita Legn\u00e1rov\u00e1<br \/>\nZuzana\u00a0N\u00e9meth<br \/>\nMVDR\u00a0Eva Csernokov\u00e1<br \/>\nBUZG\u00d3, s. r. o.<\/p>\n<p><strong>Ob\u010diansky sektor:<\/strong><br \/>\nOb\u010dianske zdru\u017eenie FARMFOODS<br \/>\nTri Ru\u017ee<br \/>\nZdru\u017eenie gemersk\u00fdch remeseln\u00edkov-G\u00f6m\u00f6ri K\u00e9zm\u00fcvesek T\u00e1rsul\u00e1sa<br \/>\nTom\u00e1\u0161 N\u00e9meth, Ing.<br \/>\nKatar\u00edna Rus\u0148\u00e1kov\u00e1, Ing.<br \/>\nViktor Anna, Ing.<br \/>\nJanka Kesziov\u00e1<br \/>\nGemersk\u00e9 region\u00e1lne zdru\u017eenie vlastn\u00edkov ne\u0161t\u00e1tnych lesov<br \/>\nOb\u010dianske zdru\u017eenie spev\u00e1cky zbor &#8222;BERK\u00d6&#8220;<br \/>\nFolkl\u00f3rny s\u00fabor Borosty\u00e1n<\/p>\n<p><strong>Verejn\u00fd sektor:<\/strong><br \/>\nMesto Ro\u017e\u0148ava<br \/>\nObec \u010cu\u010dma<br \/>\nObec Brzot\u00edn<br \/>\nObec Kru\u017en\u00e1<br \/>\nObec\u00a0Jovice<br \/>\nObec Kr\u00e1snohorsk\u00e1 Dlh\u00e1 L\u00faka<br \/>\nObec Lipovn\u00edk<br \/>\nObec Kov\u00e1\u010dov\u00e1<br \/>\nObec Drnava<br \/>\nObec L\u00fa\u010dka<br \/>\nObec B\u00f4rka<br \/>\nObec Kr\u00e1snohorsk\u00e9 Podhradie<br \/>\nObec Pa\u010da<br \/>\nObec Betliar<\/p>\n","protected":false},"excerpt":{"rendered":"<p>Zoznam \u010dlenov Podnikate\u013esk\u00fd sektor: AGREX s.r.o. ENVILAW s.r.o. PRO-FOREST\u00a0Ro\u017e\u0148ava s.r.o. SzTEL s.r.o. KESKO\u00a0MOBIL s.r.o. WEXIM\u00a0TRUCK s.r.o. Margita Legn\u00e1rov\u00e1 Zuzana\u00a0N\u00e9meth MVDR\u00a0Eva Csernokov\u00e1 BUZG\u00d3, s. r. o. Ob\u010diansky sektor: Ob\u010dianske zdru\u017eenie FARMFOODS Tri Ru\u017ee Zdru\u017eenie gemersk\u00fdch remeseln\u00edkov-G\u00f6m\u00f6ri K\u00e9zm\u00fcvesek T\u00e1rsul\u00e1sa Tom\u00e1\u0161 N\u00e9meth, Ing. Katar\u00edna Rus\u0148\u00e1kov\u00e1, Ing. Viktor Anna, Ing. Janka Kesziov\u00e1 Gemersk\u00e9 region\u00e1lne zdru\u017eenie vlastn\u00edkov ne\u0161t\u00e1tnych lesov Ob\u010dianske <a class=\"read-more\" href=\"https:\/\/masgemerrv.sk\/index.php\/o-nas\/\">\u010c\u00edta\u0165 viac&#8230;<\/a><\/p>\n","protected":false},"author":1,"featured_media":0,"parent":0,"menu_order":0,"comment_status":"closed","ping_status":"closed","template":"","meta":{"_eb_attr":"","footnotes":""},"class_list":["post-134","page","type-page","status-publish","hentry"],"_links":{"self":[{"href":"https:\/\/masgemerrv.sk\/index.php\/wp-json\/wp\/v2\/pages\/134","targetHints":{"allow":["GET"]}}],"collection":[{"href":"https:\/\/masgemerrv.sk\/index.php\/wp-json\/wp\/v2\/pages"}],"about":[{"href":"https:\/\/masgemerrv.sk\/index.php\/wp-json\/wp\/v2\/types\/page"}],"author":[{"embeddable":true,"href":"https:\/\/masgemerrv.sk\/index.php\/wp-json\/wp\/v2\/users\/1"}],"replies":[{"embeddable":true,"href":"https:\/\/masgemerrv.sk\/index.php\/wp-json\/wp\/v2\/comments?post=134"}],"version-history":[{"count":6,"href":"https:\/\/masgemerrv.sk\/index.php\/wp-json\/wp\/v2\/pages\/134\/revisions"}],"predecessor-version":[{"id":1928,"href":"https:\/\/masgemerrv.sk\/index.php\/wp-json\/wp\/v2\/pages\/134\/revisions\/1928"}],"wp:attachment":[{"href":"https:\/\/masgemerrv.sk\/index.php\/wp-json\/wp\/v2\/media?parent=134"}],"curies":[{"name":"wp","href":"https:\/\/api.w.org\/{rel}","templated":true}]}}