{"id":13,"date":"2018-09-18T08:39:20","date_gmt":"2018-09-18T06:39:20","guid":{"rendered":"http:\/\/masgemerrv.sk\/?page_id=13"},"modified":"2022-04-29T09:38:15","modified_gmt":"2022-04-29T07:38:15","slug":"podujatia","status":"publish","type":"page","link":"https:\/\/masgemerrv.sk\/index.php\/podujatia\/","title":{"rendered":"Podujatia"},"content":{"rendered":"\n<p><strong>Ov\u010diarsky de\u0148<\/strong> &#8211; Konsk\u00fd dvor, Brzot\u00edn, 7.5.2022<\/p>\n\n\n\n<figure class=\"wp-block-image size-large is-resized\"><img fetchpriority=\"high\" decoding=\"async\" src=\"http:\/\/masgemerrv.sk\/wp-content\/uploads\/2022\/04\/Ovciarsky-den-2022-713x1024.jpg\" alt=\"\" class=\"wp-image-1034\" width=\"535\" height=\"768\" srcset=\"https:\/\/masgemerrv.sk\/wp-content\/uploads\/2022\/04\/Ovciarsky-den-2022-713x1024.jpg 713w, https:\/\/masgemerrv.sk\/wp-content\/uploads\/2022\/04\/Ovciarsky-den-2022-209x300.jpg 209w, https:\/\/masgemerrv.sk\/wp-content\/uploads\/2022\/04\/Ovciarsky-den-2022-768x1104.jpg 768w, https:\/\/masgemerrv.sk\/wp-content\/uploads\/2022\/04\/Ovciarsky-den-2022-1069x1536.jpg 1069w, https:\/\/masgemerrv.sk\/wp-content\/uploads\/2022\/04\/Ovciarsky-den-2022-1425x2048.jpg 1425w, https:\/\/masgemerrv.sk\/wp-content\/uploads\/2022\/04\/Ovciarsky-den-2022-scaled.jpg 1782w\" sizes=\"(max-width: 535px) 100vw, 535px\" \/><\/figure>\n\n\n\n<p><\/p>\n\n\n\n<p><strong><a href=\"https:\/\/www.zupnednikosickehokraja.sk\/roznava\/\">Ro\u017e\u0148ava &#8211; \u017dupn\u00fd de\u0148 Ko\u0161ick\u00e9ho kraja<\/a><\/strong>, 29.4.2022<\/p>\n\n\n\n<figure class=\"wp-block-image size-large\"><a href=\"https:\/\/www.zupnednikosickehokraja.sk\/roznava\/\"><img decoding=\"async\" width=\"526\" height=\"526\" src=\"http:\/\/masgemerrv.sk\/wp-content\/uploads\/2022\/04\/Zupne_dni_Gemer.jpg\" alt=\"\" class=\"wp-image-1035\" srcset=\"https:\/\/masgemerrv.sk\/wp-content\/uploads\/2022\/04\/Zupne_dni_Gemer.jpg 526w, https:\/\/masgemerrv.sk\/wp-content\/uploads\/2022\/04\/Zupne_dni_Gemer-300x300.jpg 300w, https:\/\/masgemerrv.sk\/wp-content\/uploads\/2022\/04\/Zupne_dni_Gemer-150x150.jpg 150w\" sizes=\"(max-width: 526px) 100vw, 526px\" \/><\/a><\/figure>\n","protected":false},"excerpt":{"rendered":"<p>Ov\u010diarsky de\u0148 &#8211; Konsk\u00fd dvor, Brzot\u00edn, 7.5.2022 Ro\u017e\u0148ava &#8211; \u017dupn\u00fd de\u0148 Ko\u0161ick\u00e9ho kraja, 29.4.2022<\/p>\n","protected":false},"author":1,"featured_media":0,"parent":0,"menu_order":0,"comment_status":"closed","ping_status":"closed","template":"","meta":{"_eb_attr":"","footnotes":""},"class_list":["post-13","page","type-page","status-publish","hentry"],"_links":{"self":[{"href":"https:\/\/masgemerrv.sk\/index.php\/wp-json\/wp\/v2\/pages\/13","targetHints":{"allow":["GET"]}}],"collection":[{"href":"https:\/\/masgemerrv.sk\/index.php\/wp-json\/wp\/v2\/pages"}],"about":[{"href":"https:\/\/masgemerrv.sk\/index.php\/wp-json\/wp\/v2\/types\/page"}],"author":[{"embeddable":true,"href":"https:\/\/masgemerrv.sk\/index.php\/wp-json\/wp\/v2\/users\/1"}],"replies":[{"embeddable":true,"href":"https:\/\/masgemerrv.sk\/index.php\/wp-json\/wp\/v2\/comments?post=13"}],"version-history":[{"count":20,"href":"https:\/\/masgemerrv.sk\/index.php\/wp-json\/wp\/v2\/pages\/13\/revisions"}],"predecessor-version":[{"id":1048,"href":"https:\/\/masgemerrv.sk\/index.php\/wp-json\/wp\/v2\/pages\/13\/revisions\/1048"}],"wp:attachment":[{"href":"https:\/\/masgemerrv.sk\/index.php\/wp-json\/wp\/v2\/media?parent=13"}],"curies":[{"name":"wp","href":"https:\/\/api.w.org\/{rel}","templated":true}]}}