{"id":122,"date":"2018-09-18T09:41:46","date_gmt":"2018-09-18T07:41:46","guid":{"rendered":"http:\/\/masgemerrv.sk\/?page_id=122"},"modified":"2019-02-05T08:29:51","modified_gmt":"2019-02-05T07:29:51","slug":"vitajte-na-webe-mas-gemer-roznava","status":"publish","type":"page","link":"https:\/\/masgemerrv.sk\/","title":{"rendered":"Vitajte na webe MAS Gemer-Ro\u017e\u0148ava"},"content":{"rendered":"<h6 class=\"sa_slogan\">Sme zdru\u017eenie podnikate\u013eov, obyvate\u013eov, neziskov\u00fdch organiz\u00e1ci\u00ed, obc\u00ed a z\u00e1ujmov\u00fdch skup\u00edn v regi\u00f3ne.<\/h6>\n<p>&nbsp;<\/p>\n<h3><strong>\u010co chceme docieli\u0165?\u00a0<\/strong><\/h3>\n<ol>\n<li>Pril\u00e1ka\u0165 turistov do regi\u00f3nu skvalitnen\u00edm, dobudovan\u00edm a zvidite\u013enen\u00edm pr\u00edrodn\u00e9ho, historick\u00e9ho a\u00a0\u013eudsk\u00e9ho potenci\u00e1lu n\u00e1\u0161ho \u00fazemia, skvalitni\u0165 slu\u017eby a\u00a0zatrakt\u00edvni\u0165 regi\u00f3n.<\/li>\n<li>Skvalitni\u0165 kult\u00farno-spolo\u010densk\u00fd \u017eivot na \u00fazem\u00ed MAS zainterestovan\u00edm \u010do naj\u0161ir\u0161\u00edch vrstiev obyvate\u013estva a\u00a0organiz\u00e1cia podujat\u00ed s\u00a0nadregion\u00e1lnym v\u00fdznamom so zapojen\u00edm marginalizovan\u00fdch skup\u00edn.<\/li>\n<li>Vytv\u00e1ra\u0165 r\u00f4zne partnerstv\u00e1 s\u00a0in\u00fdmi dobre funguj\u00facimi podobn\u00fdmi zdru\u017eeniami za \u00fa\u010delom n\u00e1padov, podnetov a\u00a0propag\u00e1cie regi\u00f3nu.<\/li>\n<\/ol>\n<p>M\u00e1te z\u00e1ujem sta\u0165 sa na\u0161\u00edm nov\u00fdm \u010dlenom a\u00a0zatrakt\u00edv\u0148ova\u0165 n\u00e1\u0161 regi\u00f3n? Alebo m\u00e1te skvel\u00e9 n\u00e1pady, ktor\u00fdmi n\u00e1m chcete pom\u00f4c\u0165?<\/p>\n<p><a href=\"http:\/\/masgemerrv.sk\/index.php\/kontakt\/\"><strong>Kontaktujte n\u00e1s!<\/strong><\/a><\/p>\n<p><a href=\"http:\/\/masgemerrv.sk\/wp-content\/uploads\/2018\/09\/2231_eurokompas-2018-priloha-pamiatky.pdf\"><img fetchpriority=\"high\" decoding=\"async\" class=\"size-medium wp-image-201 alignleft\" src=\"http:\/\/masgemerrv.sk\/wp-content\/uploads\/2018\/09\/Clipboard01-212x300.jpg\" alt=\"\" width=\"212\" height=\"300\" srcset=\"https:\/\/masgemerrv.sk\/wp-content\/uploads\/2018\/09\/Clipboard01-212x300.jpg 212w, https:\/\/masgemerrv.sk\/wp-content\/uploads\/2018\/09\/Clipboard01.jpg 452w\" sizes=\"(max-width: 212px) 100vw, 212px\" \/><\/a><\/p>\n<p>&nbsp;<\/p>\n<p>&nbsp;<\/p>\n<p>&nbsp;<\/p>\n<p>&nbsp;<\/p>\n<p>&nbsp;<\/p>\n<p>&nbsp;<\/p>\n<p>&nbsp;<\/p>\n<p><img decoding=\"async\" class=\"size-medium wp-image-310 alignnone\" src=\"http:\/\/masgemerrv.sk\/wp-content\/uploads\/2019\/02\/logo-300x214.jpg\" alt=\"\" width=\"300\" height=\"214\" srcset=\"https:\/\/masgemerrv.sk\/wp-content\/uploads\/2019\/02\/logo-300x214.jpg 300w, https:\/\/masgemerrv.sk\/wp-content\/uploads\/2019\/02\/logo.jpg 739w\" sizes=\"(max-width: 300px) 100vw, 300px\" \/><\/p>\n<p><img decoding=\"async\" class=\"wp-image-303 alignleft\" src=\"http:\/\/masgemerrv.sk\/wp-content\/uploads\/2019\/02\/2-LEADER-300x298.jpg\" alt=\"\" width=\"100\" height=\"99\" srcset=\"https:\/\/masgemerrv.sk\/wp-content\/uploads\/2019\/02\/2-LEADER-300x298.jpg 300w, https:\/\/masgemerrv.sk\/wp-content\/uploads\/2019\/02\/2-LEADER-150x150.jpg 150w, https:\/\/masgemerrv.sk\/wp-content\/uploads\/2019\/02\/2-LEADER.jpg 646w\" sizes=\"(max-width: 100px) 100vw, 100px\" \/><img loading=\"lazy\" decoding=\"async\" class=\"wp-image-304 alignleft\" src=\"http:\/\/masgemerrv.sk\/wp-content\/uploads\/2019\/02\/logo-PRV-2014-2020_verzia-01-269x300.png\" alt=\"\" width=\"90\" height=\"100\" srcset=\"https:\/\/masgemerrv.sk\/wp-content\/uploads\/2019\/02\/logo-PRV-2014-2020_verzia-01-269x300.png 269w, https:\/\/masgemerrv.sk\/wp-content\/uploads\/2019\/02\/logo-PRV-2014-2020_verzia-01-768x858.png 768w, https:\/\/masgemerrv.sk\/wp-content\/uploads\/2019\/02\/logo-PRV-2014-2020_verzia-01-917x1024.png 917w, https:\/\/masgemerrv.sk\/wp-content\/uploads\/2019\/02\/logo-PRV-2014-2020_verzia-01.png 960w\" sizes=\"(max-width: 90px) 100vw, 90px\" \/><img loading=\"lazy\" decoding=\"async\" class=\"wp-image-305 alignleft\" src=\"http:\/\/masgemerrv.sk\/wp-content\/uploads\/2019\/02\/Schr\u00e1nka01.jpg\" alt=\"\" width=\"118\" height=\"100\" \/>\u00a0\u00a0\u00a0 <img loading=\"lazy\" decoding=\"async\" class=\"alignleft wp-image-83\" src=\"http:\/\/masgemerrv.sk\/wp-content\/uploads\/2018\/09\/MAS-logo_nov\u00e9-02-300x213.png\" alt=\"\" width=\"138\" height=\"98\" \/><\/p>\n","protected":false},"excerpt":{"rendered":"<p>Sme zdru\u017eenie podnikate\u013eov, obyvate\u013eov, neziskov\u00fdch organiz\u00e1ci\u00ed, obc\u00ed a z\u00e1ujmov\u00fdch skup\u00edn v regi\u00f3ne. &nbsp; \u010co chceme docieli\u0165?\u00a0 Pril\u00e1ka\u0165 turistov do regi\u00f3nu skvalitnen\u00edm, dobudovan\u00edm a zvidite\u013enen\u00edm pr\u00edrodn\u00e9ho, historick\u00e9ho a\u00a0\u013eudsk\u00e9ho potenci\u00e1lu n\u00e1\u0161ho \u00fazemia, skvalitni\u0165 slu\u017eby a\u00a0zatrakt\u00edvni\u0165 regi\u00f3n. Skvalitni\u0165 kult\u00farno-spolo\u010densk\u00fd \u017eivot na \u00fazem\u00ed MAS zainterestovan\u00edm \u010do naj\u0161ir\u0161\u00edch vrstiev obyvate\u013estva a\u00a0organiz\u00e1cia podujat\u00ed s\u00a0nadregion\u00e1lnym v\u00fdznamom so zapojen\u00edm marginalizovan\u00fdch skup\u00edn. Vytv\u00e1ra\u0165 r\u00f4zne <a class=\"read-more\" href=\"https:\/\/masgemerrv.sk\/\">\u010c\u00edta\u0165 viac&#8230;<\/a><\/p>\n","protected":false},"author":1,"featured_media":0,"parent":0,"menu_order":0,"comment_status":"closed","ping_status":"closed","template":"","meta":{"_eb_attr":"","footnotes":""},"class_list":["post-122","page","type-page","status-publish","hentry"],"_links":{"self":[{"href":"https:\/\/masgemerrv.sk\/index.php\/wp-json\/wp\/v2\/pages\/122","targetHints":{"allow":["GET"]}}],"collection":[{"href":"https:\/\/masgemerrv.sk\/index.php\/wp-json\/wp\/v2\/pages"}],"about":[{"href":"https:\/\/masgemerrv.sk\/index.php\/wp-json\/wp\/v2\/types\/page"}],"author":[{"embeddable":true,"href":"https:\/\/masgemerrv.sk\/index.php\/wp-json\/wp\/v2\/users\/1"}],"replies":[{"embeddable":true,"href":"https:\/\/masgemerrv.sk\/index.php\/wp-json\/wp\/v2\/comments?post=122"}],"version-history":[{"count":16,"href":"https:\/\/masgemerrv.sk\/index.php\/wp-json\/wp\/v2\/pages\/122\/revisions"}],"predecessor-version":[{"id":1885,"href":"https:\/\/masgemerrv.sk\/index.php\/wp-json\/wp\/v2\/pages\/122\/revisions\/1885"}],"wp:attachment":[{"href":"https:\/\/masgemerrv.sk\/index.php\/wp-json\/wp\/v2\/media?parent=122"}],"curies":[{"name":"wp","href":"https:\/\/api.w.org\/{rel}","templated":true}]}}