{"id":1127,"date":"2023-03-17T14:27:10","date_gmt":"2023-03-17T13:27:10","guid":{"rendered":"http:\/\/masgemerrv.sk\/?page_id=1127"},"modified":"2023-03-17T14:40:12","modified_gmt":"2023-03-17T13:40:12","slug":"vyberove-konanie-odborny-administrativny-asistent-mas-od-aprila-2023","status":"publish","type":"page","link":"https:\/\/masgemerrv.sk\/index.php\/vyberove-konanie-odborny-administrativny-asistent-mas-od-aprila-2023\/","title":{"rendered":"V\u00fdberov\u00e9 konanie \u2013 Odborn\u00fd administrat\u00edvny asistent MAS od apr\u00edla 2023"},"content":{"rendered":"\n<p>V\u00fdberov\u00e9 konanie na obsadenie pracovn\u00e9ho miesta: <strong>Odborn\u00fd administrat\u00edvny asistent MAS<\/strong><\/p>\n\n\n\n<p>D\u00e1tum zverejnenia 13.3.2023<\/p>\n\n\n\n<p><strong>Opis pracovnej poz\u00edcie:<\/strong><\/p>\n\n\n\n<p><strong>Pracovn\u00e1 zmluva\u00a0<\/strong>na 6 hodinov\u00fd \u00fav\u00e4zok od 1.4.2023 na neur\u010dito<\/p>\n\n\n\n<p><strong>Hrub\u00e1 mzda:<\/strong> 706,00 EUR &nbsp;&nbsp;<\/p>\n\n\n\n<p><strong>Pracovn\u00e1 doba:<\/strong>&nbsp;pondelok \u2013 piatok od 7:00 do 13:30 h (vr\u00e1tane \u00bd h obed\u0148aj\u0161ej prest\u00e1vky)<\/p>\n\n\n\n<p><strong>Miesto v\u00fdkonu pr\u00e1ce:&nbsp;<\/strong>Ro\u017e\u0148ava, Kr\u00e1snohorsk\u00e1 Dlh\u00e1 L\u00faka<br><strong>Term\u00edn n\u00e1stupu do zamestnania<\/strong>:&nbsp;03. apr\u00edla 2023<\/p>\n\n\n\n<div class=\"wp-block-file\"><a href=\"http:\/\/masgemerrv.sk\/wp-content\/uploads\/2023\/03\/Opis_prace_vyberove_konanie_admin.-pracovnik_MAS_Gemer-Roznava-2023.docx\">Bli\u017e\u0161ie inform\u00e1cie a po\u017eiadavky na zamestnanca na stiahnutie <\/a><a href=\"http:\/\/masgemerrv.sk\/wp-content\/uploads\/2023\/03\/Opis_prace_vyberove_konanie_admin.-pracovnik_MAS_Gemer-Roznava-2023.docx\" class=\"wp-block-file__button\" download>Download<\/a><\/div>\n","protected":false},"excerpt":{"rendered":"<p>V\u00fdberov\u00e9 konanie na obsadenie pracovn\u00e9ho miesta: Odborn\u00fd administrat\u00edvny asistent MAS D\u00e1tum zverejnenia 13.3.2023 Opis pracovnej poz\u00edcie: Pracovn\u00e1 zmluva\u00a0na 6 hodinov\u00fd \u00fav\u00e4zok od 1.4.2023 na neur\u010dito Hrub\u00e1 mzda: 706,00 EUR &nbsp;&nbsp; Pracovn\u00e1 doba:&nbsp;pondelok \u2013 piatok od 7:00 do 13:30 h (vr\u00e1tane \u00bd h obed\u0148aj\u0161ej prest\u00e1vky) Miesto v\u00fdkonu pr\u00e1ce:&nbsp;Ro\u017e\u0148ava, Kr\u00e1snohorsk\u00e1 Dlh\u00e1 L\u00fakaTerm\u00edn n\u00e1stupu do zamestnania:&nbsp;03. apr\u00edla 2023<\/p>\n","protected":false},"author":1,"featured_media":0,"parent":0,"menu_order":0,"comment_status":"closed","ping_status":"closed","template":"","meta":{"_eb_attr":"","footnotes":""},"class_list":["post-1127","page","type-page","status-publish","hentry"],"_links":{"self":[{"href":"https:\/\/masgemerrv.sk\/index.php\/wp-json\/wp\/v2\/pages\/1127","targetHints":{"allow":["GET"]}}],"collection":[{"href":"https:\/\/masgemerrv.sk\/index.php\/wp-json\/wp\/v2\/pages"}],"about":[{"href":"https:\/\/masgemerrv.sk\/index.php\/wp-json\/wp\/v2\/types\/page"}],"author":[{"embeddable":true,"href":"https:\/\/masgemerrv.sk\/index.php\/wp-json\/wp\/v2\/users\/1"}],"replies":[{"embeddable":true,"href":"https:\/\/masgemerrv.sk\/index.php\/wp-json\/wp\/v2\/comments?post=1127"}],"version-history":[{"count":3,"href":"https:\/\/masgemerrv.sk\/index.php\/wp-json\/wp\/v2\/pages\/1127\/revisions"}],"predecessor-version":[{"id":1132,"href":"https:\/\/masgemerrv.sk\/index.php\/wp-json\/wp\/v2\/pages\/1127\/revisions\/1132"}],"wp:attachment":[{"href":"https:\/\/masgemerrv.sk\/index.php\/wp-json\/wp\/v2\/media?parent=1127"}],"curies":[{"name":"wp","href":"https:\/\/api.w.org\/{rel}","templated":true}]}}