{"id":1108,"date":"2022-12-23T12:00:27","date_gmt":"2022-12-23T11:00:27","guid":{"rendered":"http:\/\/masgemerrv.sk\/?page_id=1108"},"modified":"2022-12-23T12:00:27","modified_gmt":"2022-12-23T11:00:27","slug":"vyberove-konanie-administrativny-pracovnik-mas-od-jan-2022","status":"publish","type":"page","link":"https:\/\/masgemerrv.sk\/index.php\/vyberove-konanie-administrativny-pracovnik-mas-od-jan-2022\/","title":{"rendered":"V\u00fdberov\u00e9 konanie &#8211; administrat\u00edvny pracovn\u00edk MAS od jan. 2022"},"content":{"rendered":"\n<p>V\u00fdberov\u00e9 konanie na obsadenie pracovn\u00e9ho miesta: <strong>Administrat\u00edvny pracovn\u00edk MAS<\/strong><\/p>\n\n\n\n<p>D\u00e1tum zverejnenia 13.12.2021<\/p>\n\n\n\n<p><br><\/p>\n\n\n\n<p><strong>Opis pracovnej poz\u00edcie:<\/strong><\/p>\n\n\n\n<p><strong>Pracovn\u00e1 zmluva&nbsp;<\/strong>na 6 hodinov\u00fd \u00fav\u00e4zok od 17.01.2022 do 31.12.2023<\/p>\n\n\n\n<p><strong>Hrub\u00e1 mzda:<\/strong> 555,00 EUR &nbsp;&nbsp;<\/p>\n\n\n\n<p><strong>Pracovn\u00e1 doba:<\/strong>&nbsp;pondelok \u2013 piatok od 9:00 do 15:30 h (vr\u00e1tane \u00bd h obed\u0148aj\u0161ej prest\u00e1vky)<\/p>\n\n\n\n<p><strong>Miesto v\u00fdkonu pr\u00e1ce: <\/strong>Ro\u017e\u0148ava, Kr\u00e1snohorsk\u00e1 Dlh\u00e1 L\u00faka<br><\/p>\n\n\n\n<p><strong>Uz\u00e1vierka na predkladanie \u017eiadost\u00ed:<\/strong><\/p>\n\n\n\n<p>09.01.2022<\/p>\n\n\n\n<p><strong>Term\u00edn n\u00e1stupu do zamestnania:<\/strong><\/p>\n\n\n\n<p>17. janu\u00e1ra 2022<\/p>\n\n\n\n<p><\/p>\n\n\n\n<p><\/p>\n\n\n\n<div class=\"wp-block-file\"><a href=\"http:\/\/masgemerrv.sk\/wp-content\/uploads\/2021\/12\/Vyberove_konanie_admin.-pracovnik_MAS_Gemer-Roznava.pdf\"><strong><em>Bli\u017e\u0161ie inform\u00e1cie a po\u017eiadavky na zamestnanca na stiahnutie<\/em><\/strong><\/a><a href=\"http:\/\/masgemerrv.sk\/wp-content\/uploads\/2021\/12\/Vyberove_konanie_admin.-pracovnik_MAS_Gemer-Roznava.pdf\" class=\"wp-block-file__button\" download>Stiahnu\u0165<\/a><\/div>\n\n\n\n<p><\/p>\n","protected":false},"excerpt":{"rendered":"<p>V\u00fdberov\u00e9 konanie na obsadenie pracovn\u00e9ho miesta: Administrat\u00edvny pracovn\u00edk MAS D\u00e1tum zverejnenia 13.12.2021 Opis pracovnej poz\u00edcie: Pracovn\u00e1 zmluva&nbsp;na 6 hodinov\u00fd \u00fav\u00e4zok od 17.01.2022 do 31.12.2023 Hrub\u00e1 mzda: 555,00 EUR &nbsp;&nbsp; Pracovn\u00e1 doba:&nbsp;pondelok \u2013 piatok od 9:00 do 15:30 h (vr\u00e1tane \u00bd h obed\u0148aj\u0161ej prest\u00e1vky) Miesto v\u00fdkonu pr\u00e1ce: Ro\u017e\u0148ava, Kr\u00e1snohorsk\u00e1 Dlh\u00e1 L\u00faka Uz\u00e1vierka na predkladanie \u017eiadost\u00ed: 09.01.2022 <a class=\"read-more\" href=\"https:\/\/masgemerrv.sk\/index.php\/vyberove-konanie-administrativny-pracovnik-mas-od-jan-2022\/\">\u010c\u00edta\u0165 viac&#8230;<\/a><\/p>\n","protected":false},"author":1,"featured_media":0,"parent":0,"menu_order":0,"comment_status":"closed","ping_status":"closed","template":"","meta":{"_eb_attr":"","footnotes":""},"class_list":["post-1108","page","type-page","status-publish","hentry"],"_links":{"self":[{"href":"https:\/\/masgemerrv.sk\/index.php\/wp-json\/wp\/v2\/pages\/1108","targetHints":{"allow":["GET"]}}],"collection":[{"href":"https:\/\/masgemerrv.sk\/index.php\/wp-json\/wp\/v2\/pages"}],"about":[{"href":"https:\/\/masgemerrv.sk\/index.php\/wp-json\/wp\/v2\/types\/page"}],"author":[{"embeddable":true,"href":"https:\/\/masgemerrv.sk\/index.php\/wp-json\/wp\/v2\/users\/1"}],"replies":[{"embeddable":true,"href":"https:\/\/masgemerrv.sk\/index.php\/wp-json\/wp\/v2\/comments?post=1108"}],"version-history":[{"count":1,"href":"https:\/\/masgemerrv.sk\/index.php\/wp-json\/wp\/v2\/pages\/1108\/revisions"}],"predecessor-version":[{"id":1110,"href":"https:\/\/masgemerrv.sk\/index.php\/wp-json\/wp\/v2\/pages\/1108\/revisions\/1110"}],"wp:attachment":[{"href":"https:\/\/masgemerrv.sk\/index.php\/wp-json\/wp\/v2\/media?parent=1108"}],"curies":[{"name":"wp","href":"https:\/\/api.w.org\/{rel}","templated":true}]}}