{"id":1097,"date":"2022-07-28T09:00:32","date_gmt":"2022-07-28T07:00:32","guid":{"rendered":"http:\/\/masgemerrv.sk\/?page_id=1097"},"modified":"2022-07-28T09:00:32","modified_gmt":"2022-07-28T07:00:32","slug":"irop-ziadost-o-platbu","status":"publish","type":"page","link":"https:\/\/masgemerrv.sk\/index.php\/irop-ziadost-o-platbu\/","title":{"rendered":"IROP &#8211; \u017eiados\u0165 o platbu"},"content":{"rendered":"\n<div class=\"wp-block-file\"><a href=\"http:\/\/masgemerrv.sk\/wp-content\/uploads\/2022\/07\/ukoncenie_realizacie_definicia_pojmov.docx\">Ukon\u010denie realiz\u00e1cie &#8211; defin\u00edcia pojmov<\/a><a href=\"http:\/\/masgemerrv.sk\/wp-content\/uploads\/2022\/07\/ukoncenie_realizacie_definicia_pojmov.docx\" class=\"wp-block-file__button\" download>Stiahnu\u0165<\/a><\/div>\n\n\n\n<div class=\"wp-block-file\"><a href=\"http:\/\/masgemerrv.sk\/wp-content\/uploads\/2022\/07\/Pokyny-k-ZoP_Uzivatel-na-MAS.docx\">Pokyny k \u017doP &#8211; U\u017e\u00edvate\u013e na MAS<\/a><a href=\"http:\/\/masgemerrv.sk\/wp-content\/uploads\/2022\/07\/Pokyny-k-ZoP_Uzivatel-na-MAS.docx\" class=\"wp-block-file__button\" download>Stiahnu\u0165<\/a><\/div>\n\n\n\n<div class=\"wp-block-file\"><a href=\"http:\/\/masgemerrv.sk\/wp-content\/uploads\/2022\/07\/ZoP_Uzivatel-na-MAS.xlsx\">\u017doP (\u017eiados\u0165 o platbu) na MAS<\/a><a href=\"http:\/\/masgemerrv.sk\/wp-content\/uploads\/2022\/07\/ZoP_Uzivatel-na-MAS.xlsx\" class=\"wp-block-file__button\" download>Stiahnu\u0165<\/a><\/div>\n\n\n\n<div class=\"wp-block-file\"><a href=\"http:\/\/masgemerrv.sk\/wp-content\/uploads\/2022\/07\/Ziadost_o_platbu_zoznam_priloh.docx\">\u017doP &#8211; zoznam pr\u00edloh<\/a><a href=\"http:\/\/masgemerrv.sk\/wp-content\/uploads\/2022\/07\/Ziadost_o_platbu_zoznam_priloh.docx\" class=\"wp-block-file__button\" download>Stiahnu\u0165<\/a><\/div>\n\n\n\n<div class=\"wp-block-file\"><a href=\"http:\/\/masgemerrv.sk\/wp-content\/uploads\/2022\/07\/Priloha_Hlasenie_ukoncenia_realizacie_word.docx\">Pr\u00edloha &#8211; Hl\u00e1senie ukon\u010denia realiz\u00e1cie<\/a><a href=\"http:\/\/masgemerrv.sk\/wp-content\/uploads\/2022\/07\/Priloha_Hlasenie_ukoncenia_realizacie_word.docx\" class=\"wp-block-file__button\" download>Stiahnu\u0165<\/a><\/div>\n\n\n\n<p><\/p>\n","protected":false},"excerpt":{"rendered":"","protected":false},"author":1,"featured_media":0,"parent":0,"menu_order":0,"comment_status":"closed","ping_status":"closed","template":"","meta":{"_eb_attr":"","footnotes":""},"class_list":["post-1097","page","type-page","status-publish","hentry"],"_links":{"self":[{"href":"https:\/\/masgemerrv.sk\/index.php\/wp-json\/wp\/v2\/pages\/1097","targetHints":{"allow":["GET"]}}],"collection":[{"href":"https:\/\/masgemerrv.sk\/index.php\/wp-json\/wp\/v2\/pages"}],"about":[{"href":"https:\/\/masgemerrv.sk\/index.php\/wp-json\/wp\/v2\/types\/page"}],"author":[{"embeddable":true,"href":"https:\/\/masgemerrv.sk\/index.php\/wp-json\/wp\/v2\/users\/1"}],"replies":[{"embeddable":true,"href":"https:\/\/masgemerrv.sk\/index.php\/wp-json\/wp\/v2\/comments?post=1097"}],"version-history":[{"count":1,"href":"https:\/\/masgemerrv.sk\/index.php\/wp-json\/wp\/v2\/pages\/1097\/revisions"}],"predecessor-version":[{"id":1103,"href":"https:\/\/masgemerrv.sk\/index.php\/wp-json\/wp\/v2\/pages\/1097\/revisions\/1103"}],"wp:attachment":[{"href":"https:\/\/masgemerrv.sk\/index.php\/wp-json\/wp\/v2\/media?parent=1097"}],"curies":[{"name":"wp","href":"https:\/\/api.w.org\/{rel}","templated":true}]}}