{"id":1030,"date":"2022-04-29T09:00:26","date_gmt":"2022-04-29T07:00:26","guid":{"rendered":"http:\/\/masgemerrv.sk\/?page_id=1030"},"modified":"2022-04-29T09:42:55","modified_gmt":"2022-04-29T07:42:55","slug":"archiv-podujati","status":"publish","type":"page","link":"https:\/\/masgemerrv.sk\/index.php\/podujatia\/archiv-podujati\/","title":{"rendered":"Arch\u00edv podujat\u00ed"},"content":{"rendered":"\n<p><strong>Medzin\u00e1rodn\u00fd festival pali\u010dkovanej \u010dipky \u2013 <\/strong>20.-22.9.2019,<br>Miesto: Ro\u017e\u0148ava, Dom tradi\u010dnej kult\u00fary Gemera, info: Val\u00e9ria Munkov\u00e1,&nbsp;<a href=\"mailto:munkova@gos.sk\">munkova@gos.sk<\/a><\/p>\n\n\n\n<p><\/p>\n\n\n\n<p><\/p>\n\n\n\n<p><a href=\"https:\/\/polovnictvo.sk\/803-29-rocnik-celoslovenske-polovnicke-slavnosti-dsh-v-betliari-7-9-2019\"><strong>29. ro\u010dn\u00edk Celoslovensk\u00e9 po\u013eovn\u00edcke sl\u00e1vnosti \u2013 DSH v&nbsp;BETLIARI<\/strong> <\/a>\u2013 7.9.2019<\/p>\n\n\n\n<figure class=\"wp-block-image size-large is-resized\"><img fetchpriority=\"high\" decoding=\"async\" src=\"http:\/\/masgemerrv.sk\/wp-content\/uploads\/2019\/08\/DSH-2019-Betliar-plagat-736x1024.jpg\" alt=\"\" class=\"wp-image-503\" width=\"368\" height=\"512\" srcset=\"https:\/\/masgemerrv.sk\/wp-content\/uploads\/2019\/08\/DSH-2019-Betliar-plagat-736x1024.jpg 736w, https:\/\/masgemerrv.sk\/wp-content\/uploads\/2019\/08\/DSH-2019-Betliar-plagat-216x300.jpg 216w, https:\/\/masgemerrv.sk\/wp-content\/uploads\/2019\/08\/DSH-2019-Betliar-plagat-768x1068.jpg 768w\" sizes=\"(max-width: 368px) 100vw, 368px\" \/><\/figure>\n\n\n\n<p><\/p>\n\n\n\n<p><a href=\"http:\/\/www.gos.sk\/novinky\/gemersky-folklorny-festival-0\"><strong>46. Gemersk\u00fd folkl\u00f3rny festival REJDOV\u00c1<\/strong> <\/a>&#8211; 22.-24. august 2019<\/p>\n\n\n\n<figure class=\"wp-block-image size-large is-resized\"><img decoding=\"async\" src=\"http:\/\/masgemerrv.sk\/wp-content\/uploads\/2019\/08\/rejdova.jpg\" alt=\"\" class=\"wp-image-502\" width=\"335\" height=\"473\" srcset=\"https:\/\/masgemerrv.sk\/wp-content\/uploads\/2019\/08\/rejdova.jpg 446w, https:\/\/masgemerrv.sk\/wp-content\/uploads\/2019\/08\/rejdova-212x300.jpg 212w\" sizes=\"(max-width: 335px) 100vw, 335px\" \/><\/figure>\n\n\n\n<p><\/p>\n\n\n\n<p><a href=\"https:\/\/www.terraincognita.sk\/sk\/na-krasnohorskych-hradnych-hrach-nuda-nehrozi-online-predpredaj?fbclid=IwAR3HfKsRssTzKAUDS_Wobnivlc4N4Blchyw1T-E5CzPhq14ZmC0-rWxrIx8\"><strong>Kr\u00e1snohorsk\u00e9 hradn\u00e9 hry<\/strong><\/a> &#8211; 3. august 2019<\/p>\n\n\n\n<figure class=\"wp-block-image size-large is-resized\"><img decoding=\"async\" src=\"http:\/\/masgemerrv.sk\/wp-content\/uploads\/2019\/08\/kr_hradne_dni-1024x249.jpg\" alt=\"\" class=\"wp-image-501\" width=\"512\" height=\"125\" srcset=\"https:\/\/masgemerrv.sk\/wp-content\/uploads\/2019\/08\/kr_hradne_dni-1024x249.jpg 1024w, https:\/\/masgemerrv.sk\/wp-content\/uploads\/2019\/08\/kr_hradne_dni-300x73.jpg 300w, https:\/\/masgemerrv.sk\/wp-content\/uploads\/2019\/08\/kr_hradne_dni-768x187.jpg 768w, https:\/\/masgemerrv.sk\/wp-content\/uploads\/2019\/08\/kr_hradne_dni.jpg 1200w\" sizes=\"(max-width: 512px) 100vw, 512px\" \/><\/figure>\n\n\n\n<p><\/p>\n\n\n\n<p><strong>Ov\u010diarsky de\u0148 <\/strong>&#8211; 4. m\u00e1ja 2019 Konsk\u00fd dvor v Brzot\u00edne<\/p>\n\n\n\n<figure class=\"wp-block-image size-large is-resized\"><img loading=\"lazy\" decoding=\"async\" src=\"http:\/\/masgemerrv.sk\/wp-content\/uploads\/2019\/05\/001891B2-E6B6-49D6-A74E-CEEE966C49EB-713x1024.jpeg\" alt=\"\" class=\"wp-image-434\" width=\"357\" height=\"512\" srcset=\"https:\/\/masgemerrv.sk\/wp-content\/uploads\/2019\/05\/001891B2-E6B6-49D6-A74E-CEEE966C49EB-713x1024.jpeg 713w, https:\/\/masgemerrv.sk\/wp-content\/uploads\/2019\/05\/001891B2-E6B6-49D6-A74E-CEEE966C49EB-209x300.jpeg 209w, https:\/\/masgemerrv.sk\/wp-content\/uploads\/2019\/05\/001891B2-E6B6-49D6-A74E-CEEE966C49EB-768x1102.jpeg 768w\" sizes=\"(max-width: 357px) 100vw, 357px\" \/><\/figure>\n\n\n\n<p><\/p>\n\n\n\n<p><strong><a href=\"https:\/\/www.snm.sk\/?muzeum-betliar-podujatia&amp;clanok=kvetinovy-a-remeselnicky-trh\">Kvetinov\u00fd a remeseln\u00edcky trh<\/a>,<\/strong> 4.-5. m\u00e1ja 2019 v are\u00e1li ka\u0161tie\u013ea Betliar<\/p>\n\n\n\n<figure class=\"wp-block-image size-large\"><img loading=\"lazy\" decoding=\"async\" width=\"700\" height=\"318\" src=\"http:\/\/masgemerrv.sk\/wp-content\/uploads\/2019\/04\/c_web-snm-kvetinovy-trh-2019.jpg\" alt=\"\" class=\"wp-image-428\" srcset=\"https:\/\/masgemerrv.sk\/wp-content\/uploads\/2019\/04\/c_web-snm-kvetinovy-trh-2019.jpg 700w, https:\/\/masgemerrv.sk\/wp-content\/uploads\/2019\/04\/c_web-snm-kvetinovy-trh-2019-300x136.jpg 300w\" sizes=\"(max-width: 700px) 100vw, 700px\" \/><\/figure>\n\n\n\n<p><\/p>\n\n\n\n<p><strong>Gastrokult\u00farny festival<\/strong> &#8211; 30. apr\u00edla 2019 Hlavn\u00e9 n\u00e1mestie Ro\u017e\u0148avy<\/p>\n\n\n\n<figure class=\"wp-block-image size-large is-resized\"><img loading=\"lazy\" decoding=\"async\" src=\"http:\/\/masgemerrv.sk\/wp-content\/uploads\/2019\/04\/RV_gastrofestival.jpg\" alt=\"\" class=\"wp-image-429\" width=\"440\" height=\"313\" srcset=\"https:\/\/masgemerrv.sk\/wp-content\/uploads\/2019\/04\/RV_gastrofestival.jpg 586w, https:\/\/masgemerrv.sk\/wp-content\/uploads\/2019\/04\/RV_gastrofestival-300x213.jpg 300w\" sizes=\"(max-width: 440px) 100vw, 440px\" \/><\/figure>\n\n\n\n<p><\/p>\n\n\n\n<p><\/p>\n\n\n\n<p><strong>Gastro festival<\/strong> &#8211; 27. apr\u00edla 2019 v Kr\u00e1snohorskej Dlhej L\u00fake<\/p>\n\n\n\n<figure class=\"wp-block-image size-large is-resized\"><img loading=\"lazy\" decoding=\"async\" src=\"http:\/\/masgemerrv.sk\/wp-content\/uploads\/2019\/04\/KDL_gastro_fesztival.jpg\" alt=\"\" class=\"wp-image-430\" width=\"339\" height=\"480\" srcset=\"https:\/\/masgemerrv.sk\/wp-content\/uploads\/2019\/04\/KDL_gastro_fesztival.jpg 678w, https:\/\/masgemerrv.sk\/wp-content\/uploads\/2019\/04\/KDL_gastro_fesztival-212x300.jpg 212w\" sizes=\"(max-width: 339px) 100vw, 339px\" \/><\/figure>\n\n\n\n<p><\/p>\n\n\n\n<p><\/p>\n\n\n\n<p><strong>Dedi\u010dstvo in\u0161piruje<\/strong> &#8211; 26. marca v Dome tradi\u010dnej kult\u00fary Gemera, Ro\u017e\u0148ava<\/p>\n\n\n\n<figure class=\"wp-block-image size-large is-resized\"><img loading=\"lazy\" decoding=\"async\" src=\"http:\/\/masgemerrv.sk\/wp-content\/uploads\/2019\/03\/workshop_pre_dospelych_2-1.jpg\" alt=\"\" class=\"wp-image-388\" width=\"300\" height=\"424\" srcset=\"https:\/\/masgemerrv.sk\/wp-content\/uploads\/2019\/03\/workshop_pre_dospelych_2-1.jpg 600w, https:\/\/masgemerrv.sk\/wp-content\/uploads\/2019\/03\/workshop_pre_dospelych_2-1-212x300.jpg 212w\" sizes=\"(max-width: 300px) 100vw, 300px\" \/><\/figure>\n","protected":false},"excerpt":{"rendered":"<p>Medzin\u00e1rodn\u00fd festival pali\u010dkovanej \u010dipky \u2013 20.-22.9.2019,Miesto: Ro\u017e\u0148ava, Dom tradi\u010dnej kult\u00fary Gemera, info: Val\u00e9ria Munkov\u00e1,&nbsp;munkova@gos.sk 29. ro\u010dn\u00edk Celoslovensk\u00e9 po\u013eovn\u00edcke sl\u00e1vnosti \u2013 DSH v&nbsp;BETLIARI \u2013 7.9.2019 46. Gemersk\u00fd folkl\u00f3rny festival REJDOV\u00c1 &#8211; 22.-24. august 2019 Kr\u00e1snohorsk\u00e9 hradn\u00e9 hry &#8211; 3. august 2019 Ov\u010diarsky de\u0148 &#8211; 4. m\u00e1ja 2019 Konsk\u00fd dvor v Brzot\u00edne Kvetinov\u00fd a remeseln\u00edcky trh, 4.-5. <a class=\"read-more\" href=\"https:\/\/masgemerrv.sk\/index.php\/podujatia\/archiv-podujati\/\">\u010c\u00edta\u0165 viac&#8230;<\/a><\/p>\n","protected":false},"author":1,"featured_media":0,"parent":13,"menu_order":0,"comment_status":"closed","ping_status":"closed","template":"","meta":{"_eb_attr":"","footnotes":""},"class_list":["post-1030","page","type-page","status-publish","hentry"],"_links":{"self":[{"href":"https:\/\/masgemerrv.sk\/index.php\/wp-json\/wp\/v2\/pages\/1030","targetHints":{"allow":["GET"]}}],"collection":[{"href":"https:\/\/masgemerrv.sk\/index.php\/wp-json\/wp\/v2\/pages"}],"about":[{"href":"https:\/\/masgemerrv.sk\/index.php\/wp-json\/wp\/v2\/types\/page"}],"author":[{"embeddable":true,"href":"https:\/\/masgemerrv.sk\/index.php\/wp-json\/wp\/v2\/users\/1"}],"replies":[{"embeddable":true,"href":"https:\/\/masgemerrv.sk\/index.php\/wp-json\/wp\/v2\/comments?post=1030"}],"version-history":[{"count":5,"href":"https:\/\/masgemerrv.sk\/index.php\/wp-json\/wp\/v2\/pages\/1030\/revisions"}],"predecessor-version":[{"id":1049,"href":"https:\/\/masgemerrv.sk\/index.php\/wp-json\/wp\/v2\/pages\/1030\/revisions\/1049"}],"up":[{"embeddable":true,"href":"https:\/\/masgemerrv.sk\/index.php\/wp-json\/wp\/v2\/pages\/13"}],"wp:attachment":[{"href":"https:\/\/masgemerrv.sk\/index.php\/wp-json\/wp\/v2\/media?parent=1030"}],"curies":[{"name":"wp","href":"https:\/\/api.w.org\/{rel}","templated":true}]}}